{"id":984,"date":"2017-01-11T16:02:37","date_gmt":"2017-01-11T15:02:37","guid":{"rendered":"http:\/\/www.blue-angeldust.at\/wp\/?p=984"},"modified":"2024-04-17T10:47:48","modified_gmt":"2024-04-17T08:47:48","slug":"kontakt","status":"publish","type":"page","link":"https:\/\/www.blue-angeldust.at\/wp\/?page_id=984","title":{"rendered":"Kontakt"},"content":{"rendered":"\n<p class=\"has-text-align-left\">&nbsp;<\/p>\n\n\n\n<hr class=\"wp-block-separator has-css-opacity is-style-default\"\/>\n\n\n\n<blockquote class=\"wp-block-quote has-text-align-center is-style-large is-layout-flow wp-block-quote-is-layout-flow\"><div class=\"wp-block-image is-style-default\">\n<figure class=\"aligncenter size-full is-resized\"><img loading=\"lazy\" decoding=\"async\" width=\"512\" height=\"512\" src=\"https:\/\/www.blue-angeldust.at\/wp\/wp-content\/uploads\/2020\/11\/cropped-Blue-angeldust-logo.jpg\" alt=\"\" class=\"wp-image-6550\" style=\"width:137px;height:auto\" srcset=\"https:\/\/www.blue-angeldust.at\/wp\/wp-content\/uploads\/2020\/11\/cropped-Blue-angeldust-logo.jpg 512w, https:\/\/www.blue-angeldust.at\/wp\/wp-content\/uploads\/2020\/11\/cropped-Blue-angeldust-logo-300x300.jpg 300w, https:\/\/www.blue-angeldust.at\/wp\/wp-content\/uploads\/2020\/11\/cropped-Blue-angeldust-logo-150x150.jpg 150w, https:\/\/www.blue-angeldust.at\/wp\/wp-content\/uploads\/2020\/11\/cropped-Blue-angeldust-logo-500x500.jpg 500w, https:\/\/www.blue-angeldust.at\/wp\/wp-content\/uploads\/2020\/11\/cropped-Blue-angeldust-logo-400x400.jpg 400w, https:\/\/www.blue-angeldust.at\/wp\/wp-content\/uploads\/2020\/11\/cropped-Blue-angeldust-logo-270x270.jpg 270w, https:\/\/www.blue-angeldust.at\/wp\/wp-content\/uploads\/2020\/11\/cropped-Blue-angeldust-logo-192x192.jpg 192w, https:\/\/www.blue-angeldust.at\/wp\/wp-content\/uploads\/2020\/11\/cropped-Blue-angeldust-logo-180x180.jpg 180w, https:\/\/www.blue-angeldust.at\/wp\/wp-content\/uploads\/2020\/11\/cropped-Blue-angeldust-logo-32x32.jpg 32w\" sizes=\"auto, (max-width: 512px) 100vw, 512px\" \/><\/figure><\/div>\n\n\n<p class=\"has-medium-font-size\">\u201cDie Welt w\u00e4re ein sch\u00f6nerer Ort, wenn jeder die F\u00e4higkeit h\u00e4tte, so bedingungslos zu lieben wie ein Hund.\u201d<\/p>\n<cite>\u2015M.K.Clinton<\/cite><\/blockquote>\n\n\n\n<hr class=\"wp-block-separator has-css-opacity is-style-default\"\/>\n\n\n\n<figure class=\"wp-block-table\"><table><tbody><tr><td>Yvonne Bachmann<br>4493 Wolfern<br>Ober\u00f6sterreich <\/td><td>E-Mail: blue-angeldust@gmx.at <br>Telefon: + 43 664 35 23 43 6<br>http:\/\/www.blue-angeldust.at<\/td><\/tr><\/tbody><\/table><\/figure>\n","protected":false},"excerpt":{"rendered":"<p>&nbsp; Yvonne Bachmann4493 WolfernOber\u00f6sterreich E-Mail: blue-angeldust@gmx.at Telefon: + 43 664 35 23 43 6http:\/\/www.blue-angeldust.at<\/p>\n","protected":false},"author":1,"featured_media":0,"parent":0,"menu_order":0,"comment_status":"closed","ping_status":"closed","template":"","meta":{"footnotes":""},"class_list":["post-984","page","type-page","status-publish","hentry"],"_links":{"self":[{"href":"https:\/\/www.blue-angeldust.at\/wp\/index.php?rest_route=\/wp\/v2\/pages\/984","targetHints":{"allow":["GET"]}}],"collection":[{"href":"https:\/\/www.blue-angeldust.at\/wp\/index.php?rest_route=\/wp\/v2\/pages"}],"about":[{"href":"https:\/\/www.blue-angeldust.at\/wp\/index.php?rest_route=\/wp\/v2\/types\/page"}],"author":[{"embeddable":true,"href":"https:\/\/www.blue-angeldust.at\/wp\/index.php?rest_route=\/wp\/v2\/users\/1"}],"replies":[{"embeddable":true,"href":"https:\/\/www.blue-angeldust.at\/wp\/index.php?rest_route=%2Fwp%2Fv2%2Fcomments&post=984"}],"version-history":[{"count":20,"href":"https:\/\/www.blue-angeldust.at\/wp\/index.php?rest_route=\/wp\/v2\/pages\/984\/revisions"}],"predecessor-version":[{"id":87683,"href":"https:\/\/www.blue-angeldust.at\/wp\/index.php?rest_route=\/wp\/v2\/pages\/984\/revisions\/87683"}],"wp:attachment":[{"href":"https:\/\/www.blue-angeldust.at\/wp\/index.php?rest_route=%2Fwp%2Fv2%2Fmedia&parent=984"}],"curies":[{"name":"wp","href":"https:\/\/api.w.org\/{rel}","templated":true}]}}