{"id":89366,"date":"2026-05-13T10:04:53","date_gmt":"2026-05-13T08:04:53","guid":{"rendered":"https:\/\/www.blue-angeldust.at\/wp\/?page_id=89366"},"modified":"2026-05-13T10:35:06","modified_gmt":"2026-05-13T08:35:06","slug":"welpentreffen-2026","status":"publish","type":"page","link":"https:\/\/www.blue-angeldust.at\/wp\/?page_id=89366","title":{"rendered":"Welpentreffen 2026"},"content":{"rendered":"\n<figure class=\"wp-block-image size-large\"><img loading=\"lazy\" decoding=\"async\" width=\"1024\" height=\"683\" src=\"https:\/\/www.blue-angeldust.at\/wp\/wp-content\/uploads\/2026\/05\/ChatGPT-Image-13.-Mai-2026-10_11_18-1024x683.png\" alt=\"\" class=\"wp-image-89370\" srcset=\"https:\/\/www.blue-angeldust.at\/wp\/wp-content\/uploads\/2026\/05\/ChatGPT-Image-13.-Mai-2026-10_11_18-1024x683.png 1024w, https:\/\/www.blue-angeldust.at\/wp\/wp-content\/uploads\/2026\/05\/ChatGPT-Image-13.-Mai-2026-10_11_18-300x200.png 300w, https:\/\/www.blue-angeldust.at\/wp\/wp-content\/uploads\/2026\/05\/ChatGPT-Image-13.-Mai-2026-10_11_18-768x512.png 768w, https:\/\/www.blue-angeldust.at\/wp\/wp-content\/uploads\/2026\/05\/ChatGPT-Image-13.-Mai-2026-10_11_18-150x100.png 150w, https:\/\/www.blue-angeldust.at\/wp\/wp-content\/uploads\/2026\/05\/ChatGPT-Image-13.-Mai-2026-10_11_18-225x150.png 225w, https:\/\/www.blue-angeldust.at\/wp\/wp-content\/uploads\/2026\/05\/ChatGPT-Image-13.-Mai-2026-10_11_18.png 1536w\" sizes=\"auto, (max-width: 1024px) 100vw, 1024px\" \/><\/figure>\n\n\n\n<h2 class=\"wp-block-heading\">Wepentreffen 2026 \u2013 Einladung an ALLE W\u00fcrfe<\/h2>\n\n\n\n<p>Wir freuen uns, euch zu unserem gro\u00dfen Wepentreffen 2026 einzuladen!<br>Alle W\u00fcrfe sind herzlich willkommen \u2013 wir freuen uns auf ein gemeinsames Wiedersehen mit euch und euren Hunden.<\/p>\n\n\n\n<p>&#x1f4c5; <strong>Wann:<\/strong> Samstag, 03.10.2026<br>&#x1f551; <strong>Uhrzeit:<\/strong> 14:00 Uhr<\/p>\n\n\n\n<p>&#x1f4cd; <strong>Wo:<\/strong>SV\u00d6 Steyr Gleink<br>M\u00fchlstra\u00dfe 4, 4400 Steyr Gleink (Hundeplatz)<\/p>\n\n\n\n<h3 class=\"wp-block-heading\">Kleine Highlights f\u00fcr euch und eure Hunde<\/h3>\n\n\n\n<p>&#x1f43e; <strong>Professionelles Fotoshooting<\/strong><br>Ein Fotograf wird vor Ort sein und wundersch\u00f6ne Erinnerungsfotos von euch und euren Hunden machen.<\/p>\n\n\n\n<p>&#x1f43e; <strong>Longieren &amp; Hoopers ausprobieren<\/strong><br>Erfahrene Hundetrainer zeigen euch spannende Besch\u00e4ftigungsm\u00f6glichkeiten wie Longieren und Hoopers \u2013 ideal zum gemeinsamen Ausprobieren.<\/p>\n\n\n\n<p>&#x1f43e; <strong>Cavaletti &amp; \u00dcbungen f\u00fcr Hund und Mensch<\/strong><br>Zus\u00e4tzlich gibt es Cavaletti-Training sowie verschiedene \u00dcbungen f\u00fcr euch und eure Hunde.<\/p>\n\n\n\n<p>Alle Aktivit\u00e4ten sind f\u00fcr Hunde jeder Altersgruppe geeignet und k\u00f6nnen ganz unkompliziert ausprobiert werden.<\/p>\n\n\n\n<p>&#x1f374; <strong>Kulinarisch<\/strong> wird sich Roman nat\u00fcrlich auch noch etwas Besonderes einfallen lassen.<\/p>\n\n\n\n<p>Wir freuen uns auf einen tollen gemeinsamen Nachmittag mit vielen bekannten Gesichtern, Spa\u00df und sch\u00f6nen Momenten! &#x1f436; <\/p>\n\n\n\n<p>&#x1f4e9; <strong>Bitte um Anmeldung bei<\/strong> Yvonne Bachmann <strong>bis sp\u00e4testens 26.09.2026<\/strong><\/p>\n","protected":false},"excerpt":{"rendered":"<p>Wepentreffen 2026 \u2013 Einladung an ALLE W\u00fcrfe Wir freuen uns, euch zu unserem gro\u00dfen Wepentreffen 2026 einzuladen!Alle W\u00fcrfe sind herzlich willkommen \u2013 wir freuen uns auf ein gemeinsames Wiedersehen mit euch und euren Hunden. &#x1f4c5; Wann: Samstag, 03.10.2026&#x1f551; Uhrzeit: 14:00 Uhr &#x1f4cd; Wo:SV\u00d6 Steyr GleinkM\u00fchlstra\u00dfe 4, 4400 Steyr Gleink (Hundeplatz) \u2026 <a class=\"continue-reading-link\" href=\"https:\/\/www.blue-angeldust.at\/wp\/?page_id=89366\"> Continue reading <span class=\"meta-nav\">&rarr; <\/span><\/a><\/p>\n","protected":false},"author":1,"featured_media":0,"parent":0,"menu_order":0,"comment_status":"closed","ping_status":"closed","template":"","meta":{"footnotes":""},"class_list":["post-89366","page","type-page","status-publish","hentry"],"_links":{"self":[{"href":"https:\/\/www.blue-angeldust.at\/wp\/index.php?rest_route=\/wp\/v2\/pages\/89366","targetHints":{"allow":["GET"]}}],"collection":[{"href":"https:\/\/www.blue-angeldust.at\/wp\/index.php?rest_route=\/wp\/v2\/pages"}],"about":[{"href":"https:\/\/www.blue-angeldust.at\/wp\/index.php?rest_route=\/wp\/v2\/types\/page"}],"author":[{"embeddable":true,"href":"https:\/\/www.blue-angeldust.at\/wp\/index.php?rest_route=\/wp\/v2\/users\/1"}],"replies":[{"embeddable":true,"href":"https:\/\/www.blue-angeldust.at\/wp\/index.php?rest_route=%2Fwp%2Fv2%2Fcomments&post=89366"}],"version-history":[{"count":3,"href":"https:\/\/www.blue-angeldust.at\/wp\/index.php?rest_route=\/wp\/v2\/pages\/89366\/revisions"}],"predecessor-version":[{"id":89373,"href":"https:\/\/www.blue-angeldust.at\/wp\/index.php?rest_route=\/wp\/v2\/pages\/89366\/revisions\/89373"}],"wp:attachment":[{"href":"https:\/\/www.blue-angeldust.at\/wp\/index.php?rest_route=%2Fwp%2Fv2%2Fmedia&parent=89366"}],"curies":[{"name":"wp","href":"https:\/\/api.w.org\/{rel}","templated":true}]}}