{"id":87045,"date":"2023-04-12T15:07:34","date_gmt":"2023-04-12T13:07:34","guid":{"rendered":"https:\/\/www.blue-angeldust.at\/wp\/?page_id=87045"},"modified":"2025-10-09T12:58:01","modified_gmt":"2025-10-09T10:58:01","slug":"leader-black-widow-of-blue-angeldust","status":"publish","type":"page","link":"https:\/\/www.blue-angeldust.at\/wp\/?page_id=87045","title":{"rendered":"Leader Black Widow of Blue Angeldust"},"content":{"rendered":"\n<figure class=\"wp-block-table\"><table><tbody><tr><td class=\"has-text-align-center\" data-align=\"center\" rowspan=\"25\"><figure> \u00a0<\/figure><img loading=\"lazy\" decoding=\"async\" width=\"350\" height=\"524\" class=\"wp-image-87195\" style=\"width: 350px;\" src=\"https:\/\/www.blue-angeldust.at\/wp\/wp-content\/uploads\/2023\/08\/Widow-1-Jahr-1-scaled.jpg\" alt=\"\" srcset=\"https:\/\/www.blue-angeldust.at\/wp\/wp-content\/uploads\/2023\/08\/Widow-1-Jahr-1-scaled.jpg 1709w, https:\/\/www.blue-angeldust.at\/wp\/wp-content\/uploads\/2023\/08\/Widow-1-Jahr-1-200x300.jpg 200w, https:\/\/www.blue-angeldust.at\/wp\/wp-content\/uploads\/2023\/08\/Widow-1-Jahr-1-684x1024.jpg 684w, https:\/\/www.blue-angeldust.at\/wp\/wp-content\/uploads\/2023\/08\/Widow-1-Jahr-1-768x1151.jpg 768w, https:\/\/www.blue-angeldust.at\/wp\/wp-content\/uploads\/2023\/08\/Widow-1-Jahr-1-1025x1536.jpg 1025w, https:\/\/www.blue-angeldust.at\/wp\/wp-content\/uploads\/2023\/08\/Widow-1-Jahr-1-1367x2048.jpg 1367w, https:\/\/www.blue-angeldust.at\/wp\/wp-content\/uploads\/2023\/08\/Widow-1-Jahr-1-100x150.jpg 100w\" sizes=\"auto, (max-width: 350px) 100vw, 350px\" \/><mark style=\"background-color:#ffffff\" class=\"has-inline-color\"> <\/mark><br><mark style=\"background-color:#ffffff\" class=\"has-inline-color\">Widow\u00b4s Pedigree inkl. Zuchtunterlagen<br><a href=\"https:\/\/www.blue-angeldust.at\/wp\/?p=86411\">Widow\u00b4s Fotogalerie<\/a> <br><a href=\"https:\/\/www.blue-angeldust.at\/wp\/?page_id=88566\">Agility Erfolge FCI\/\u00d6KV Turniere<\/a><br><br><strong>Ausbildung\/Erfolge UO:<\/strong><br>BH VT-\u00d6PO MHT-Pr\u00fcfung mit Auszeichnung<\/mark><a href=\"https:\/\/www.blue-angeldust.at\/wp\/?cat=14\"><br><\/a><a href=\"https:\/\/www.blue-angeldust.at\/wp\/?p=87422\">IBGH1,<\/a> IBGH2,<br>Bezirksmeister 2024 &#8211; 1 Platz in der IBGH1<mark style=\"background-color:#ffffff\" class=\"has-inline-color\"><br><strong>Ausbildung\/Erfolge Agility:<\/strong><br>Intermediate &#8211; LK1<\/mark><br>2024 \u00d6sterr. Meisterschaft &#8211; Vize Meister <br>2024 LM O\u00d6\/Sbg &#8211; <a href=\"https:\/\/www.facebook.com\/bachmann.yvonne.yb\/posts\/27525611137029835\"><mark style=\"background-color:#ffffff\" class=\"has-inline-color\"> <\/mark>Landesmeister<\/a><br><br><strong>Ausstellungsergebnisse:<\/strong><br>ASA Clubshow 2023 &#8211; <a href=\"https:\/\/www.facebook.com\/BlueAngeldust\/posts\/715455337250038?ref=embed_post\" target=\"_blank\" rel=\"noreferrer noopener\">V1 Jugendbester<\/a><br>ASA Clubshow 2023 &#8211; <a href=\"https:\/\/www.facebook.com\/BlueAngeldust\/posts\/715455337250038?ref=embed_post\" target=\"_blank\" rel=\"noreferrer noopener\">BOS<mark style=\"background-color:#ffffff\" class=\"has-inline-color\">\u00a0 <\/mark><\/a><br><div style=\"text-align: center;\"><\/div>\u00d6KV 2023 &#8211; <a href=\"https:\/\/www.facebook.com\/BlueAngeldust\/posts\/781559147306323?ref=embed_post\" target=\"_blank\" rel=\"noreferrer noopener\">V1 Jugendbester<\/a><br>IHA Salzburg &#8211; VV Best Puppy\u00a0<div style=\"text-align: center;\"><\/div><\/td><td>Papiere:<\/td><td>\u00d6KV\/FCI<\/td><\/tr><tr><td class=\"has-text-align-center\" data-align=\"center\">Geb.:<\/td><td>30.07.2022<\/td><\/tr><tr><td class=\"has-text-align-center\" data-align=\"center\">Gr\u00f6\u00dfe:<\/td><td>46 cm<\/td><\/tr><tr><td class=\"has-text-align-center\" data-align=\"center\">Gewicht<\/td><td>17 Kilo<\/td><\/tr><tr><td class=\"has-text-align-center\" data-align=\"center\">Farbe:<\/td><td>Blue Bi<\/td><\/tr><tr><td class=\"has-text-align-center\" data-align=\"center\">HD:<\/td><td>A (frei)<\/td><\/tr><tr><td class=\"has-text-align-center\" data-align=\"center\">ED:<\/td><td>0\/0 (frei)<\/td><\/tr><tr><td class=\"has-text-align-center\" data-align=\"center\">OD,Patella:<\/td><td>0\/0 (frei)<\/td><\/tr><tr><td class=\"has-text-align-center\" data-align=\"center\">L\u00dcW<\/td><td>Typ 0 (frei)<\/td><\/tr><tr><td class=\"has-text-align-center\" data-align=\"center\">Gebiss:<\/td><td>Vollst. Scherrengebiss<\/td><\/tr><tr><td class=\"has-text-align-center\" data-align=\"center\">MDR1:<\/td><td>+\/+ (frei)<\/td><\/tr><tr><td class=\"has-text-align-center\" data-align=\"center\">DM:<\/td><td>+\/+ (frei)<\/td><\/tr><tr><td class=\"has-text-align-center\" data-align=\"center\">PRA:<\/td><td>+\/+ (frei)<\/td><\/tr><tr><td class=\"has-text-align-center\" data-align=\"center\">CEA:<\/td><td>+\/+ (frei)<\/td><\/tr><tr><td class=\"has-text-align-center\" data-align=\"center\">HSF\/HC:<\/td><td>+\/+ (frei)<\/td><\/tr><tr><td class=\"has-text-align-center\" data-align=\"center\">CMR1:<\/td><td>+\/+ (frei)<\/td><\/tr><tr><td class=\"has-text-align-center\" data-align=\"center\">NCL5, 6, 8<\/td><td>+\/+ (frei)<\/td><\/tr><tr><td class=\"has-text-align-center\" data-align=\"center\">VWDI:<\/td><td>+\/+ (frei)<\/td><\/tr><tr><td class=\"has-text-align-center\" data-align=\"center\">IGS:<\/td><td>+\/+ (frei)<\/td><\/tr><tr><td class=\"has-text-align-center\" data-align=\"center\">EIC:<\/td><td>+\/+ (frei)<\/td><\/tr><tr><td class=\"has-text-align-center\" data-align=\"center\">M-Lokus:<\/td><td>m\/M (267)<\/td><\/tr><tr><td class=\"has-text-align-center\" data-align=\"center\">B-Lokus:<\/td><td>rot tr\u00e4ger<\/td><\/tr><tr><td class=\"has-text-align-center\" data-align=\"center\">D-Lokus:<\/td><td>+\/+ (frei kein Farbverd\u00fcnner)<\/td><\/tr><tr><td class=\"has-text-align-center\" data-align=\"center\">Bobtail:<\/td><td>+\/+ (frei)<\/td><\/tr><tr><td class=\"has-text-align-center\" data-align=\"center\">Rute:<\/td><td>lang<\/td><\/tr><\/tbody><\/table><\/figure>\n\n\n\n<p class=\"has-text-align-center\"><strong><img loading=\"lazy\" decoding=\"async\" height=\"16\" width=\"16\" src=\"https:\/\/static.xx.fbcdn.net\/images\/emoji.php\/v9\/tf3\/1.5\/16\/2764.png\" alt=\"&#x2764;\">Leader Black Widow of Blue Angeldust<\/strong><img loading=\"lazy\" decoding=\"async\" height=\"16\" width=\"16\" src=\"https:\/\/static.xx.fbcdn.net\/images\/emoji.php\/v9\/tf3\/1.5\/16\/2764.png\" alt=\"&#x2764;\"><\/p>\n\n\n\n<div class=\"wp-block-media-text has-media-on-the-right is-stacked-on-mobile is-image-fill-element\" style=\"grid-template-columns:auto 33%\"><div class=\"wp-block-media-text__content\">\n<p><span class=\"_5mfr\" style=\"margin: 0px 1px; color: rgb(28, 30, 33); font-family: Helvetica, Arial, sans-serif; font-size: 14px; white-space-collapse: collapse;\"><span class=\"_6qdm\" style=\"background-repeat: no-repeat; background-size: contain; color: transparent; display: inline-block; text-shadow: none; vertical-align: text-bottom; height: 16px; width: 16px; font-size: 16px; background-image: url(&quot;https:\/\/static.xx.fbcdn.net\/images\/emoji.php\/v9\/t37\/1.5\/16\/1f43e.png&quot;);\">&#x1f43e;<\/span><\/span><span style=\"color: rgb(28, 30, 33); font-family: Helvetica, Arial, sans-serif; font-size: 14px; white-space-collapse: collapse;\">Widow hatte am 03.02.24 (18 Monate) ihren Erststart im Agility und erreichte 2x den 1 Platz I-LK1 und sie hat auch noch 2 Aufstiegsnuller erlaufen<\/span><span class=\"_5mfr\" style=\"margin: 0px 1px; color: rgb(28, 30, 33); font-family: Helvetica, Arial, sans-serif; font-size: 14px; white-space-collapse: collapse;\"><span class=\"_6qdm\" style=\"background-repeat: no-repeat; background-size: contain; color: transparent; display: inline-block; text-shadow: none; vertical-align: text-bottom; height: 16px; width: 16px; font-size: 16px; background-image: url(&quot;https:\/\/static.xx.fbcdn.net\/images\/emoji.php\/v9\/te0\/1.5\/16\/1f340.png&quot;);\">&#x1f340;<\/span><span class=\"_6qdm\" style=\"background-repeat: no-repeat; background-size: contain; color: transparent; display: inline-block; text-shadow: none; vertical-align: text-bottom; height: 16px; width: 16px; font-size: 16px; background-image: url(&quot;https:\/\/static.xx.fbcdn.net\/images\/emoji.php\/v9\/t17\/1.5\/16\/1f3c6.png&quot;);\">&#x1f3c6;<\/span><\/span><\/p>\n\n\n\n<div class=\"wp-block-buttons is-layout-flex wp-block-buttons-is-layout-flex\">\n<div class=\"wp-block-button\"><a class=\"wp-block-button__link wp-element-button\" href=\"https:\/\/www.blue-angeldust.at\/wp\/?p=87427\">mehr Infos und Video<\/a><\/div>\n<\/div>\n<\/div><figure class=\"wp-block-media-text__media\"><img loading=\"lazy\" decoding=\"async\" width=\"768\" height=\"1024\" src=\"https:\/\/www.blue-angeldust.at\/wp\/wp-content\/uploads\/2024\/02\/Widow-erstastart-03.02.24-768x1024.jpg\" alt=\"\" class=\"wp-image-87430 size-full\" style=\"object-position:50% 50%\" srcset=\"https:\/\/www.blue-angeldust.at\/wp\/wp-content\/uploads\/2024\/02\/Widow-erstastart-03.02.24-768x1024.jpg 768w, https:\/\/www.blue-angeldust.at\/wp\/wp-content\/uploads\/2024\/02\/Widow-erstastart-03.02.24-225x300.jpg 225w, https:\/\/www.blue-angeldust.at\/wp\/wp-content\/uploads\/2024\/02\/Widow-erstastart-03.02.24-1152x1536.jpg 1152w, https:\/\/www.blue-angeldust.at\/wp\/wp-content\/uploads\/2024\/02\/Widow-erstastart-03.02.24-1536x2048.jpg 1536w, https:\/\/www.blue-angeldust.at\/wp\/wp-content\/uploads\/2024\/02\/Widow-erstastart-03.02.24-113x150.jpg 113w, https:\/\/www.blue-angeldust.at\/wp\/wp-content\/uploads\/2024\/02\/Widow-erstastart-03.02.24-scaled.jpg 1920w\" sizes=\"auto, (max-width: 768px) 100vw, 768px\" \/><\/figure><\/div>\n\n\n\n<hr class=\"wp-block-separator has-alpha-channel-opacity is-style-wide\"\/>\n\n\n\n<div class=\"wp-block-group is-vertical is-content-justification-center is-layout-flex wp-container-core-group-is-layout-4b2eccd6 wp-block-group-is-layout-flex\">\n<div class=\"wp-block-group is-vertical is-content-justification-center is-layout-flex wp-container-core-group-is-layout-73a99bce wp-block-group-is-layout-flex\">\n<h2 class=\"wp-block-heading has-text-align-center\">ASA Clubshow 2023<\/h2>\n\n\n\n<p><img loading=\"lazy\" decoding=\"async\" height=\"16\" width=\"16\" src=\"https:\/\/static.xx.fbcdn.net\/images\/emoji.php\/v9\/ted\/1.5\/16\/1f947.png\" alt=\"&#x1f947;\">Jugendbester (H\u00fcndinnen)<\/p>\n\n\n\n<p class=\"has-text-align-center\"><img loading=\"lazy\" decoding=\"async\" height=\"16\" width=\"16\" alt=\"&#x1f947;\" src=\"https:\/\/static.xx.fbcdn.net\/images\/emoji.php\/v9\/ted\/1.5\/16\/1f947.png\">Jugendbester (gesamt)<\/p>\n\n\n\n<p class=\"has-text-align-left\"><img loading=\"lazy\" decoding=\"async\" height=\"16\" width=\"16\" alt=\"&#x1f947;\" src=\"https:\/\/static.xx.fbcdn.net\/images\/emoji.php\/v9\/ted\/1.5\/16\/1f947.png\">BOS<\/p>\n<\/div>\n<\/div>\n\n\n\n<iframe src=\"https:\/\/www.facebook.com\/plugins\/post.php?href=https%3A%2F%2Fwww.facebook.com%2FBlueAngeldust%2Fposts%2Fpfbid06s4zsGqyVCagmfkQaZgTdobvigKcMxGDoBXA9QX9Cr2ceWKwkyqxtuThYjxcu5ZXl&#038;show_text=true&#038;width=500\" width=500\"\" height=600\"\" style=\"border:none;overflow:hidden\" scrolling=\"yes\" frameborder=\"0\" allowfullscreen=\"true\" allow=\"autoplay; clipboard-write; encrypted-media; picture-in-picture; web-share\"><\/iframe>\n\n\n\n<iframe loading=\"lazy\" src=\"https:\/\/www.facebook.com\/plugins\/post.php?href=https%3A%2F%2Fwww.facebook.com%2FBlueAngeldust%2Fposts%2Fpfbid031vAyJRMho23oUwgZoEt7Yqm47czc7KsefpsmFpHeSmo86dyA8wMHzzU7U3BVspyvl&#038;show_text=true&#038;width=500\" width=\"500\" height=\"639\" style=\"border:none;overflow:hidden\" scrolling=\"no\" frameborder=\"0\" allowfullscreen=\"true\" allow=\"autoplay; clipboard-write; encrypted-media; picture-in-picture; web-share\"><\/iframe>\n\n\n\n<hr class=\"wp-block-separator has-alpha-channel-opacity is-style-wide\"\/>\n\n\n\n<div class=\"wp-block-media-text alignwide has-media-on-the-right is-stacked-on-mobile is-vertically-aligned-center\" style=\"grid-template-columns:auto 25%\"><div class=\"wp-block-media-text__content\">\n<p><strong>Hundeausstellung J\u00fcngstenklasse IHA Salzburg 2023<\/strong><\/p>\n\n\n\n<p>Wir waren In Salzburg bei die IHA Ausstellung Samstag und haben eine wirklich tolle Beurteilung f\u00fcr unser Arbeitstierchen erhalten&nbsp;<img loading=\"lazy\" decoding=\"async\" height=\"16\" width=\"16\" src=\"https:\/\/static.xx.fbcdn.net\/images\/emoji.php\/v9\/t43\/1.5\/16\/1f970.png\" alt=\"&#x1f970;\">&nbsp;\u2013&nbsp;<img loading=\"lazy\" decoding=\"async\" height=\"16\" width=\"16\" src=\"https:\/\/static.xx.fbcdn.net\/images\/emoji.php\/v9\/tba\/1.5\/16\/2705.png\" alt=\"&#x2705;\"><strong>&nbsp;VV (vielversprechend<\/strong>)<\/p>\n\n\n\n<p>Zus\u00e4tzlich haben wir gleich den Titel Best Puppy erhalten und durften in den Ehrenring mitlaufen mit allen anderen Rassen die den Titel Best Puppy erhalten haben.<\/p>\n\n\n\n<p>Die Situation im Ring und auch das sie begutachtet wird war f\u00fcr sie selbstverst\u00e4ndlich&nbsp;Widow hatte richtig Freude mit der Richterin im Ring&nbsp;<\/p>\n\n\n\n<p><\/p>\n<\/div><figure class=\"wp-block-media-text__media\"><img loading=\"lazy\" decoding=\"async\" width=\"576\" height=\"1024\" src=\"https:\/\/www.blue-angeldust.at\/wp\/wp-content\/uploads\/2023\/04\/IHA-Salzburg-2023-576x1024.jpg\" alt=\"\" class=\"wp-image-87052 size-full\" srcset=\"https:\/\/www.blue-angeldust.at\/wp\/wp-content\/uploads\/2023\/04\/IHA-Salzburg-2023-576x1024.jpg 576w, https:\/\/www.blue-angeldust.at\/wp\/wp-content\/uploads\/2023\/04\/IHA-Salzburg-2023-169x300.jpg 169w, https:\/\/www.blue-angeldust.at\/wp\/wp-content\/uploads\/2023\/04\/IHA-Salzburg-2023-768x1365.jpg 768w, https:\/\/www.blue-angeldust.at\/wp\/wp-content\/uploads\/2023\/04\/IHA-Salzburg-2023-864x1536.jpg 864w, https:\/\/www.blue-angeldust.at\/wp\/wp-content\/uploads\/2023\/04\/IHA-Salzburg-2023-84x150.jpg 84w, https:\/\/www.blue-angeldust.at\/wp\/wp-content\/uploads\/2023\/04\/IHA-Salzburg-2023.jpg 1075w\" sizes=\"auto, (max-width: 576px) 100vw, 576px\" \/><\/figure><\/div>\n\n\n\n<hr class=\"wp-block-separator has-alpha-channel-opacity is-style-wide\"\/>\n\n\n\n<div class=\"wp-block-media-text is-stacked-on-mobile\" style=\"grid-template-columns:35% auto\"><figure class=\"wp-block-media-text__media\"><img loading=\"lazy\" decoding=\"async\" width=\"1024\" height=\"1024\" src=\"https:\/\/www.blue-angeldust.at\/wp\/wp-content\/uploads\/2023\/04\/Widow-8-Wochen-4-1024x1024.webp\" alt=\"\" class=\"wp-image-87058 size-full\"\/><\/figure><div class=\"wp-block-media-text__content\">\n<p><strong>Widow ist ein richtig Frecher Wirbelwind<\/strong>&nbsp;aber einfach zum dahin schmelzen<\/p>\n\n\n\n<figure class=\"wp-block-image\"><img loading=\"lazy\" decoding=\"async\" width=\"24\" height=\"24\" src=\"https:\/\/www.blue-angeldust.at\/wp\/wp-content\/uploads\/2023\/04\/image.png\" alt=\"\" class=\"wp-image-87046\"\/><figcaption class=\"wp-element-caption\">Ich k\u00f6nnte Stundenlang von ihr schw\u00e4rmen. Widow ist mein Schatten, mein Frechdachs, mein Schmusemonster, mein Seelenhund<\/figcaption><\/figure>\n\n\n\n<p>Mit mir zu Arbeiten egal wie oder was ist f\u00fcr sie das beste. Sie ist sehr konzentriert, wissbegierig, und m\u00f6chte mir gefallen.<\/p>\n<\/div><\/div>\n\n\n\n<div style=\"height:19px\" aria-hidden=\"true\" class=\"wp-block-spacer\"><\/div>\n\n\n\n<p class=\"has-text-align-left\">Zu anderen Hunden ist sie sehr souver\u00e4n, kommuniziert sehr klar und sie schafft es zu 90% jeden anderen Hund zu \u00fcberreden mit ihr zu laufen oder sogar zu spielen. Sie nimmt sich selber stark zur\u00fcck wenn es n\u00f6tig ist und dies zu Beobachten ist ein Traum.<\/p>\n\n\n\n<p>Das Verhalten gegen\u00fcber fremde Menschen regelt sie sehr \u00e4hnlich wie mit Hundebegegnungen sie strahlt eine ruhe aus sieht sich das ganze mal an und entscheidet ob sie den kontakt aufnehmen m\u00f6chte. Wenn sie dies nicht will zeigt sie es einfach in dem das sie sich seitlich weg stellt, hinlegt, oder einfach gekonnt ignoriert wird. \u00dcberschw\u00e4ngliche Freude hat sie nur bei ihre Lieblings 2 Beiner.<\/p>\n\n\n\n<figure class=\"wp-block-gallery has-nested-images columns-3 is-cropped wp-block-gallery-1 is-layout-flex wp-block-gallery-is-layout-flex\">\n<figure class=\"wp-block-image size-large is-style-default\"><img loading=\"lazy\" decoding=\"async\" width=\"1024\" height=\"1024\" data-id=\"87060\" src=\"https:\/\/www.blue-angeldust.at\/wp\/wp-content\/uploads\/2023\/04\/Widow-8-Wochen-6-1024x1024.webp\" alt=\"\" class=\"wp-image-87060\"\/><\/figure>\n\n\n\n<figure class=\"wp-block-image size-full is-style-rounded\"><img decoding=\"async\" data-id=\"87061\" src=\"https:\/\/www.blue-angeldust.at\/wp\/wp-content\/uploads\/2023\/04\/Widow-8-Wochen-7.webp\" alt=\"\" class=\"wp-image-87061\"\/><\/figure>\n\n\n\n<figure class=\"wp-block-image size-large\"><img loading=\"lazy\" decoding=\"async\" width=\"1024\" height=\"1024\" data-id=\"87059\" src=\"https:\/\/www.blue-angeldust.at\/wp\/wp-content\/uploads\/2023\/04\/Widow-8-Wochen-5-1024x1024.webp\" alt=\"\" class=\"wp-image-87059\"\/><\/figure>\n\n\n\n<figure class=\"wp-block-image size-large\"><img loading=\"lazy\" decoding=\"async\" width=\"819\" height=\"1024\" data-id=\"87056\" src=\"https:\/\/www.blue-angeldust.at\/wp\/wp-content\/uploads\/2023\/04\/Widow-7-Wochen-819x1024.webp\" alt=\"\" class=\"wp-image-87056\" srcset=\"https:\/\/www.blue-angeldust.at\/wp\/wp-content\/uploads\/2023\/04\/Widow-7-Wochen-819x1024.webp 819w, https:\/\/www.blue-angeldust.at\/wp\/wp-content\/uploads\/2023\/04\/Widow-7-Wochen-240x300.webp 240w, https:\/\/www.blue-angeldust.at\/wp\/wp-content\/uploads\/2023\/04\/Widow-7-Wochen-768x961.webp 768w, https:\/\/www.blue-angeldust.at\/wp\/wp-content\/uploads\/2023\/04\/Widow-7-Wochen-1228x1536.webp 1228w, https:\/\/www.blue-angeldust.at\/wp\/wp-content\/uploads\/2023\/04\/Widow-7-Wochen-120x150.webp 120w, https:\/\/www.blue-angeldust.at\/wp\/wp-content\/uploads\/2023\/04\/Widow-7-Wochen.webp 1440w\" sizes=\"auto, (max-width: 819px) 100vw, 819px\" \/><\/figure>\n\n\n\n<figure class=\"wp-block-image size-large is-style-rounded\"><img loading=\"lazy\" decoding=\"async\" width=\"819\" height=\"1024\" data-id=\"87054\" src=\"https:\/\/www.blue-angeldust.at\/wp\/wp-content\/uploads\/2023\/04\/Widow-6-Wochen-1-819x1024.webp\" alt=\"\" class=\"wp-image-87054\" srcset=\"https:\/\/www.blue-angeldust.at\/wp\/wp-content\/uploads\/2023\/04\/Widow-6-Wochen-1-819x1024.webp 819w, https:\/\/www.blue-angeldust.at\/wp\/wp-content\/uploads\/2023\/04\/Widow-6-Wochen-1-240x300.webp 240w, https:\/\/www.blue-angeldust.at\/wp\/wp-content\/uploads\/2023\/04\/Widow-6-Wochen-1-768x960.webp 768w, https:\/\/www.blue-angeldust.at\/wp\/wp-content\/uploads\/2023\/04\/Widow-6-Wochen-1-120x150.webp 120w, https:\/\/www.blue-angeldust.at\/wp\/wp-content\/uploads\/2023\/04\/Widow-6-Wochen-1.webp 1152w\" sizes=\"auto, (max-width: 819px) 100vw, 819px\" \/><\/figure>\n\n\n\n<figure class=\"wp-block-image size-medium is-style-rounded\"><img loading=\"lazy\" decoding=\"async\" width=\"290\" height=\"300\" data-id=\"87053\" src=\"https:\/\/www.blue-angeldust.at\/wp\/wp-content\/uploads\/2023\/04\/Widow-5-Monate-290x300.jpg\" alt=\"\" class=\"wp-image-87053\"\/><\/figure>\n\n\n\n<figure class=\"wp-block-image size-large\"><img loading=\"lazy\" decoding=\"async\" width=\"1024\" height=\"682\" data-id=\"87138\" src=\"https:\/\/www.blue-angeldust.at\/wp\/wp-content\/uploads\/2023\/08\/Widow-1-Jahr-4-1024x682.jpg\" alt=\"\" class=\"wp-image-87138\" srcset=\"https:\/\/www.blue-angeldust.at\/wp\/wp-content\/uploads\/2023\/08\/Widow-1-Jahr-4-1024x682.jpg 1024w, https:\/\/www.blue-angeldust.at\/wp\/wp-content\/uploads\/2023\/08\/Widow-1-Jahr-4-300x200.jpg 300w, https:\/\/www.blue-angeldust.at\/wp\/wp-content\/uploads\/2023\/08\/Widow-1-Jahr-4-768x512.jpg 768w, https:\/\/www.blue-angeldust.at\/wp\/wp-content\/uploads\/2023\/08\/Widow-1-Jahr-4-1536x1024.jpg 1536w, https:\/\/www.blue-angeldust.at\/wp\/wp-content\/uploads\/2023\/08\/Widow-1-Jahr-4-150x100.jpg 150w, https:\/\/www.blue-angeldust.at\/wp\/wp-content\/uploads\/2023\/08\/Widow-1-Jahr-4-225x150.jpg 225w, https:\/\/www.blue-angeldust.at\/wp\/wp-content\/uploads\/2023\/08\/Widow-1-Jahr-4.jpg 1757w\" sizes=\"auto, (max-width: 1024px) 100vw, 1024px\" \/><\/figure>\n\n\n\n<figure class=\"wp-block-image size-large is-style-rounded\"><img loading=\"lazy\" decoding=\"async\" width=\"1024\" height=\"684\" data-id=\"87139\" src=\"https:\/\/www.blue-angeldust.at\/wp\/wp-content\/uploads\/2023\/08\/Widow-1-Jahr-6-1024x684.jpg\" alt=\"\" class=\"wp-image-87139\" srcset=\"https:\/\/www.blue-angeldust.at\/wp\/wp-content\/uploads\/2023\/08\/Widow-1-Jahr-6-1024x684.jpg 1024w, https:\/\/www.blue-angeldust.at\/wp\/wp-content\/uploads\/2023\/08\/Widow-1-Jahr-6-300x200.jpg 300w, https:\/\/www.blue-angeldust.at\/wp\/wp-content\/uploads\/2023\/08\/Widow-1-Jahr-6-768x513.jpg 768w, https:\/\/www.blue-angeldust.at\/wp\/wp-content\/uploads\/2023\/08\/Widow-1-Jahr-6-1536x1025.jpg 1536w, https:\/\/www.blue-angeldust.at\/wp\/wp-content\/uploads\/2023\/08\/Widow-1-Jahr-6-150x100.jpg 150w, https:\/\/www.blue-angeldust.at\/wp\/wp-content\/uploads\/2023\/08\/Widow-1-Jahr-6-225x150.jpg 225w, https:\/\/www.blue-angeldust.at\/wp\/wp-content\/uploads\/2023\/08\/Widow-1-Jahr-6.jpg 1805w\" sizes=\"auto, (max-width: 1024px) 100vw, 1024px\" \/><\/figure>\n\n\n\n<figure class=\"wp-block-image size-large\"><img loading=\"lazy\" decoding=\"async\" width=\"1024\" height=\"684\" data-id=\"87146\" src=\"https:\/\/www.blue-angeldust.at\/wp\/wp-content\/uploads\/2023\/08\/Widow-1-Jahr-3-1024x684.jpg\" alt=\"\" class=\"wp-image-87146\" srcset=\"https:\/\/www.blue-angeldust.at\/wp\/wp-content\/uploads\/2023\/08\/Widow-1-Jahr-3-1024x684.jpg 1024w, https:\/\/www.blue-angeldust.at\/wp\/wp-content\/uploads\/2023\/08\/Widow-1-Jahr-3-300x200.jpg 300w, https:\/\/www.blue-angeldust.at\/wp\/wp-content\/uploads\/2023\/08\/Widow-1-Jahr-3-768x513.jpg 768w, https:\/\/www.blue-angeldust.at\/wp\/wp-content\/uploads\/2023\/08\/Widow-1-Jahr-3-1536x1025.jpg 1536w, https:\/\/www.blue-angeldust.at\/wp\/wp-content\/uploads\/2023\/08\/Widow-1-Jahr-3-150x100.jpg 150w, https:\/\/www.blue-angeldust.at\/wp\/wp-content\/uploads\/2023\/08\/Widow-1-Jahr-3-225x150.jpg 225w, https:\/\/www.blue-angeldust.at\/wp\/wp-content\/uploads\/2023\/08\/Widow-1-Jahr-3.jpg 1805w\" sizes=\"auto, (max-width: 1024px) 100vw, 1024px\" \/><\/figure>\n<\/figure>\n","protected":false},"excerpt":{"rendered":"<p>\u00a0 Widow\u00b4s Pedigree inkl. ZuchtunterlagenWidow\u00b4s Fotogalerie Agility Erfolge FCI\/\u00d6KV Turniere Ausbildung\/Erfolge UO:BH VT-\u00d6PO MHT-Pr\u00fcfung mit AuszeichnungIBGH1, IBGH2,Bezirksmeister 2024 &#8211; 1 Platz in der IBGH1Ausbildung\/Erfolge Agility:Intermediate &#8211; LK12024 \u00d6sterr. Meisterschaft &#8211; Vize Meister 2024 LM O\u00d6\/Sbg &#8211; Landesmeister Ausstellungsergebnisse:ASA Clubshow 2023 &#8211; V1 JugendbesterASA Clubshow 2023 &#8211; BOS\u00a0 \u00d6KV 2023 &#8211; \u2026 <a class=\"continue-reading-link\" href=\"https:\/\/www.blue-angeldust.at\/wp\/?page_id=87045\"> Continue reading <span class=\"meta-nav\">&rarr; <\/span><\/a><\/p>\n","protected":false},"author":1,"featured_media":0,"parent":0,"menu_order":0,"comment_status":"closed","ping_status":"closed","template":"","meta":{"footnotes":""},"class_list":["post-87045","page","type-page","status-publish","hentry"],"_links":{"self":[{"href":"https:\/\/www.blue-angeldust.at\/wp\/index.php?rest_route=\/wp\/v2\/pages\/87045","targetHints":{"allow":["GET"]}}],"collection":[{"href":"https:\/\/www.blue-angeldust.at\/wp\/index.php?rest_route=\/wp\/v2\/pages"}],"about":[{"href":"https:\/\/www.blue-angeldust.at\/wp\/index.php?rest_route=\/wp\/v2\/types\/page"}],"author":[{"embeddable":true,"href":"https:\/\/www.blue-angeldust.at\/wp\/index.php?rest_route=\/wp\/v2\/users\/1"}],"replies":[{"embeddable":true,"href":"https:\/\/www.blue-angeldust.at\/wp\/index.php?rest_route=%2Fwp%2Fv2%2Fcomments&post=87045"}],"version-history":[{"count":96,"href":"https:\/\/www.blue-angeldust.at\/wp\/index.php?rest_route=\/wp\/v2\/pages\/87045\/revisions"}],"predecessor-version":[{"id":88628,"href":"https:\/\/www.blue-angeldust.at\/wp\/index.php?rest_route=\/wp\/v2\/pages\/87045\/revisions\/88628"}],"wp:attachment":[{"href":"https:\/\/www.blue-angeldust.at\/wp\/index.php?rest_route=%2Fwp%2Fv2%2Fmedia&parent=87045"}],"curies":[{"name":"wp","href":"https:\/\/api.w.org\/{rel}","templated":true}]}}