{"id":789,"date":"2017-01-04T21:15:26","date_gmt":"2017-01-04T20:15:26","guid":{"rendered":"http:\/\/www.blue-angeldust.at\/wp\/?page_id=789"},"modified":"2025-10-08T11:37:02","modified_gmt":"2025-10-08T09:37:02","slug":"verebbare-erkrankungen","status":"publish","type":"page","link":"https:\/\/www.blue-angeldust.at\/wp\/?page_id=789","title":{"rendered":"Vererbbare Erkrankungen"},"content":{"rendered":"\n<p><span style=\"color: #000000;\">Der Australian Shepherd ist solange eine gesunde Rasse solange man sie Kontrolliert! Heutzutage ist dies mit&nbsp;einfache Gen Tests m\u00f6glich! Kein seri\u00f6ser Z\u00fcchter sollte daran sparen es geht um die&nbsp;Gesundheit&nbsp;f\u00fcr die Rasse.&nbsp;<\/span>Unsere Zuchthunde gehen J\u00e4hrlich zur Augenkontrolle ECVO und sin Genetisch \u00fcber alle Krankheiten in einen Labor ausgetestet werden. <\/p>\n\n\n\n<p><span style=\"color: #000000;\">Die h\u00e4ufigsten Probleme dieser Rasse sind:&nbsp;H\u00fcftgelenksdysplasie und verschiedene Augen defekte. Ich habe einige Krankheiten aufgez\u00e4hlt und erkl\u00e4rt.<\/span> Wir lassen unsere Hunde immer \u00fcber 250 Gen Tests austesten. Dies ist ein ausschnitt der Rassespezifische Erkrankungen vom Australian Shepherd.<\/p>\n\n\n\n<div class=\"wp-block-columns is-layout-flex wp-container-core-columns-is-layout-9d6595d7 wp-block-columns-is-layout-flex\">\n<div class=\"wp-block-column is-layout-flow wp-block-column-is-layout-flow\">\n<figure data-wp-context=\"{&quot;imageId&quot;:&quot;6a04c216e3baf&quot;}\" data-wp-interactive=\"core\/image\" class=\"wp-block-image size-large wp-lightbox-container\"><img loading=\"lazy\" decoding=\"async\" width=\"771\" height=\"1024\" data-wp-class--hide=\"state.isContentHidden\" data-wp-class--show=\"state.isContentVisible\" data-wp-init=\"callbacks.setButtonStyles\" data-wp-on-async--click=\"actions.showLightbox\" data-wp-on-async--load=\"callbacks.setButtonStyles\" data-wp-on-async-window--resize=\"callbacks.setButtonStyles\" src=\"https:\/\/www.blue-angeldust.at\/wp\/wp-content\/uploads\/2025\/10\/Feragen-Aussie-Tests-2-771x1024.jpg\" alt=\"\" class=\"wp-image-88601\" srcset=\"https:\/\/www.blue-angeldust.at\/wp\/wp-content\/uploads\/2025\/10\/Feragen-Aussie-Tests-2-771x1024.jpg 771w, https:\/\/www.blue-angeldust.at\/wp\/wp-content\/uploads\/2025\/10\/Feragen-Aussie-Tests-2-226x300.jpg 226w, https:\/\/www.blue-angeldust.at\/wp\/wp-content\/uploads\/2025\/10\/Feragen-Aussie-Tests-2-scaled.jpg 1926w\" sizes=\"auto, (max-width: 771px) 100vw, 771px\" \/><button\n\t\t\tclass=\"lightbox-trigger\"\n\t\t\ttype=\"button\"\n\t\t\taria-haspopup=\"dialog\"\n\t\t\taria-label=\"Vergr\u00f6\u00dfern\"\n\t\t\tdata-wp-init=\"callbacks.initTriggerButton\"\n\t\t\tdata-wp-on-async--click=\"actions.showLightbox\"\n\t\t\tdata-wp-style--right=\"state.imageButtonRight\"\n\t\t\tdata-wp-style--top=\"state.imageButtonTop\"\n\t\t>\n\t\t\t<svg xmlns=\"http:\/\/www.w3.org\/2000\/svg\" width=\"12\" height=\"12\" fill=\"none\" viewBox=\"0 0 12 12\">\n\t\t\t\t<path fill=\"#fff\" d=\"M2 0a2 2 0 0 0-2 2v2h1.5V2a.5.5 0 0 1 .5-.5h2V0H2Zm2 10.5H2a.5.5 0 0 1-.5-.5V8H0v2a2 2 0 0 0 2 2h2v-1.5ZM8 12v-1.5h2a.5.5 0 0 0 .5-.5V8H12v2a2 2 0 0 1-2 2H8Zm2-12a2 2 0 0 1 2 2v2h-1.5V2a.5.5 0 0 0-.5-.5H8V0h2Z\" \/>\n\t\t\t<\/svg>\n\t\t<\/button><\/figure>\n<\/div>\n\n\n\n<div class=\"wp-block-column is-layout-flow wp-block-column-is-layout-flow\">\n<figure data-wp-context=\"{&quot;imageId&quot;:&quot;6a04c216e4ee7&quot;}\" data-wp-interactive=\"core\/image\" class=\"wp-block-image size-large wp-lightbox-container\"><img loading=\"lazy\" decoding=\"async\" width=\"767\" height=\"1024\" data-wp-class--hide=\"state.isContentHidden\" data-wp-class--show=\"state.isContentVisible\" data-wp-init=\"callbacks.setButtonStyles\" data-wp-on-async--click=\"actions.showLightbox\" data-wp-on-async--load=\"callbacks.setButtonStyles\" data-wp-on-async-window--resize=\"callbacks.setButtonStyles\" src=\"https:\/\/www.blue-angeldust.at\/wp\/wp-content\/uploads\/2025\/10\/Feragen-Aussie-Tests-1-767x1024.jpg\" alt=\"\" class=\"wp-image-88600\" srcset=\"https:\/\/www.blue-angeldust.at\/wp\/wp-content\/uploads\/2025\/10\/Feragen-Aussie-Tests-1-767x1024.jpg 767w, https:\/\/www.blue-angeldust.at\/wp\/wp-content\/uploads\/2025\/10\/Feragen-Aussie-Tests-1-225x300.jpg 225w, https:\/\/www.blue-angeldust.at\/wp\/wp-content\/uploads\/2025\/10\/Feragen-Aussie-Tests-1-768x1026.jpg 768w, https:\/\/www.blue-angeldust.at\/wp\/wp-content\/uploads\/2025\/10\/Feragen-Aussie-Tests-1-1150x1536.jpg 1150w, https:\/\/www.blue-angeldust.at\/wp\/wp-content\/uploads\/2025\/10\/Feragen-Aussie-Tests-1-1534x2048.jpg 1534w, https:\/\/www.blue-angeldust.at\/wp\/wp-content\/uploads\/2025\/10\/Feragen-Aussie-Tests-1-112x150.jpg 112w, https:\/\/www.blue-angeldust.at\/wp\/wp-content\/uploads\/2025\/10\/Feragen-Aussie-Tests-1-scaled.jpg 1917w\" sizes=\"auto, (max-width: 767px) 100vw, 767px\" \/><button\n\t\t\tclass=\"lightbox-trigger\"\n\t\t\ttype=\"button\"\n\t\t\taria-haspopup=\"dialog\"\n\t\t\taria-label=\"Vergr\u00f6\u00dfern\"\n\t\t\tdata-wp-init=\"callbacks.initTriggerButton\"\n\t\t\tdata-wp-on-async--click=\"actions.showLightbox\"\n\t\t\tdata-wp-style--right=\"state.imageButtonRight\"\n\t\t\tdata-wp-style--top=\"state.imageButtonTop\"\n\t\t>\n\t\t\t<svg xmlns=\"http:\/\/www.w3.org\/2000\/svg\" width=\"12\" height=\"12\" fill=\"none\" viewBox=\"0 0 12 12\">\n\t\t\t\t<path fill=\"#fff\" d=\"M2 0a2 2 0 0 0-2 2v2h1.5V2a.5.5 0 0 1 .5-.5h2V0H2Zm2 10.5H2a.5.5 0 0 1-.5-.5V8H0v2a2 2 0 0 0 2 2h2v-1.5ZM8 12v-1.5h2a.5.5 0 0 0 .5-.5V8H12v2a2 2 0 0 1-2 2H8Zm2-12a2 2 0 0 1 2 2v2h-1.5V2a.5.5 0 0 0-.5-.5H8V0h2Z\" \/>\n\t\t\t<\/svg>\n\t\t<\/button><\/figure>\n<\/div>\n\n\n\n<div class=\"wp-block-column is-layout-flow wp-block-column-is-layout-flow\">\n<figure data-wp-context=\"{&quot;imageId&quot;:&quot;6a04c216e56f6&quot;}\" data-wp-interactive=\"core\/image\" class=\"wp-block-image size-large wp-lightbox-container\"><img loading=\"lazy\" decoding=\"async\" width=\"773\" height=\"1024\" data-wp-class--hide=\"state.isContentHidden\" data-wp-class--show=\"state.isContentVisible\" data-wp-init=\"callbacks.setButtonStyles\" data-wp-on-async--click=\"actions.showLightbox\" data-wp-on-async--load=\"callbacks.setButtonStyles\" data-wp-on-async-window--resize=\"callbacks.setButtonStyles\" src=\"https:\/\/www.blue-angeldust.at\/wp\/wp-content\/uploads\/2025\/10\/Feragen-Aussie-Tests-3-773x1024.jpg\" alt=\"\" class=\"wp-image-88602\" srcset=\"https:\/\/www.blue-angeldust.at\/wp\/wp-content\/uploads\/2025\/10\/Feragen-Aussie-Tests-3-773x1024.jpg 773w, https:\/\/www.blue-angeldust.at\/wp\/wp-content\/uploads\/2025\/10\/Feragen-Aussie-Tests-3-227x300.jpg 227w, https:\/\/www.blue-angeldust.at\/wp\/wp-content\/uploads\/2025\/10\/Feragen-Aussie-Tests-3-768x1017.jpg 768w, https:\/\/www.blue-angeldust.at\/wp\/wp-content\/uploads\/2025\/10\/Feragen-Aussie-Tests-3-1160x1536.jpg 1160w, https:\/\/www.blue-angeldust.at\/wp\/wp-content\/uploads\/2025\/10\/Feragen-Aussie-Tests-3-1547x2048.jpg 1547w, https:\/\/www.blue-angeldust.at\/wp\/wp-content\/uploads\/2025\/10\/Feragen-Aussie-Tests-3-113x150.jpg 113w, https:\/\/www.blue-angeldust.at\/wp\/wp-content\/uploads\/2025\/10\/Feragen-Aussie-Tests-3-scaled.jpg 1933w\" sizes=\"auto, (max-width: 773px) 100vw, 773px\" \/><button\n\t\t\tclass=\"lightbox-trigger\"\n\t\t\ttype=\"button\"\n\t\t\taria-haspopup=\"dialog\"\n\t\t\taria-label=\"Vergr\u00f6\u00dfern\"\n\t\t\tdata-wp-init=\"callbacks.initTriggerButton\"\n\t\t\tdata-wp-on-async--click=\"actions.showLightbox\"\n\t\t\tdata-wp-style--right=\"state.imageButtonRight\"\n\t\t\tdata-wp-style--top=\"state.imageButtonTop\"\n\t\t>\n\t\t\t<svg xmlns=\"http:\/\/www.w3.org\/2000\/svg\" width=\"12\" height=\"12\" fill=\"none\" viewBox=\"0 0 12 12\">\n\t\t\t\t<path fill=\"#fff\" d=\"M2 0a2 2 0 0 0-2 2v2h1.5V2a.5.5 0 0 1 .5-.5h2V0H2Zm2 10.5H2a.5.5 0 0 1-.5-.5V8H0v2a2 2 0 0 0 2 2h2v-1.5ZM8 12v-1.5h2a.5.5 0 0 0 .5-.5V8H12v2a2 2 0 0 1-2 2H8Zm2-12a2 2 0 0 1 2 2v2h-1.5V2a.5.5 0 0 0-.5-.5H8V0h2Z\" \/>\n\t\t\t<\/svg>\n\t\t<\/button><\/figure>\n<\/div>\n<\/div>\n\n\n\n<h2 class=\"wp-block-heading\"><span style=\"color: #3366ff;\">MDR1-Defekt<\/span><\/h2>\n\n\n\n<p><span style=\"color: #000000;\">Zun\u00e4chst einmal ist festzuhalten, dass es sich bei dem als&nbsp;MDR1-Defekt&nbsp;bezeichneten Ph\u00e4nomen nicht um eine Krankheit im eigentlichen Sinne handelt, sondern um einen Defekt im sog. MDR1-Gen. \u201eMDR\u201c steht dabei f\u00fcr \u201eMultiple Drug Resistance\u201c, diese wird als eine Resistenz gegen\u00fcber unerw\u00fcnschten Nebenwirkungen von Arzneimitteln definiert.<\/span><\/p>\n\n\n\n<p><span style=\"color: #000000;\">Bei den folgenden&nbsp;Hunderassen&nbsp;ein&nbsp;MDR1-Defekt nachgewiesen&nbsp;werden:<\/span><\/p>\n\n\n\n<p><span style=\"color: #000000;\">Collie (Kurz- und Langhaar),&nbsp;Shetland Sheepdog,&nbsp;Australian Shepherd,&nbsp;Bobtail,&nbsp;Border Collie, etc.<\/span><\/p>\n\n\n\n<p><span style=\"color: #000000;\">Das MDR-1 Gen reinerbig tragen, bestimmte Wirkstoffe aus dem Blut \u00fcber die so genannte&nbsp;Blut-Hirn-Schranke ins Gehirn&nbsp;eindringen&nbsp;und zu&nbsp;schweren Erkrankungen&nbsp;bis hin zum&nbsp;Tod&nbsp;f\u00fchren k\u00f6nnen. Auch Erbtr\u00e4ger mit nur einer Erbanlage sind in gewissem Ma\u00df gef\u00e4hrdet. Inzwischen kann man diese Erbanlage \u00fcber&nbsp;Blut-oder&nbsp;Speichel proben&nbsp;austesten lassen, was unbedingt zu empfehlen ist, damit der Tierarzt&nbsp;keine sch\u00e4dlichen Medikamente verabreicht. Die Liste der in Frage kommenden Wirkstoffe ist noch nicht vollst\u00e4ndig. Diese Tatsache ist leider&nbsp;nicht allen Tier\u00e4rzten bekannt, so dass immer noch&nbsp;Tiere unn\u00f6tig sterben&nbsp;m\u00fcssen. Es geh\u00f6ren Medikamente gegen Parasiten, Durchfall, Erbrechen und Kortisone sowie aus der Herz- + Tumortherapie, aber auch Narkosemittel dazu.<\/span><\/p>\n\n\n\n<blockquote class=\"wp-block-quote is-layout-flow wp-block-quote-is-layout-flow\">\n<p><span style=\"color: #000000;\">MDR1 +\/+&nbsp;&nbsp;&nbsp;&nbsp;&nbsp; kein Defekt im MDR1 Gen&nbsp;frei<\/span><\/p>\n\n\n\n<p><span style=\"color: #000000;\">MDR1 +\/-&nbsp;&nbsp;&nbsp;&nbsp;&nbsp;&nbsp; Merkmalstr\u00e4ger&nbsp;f\u00fcr MDR1 Defekt<\/span><\/p>\n\n\n\n<p><span style=\"color: #000000;\">MDR1 -\/- &#8230;.. es fehlt ein funktionsf\u00e4higes MDR1-Transportsystem, es d\u00fcrfen verschiedene Medikamente nicht verabreicht werden&nbsp;befallen<\/span><\/p>\n<\/blockquote>\n\n\n\n<p><span style=\"color: #000000;\">Da aber der Z\u00fcchter wahrscheinlich nicht den ganzen Wurf testen lassen wird, sollten die&nbsp;Welpenk\u00e4ufer&nbsp;darauf hingewiesen werden! Bei nicht getesteten Hunden ist vorerst immer davon auszugehen das&nbsp;Welpen&nbsp;betroffen&nbsp;sein k\u00f6nnen und dies bitte unbedingt dem&nbsp;Tierarzt mitteilen.<\/span><\/p>\n\n\n\n<blockquote class=\"wp-block-quote is-layout-flow wp-block-quote-is-layout-flow\">\n<p><span style=\"color: #000000;\">zb. Bei einer Verpaarung eines<\/span><\/p>\n\n\n\n<p><span style=\"color: #000000;\">MDR1 +\/- &#8222;Tr\u00e4ger&#8220; R\u00fcden&nbsp;mit einer&nbsp;MDR1&nbsp;+\/- &#8222;Tr\u00e4ger&#8220; H\u00fcndin<\/span><\/p>\n\n\n\n<p><span style=\"color: #000000;\">werden die Welpen zu<\/span><\/p>\n\n\n\n<p><span style=\"color: #000000;\">25% +\/+&#8220;frei&#8220;,&nbsp;50% +\/-&#8222;Tr\u00e4ger&#8220;&nbsp;und&nbsp;25% -\/-&#8222;befallen&#8220;<\/span><\/p>\n<\/blockquote>\n\n\n\n<p><span style=\"color: #000000;\">(Diese Verpaarung ist laut FCI\/\u00d6KV nicht gestattet und sollte auch nie durchgef\u00fchrt werden)<\/span><\/p>\n\n\n\n<h2 class=\"wp-block-heading\"><span style=\"color: #3366ff;\">CEA &#8211; Collie Eye Anomalie<\/span><\/h2>\n\n\n\n<p><span style=\"color: #000000;\">Eine&nbsp;Augenerkrankung&nbsp;die vor allem bei Collies und verwandten Rassen (Australian Shepherd, Border Collie etc.) auftritt.<\/span><\/p>\n\n\n\n<p><span style=\"color: #000000;\">Die CEA tritt auf, wenn jedes Elterntier ein CEA-Gen an den Nachwuchs weitergibt.<\/span><\/p>\n\n\n\n<p><span style=\"color: #000000;\">Ein Hunde, der nur das CEA-Gen geerbt hat, ist Tr\u00e4ger des Gens und kann dieses weitervererben ohne selbst von der Erkrankung betroffen zu sein.<\/span><\/p>\n\n\n\n<p><span style=\"color: #000000;\">Es gibt die M\u00f6glichkeit, dass ein Hunde&nbsp;CEA &#8222;frei&#8220;&nbsp;,&nbsp;&#8222;Tr\u00e4ger&#8220;&nbsp;oder&nbsp;&#8222;befallen&#8220;&nbsp;ist.<\/span><\/p>\n\n\n\n<p><span style=\"color: #000000;\">CEA ist eine Erkrankung, bei der Missbildungen im den Au\u00dfengef\u00e4\u00dfen, der Augen h\u00fclle und der Sehnervenpapille auftreten.<\/span><\/p>\n\n\n\n<p><span style=\"color: #000000;\">CEA ist stets angeboren.<\/span><\/p>\n\n\n\n<p><span style=\"color: #000000;\">Sie wird in verschiedene Schweregrade eingeteilt, die von Symptomen, ohne Einschr\u00e4nkungen bis zu Blindheit variiert.<\/span><\/p>\n\n\n\n<blockquote class=\"wp-block-quote is-layout-flow wp-block-quote-is-layout-flow\">\n<p><span style=\"color: #000000;\">zb. Bei einer Verpaarung eines<\/span><\/p>\n\n\n\n<p><span style=\"color: #000000;\">CEA +\/+&#8220;frei&#8220; R\u00fcden&nbsp;mit einer&nbsp;CEA&nbsp;+\/- &#8222;Tr\u00e4ger&#8220; H\u00fcndin<\/span><\/p>\n\n\n\n<p><span style=\"color: #000000;\">werden die Welpen zu<\/span><\/p>\n\n\n\n<p><span style=\"color: #000000;\">&nbsp;50% +\/+&#8220;frei&#8220;,&nbsp;50% +\/-&#8222;Tr\u00e4ger&#8220;&nbsp;und&nbsp;0% -\/-&#8222;befallen&#8220;<\/span><\/p>\n<\/blockquote>\n\n\n\n<p><span style=\"color: #000000;\">(Diese Verpaarung ist laut FCI\/\u00d6KV gestattet)<\/span><\/p>\n\n\n\n<h2 class=\"wp-block-heading\"><span style=\"color: #3366ff;\">HC &#8211; Katarakt<\/span><\/h2>\n\n\n\n<p><span style=\"color: #000000;\">Katarakt sind eindeutig die am weitesten verbreiteten der verschiedenen Augenkrankheiten der Rasse. Nicht alle Katarakte sind erblich und deshalb ist es wichtig, dass der Hund von einem qualifizierten Tierarzt untersucht wird, der auf Augenkrankheiten spezialisiert ist. Jeder Katarakt, der sich auf der hinteren Linsen rinde oder unterhalb der Linsen rinde befindet, sollte als hoch verd\u00e4chtig angesehen werden. Hat der Hund einen bilateralen (d.h. auf beiden Augen) Katarakt in diesen Bereichen, die mit der Zeit, wenn auch langsam, fortschreiten, sollten sie als erblich betrachtet werden. Manch andere Typen sind m\u00f6glicherweise auch erblich, aber sie werden nicht so h\u00e4ufig beobachtet. Die meisten betroffenen Aussies weisen in einem Alter von 2-3 Jahren die ersten Anzeichen auf. Allerdings k\u00f6nnen erbliche Katarakte schon in einem Alter von 1 Jahr oder erst mit 7 oder 8 Jahren auftreten. Es ist wichtig, seinen Hund j\u00e4hrlich von einem Augen Spezialisten untersuchen zu lassen, so dass Katarakte so fr\u00fch wie m\u00f6glich entdeckt werden.<\/span><\/p>\n\n\n\n<blockquote class=\"wp-block-quote is-layout-flow wp-block-quote-is-layout-flow\">\n<p><span style=\"color: #000000;\">zb. Bei einer Verpaarung eines<\/span><\/p>\n\n\n\n<p><span style=\"color: #000000;\">&nbsp;HC -\/- &#8222;befallen&#8220; R\u00fcden&nbsp;mit einer&nbsp;HC -\/- &#8222;befallen&#8220; H\u00fcndin<\/span><\/p>\n\n\n\n<p><span style=\"color: #000000;\">werden die Welpen zu<\/span><\/p>\n\n\n\n<p><span style=\"color: #000000;\">&nbsp; 0% +\/+&#8220;frei&#8220;,&nbsp;0% +\/-&#8222;Tr\u00e4ger&#8220;&nbsp;und&nbsp;100% -\/-&#8222;befallen&#8220;<\/span><\/p>\n<\/blockquote>\n\n\n\n<p><span style=\"color: #000000;\">(Diese Verpaarung ist laut FCI\/\u00d6KV nicht gestattet und sollte auch nie durchgef\u00fchrt werden)<\/span><\/p>\n\n\n\n<h2 class=\"wp-block-heading\"><span style=\"color: #3366ff;\">DM- Degeneration Myelin<\/span><\/h2>\n\n\n\n<p><span style=\"color: #000000;\">Myelopathie (myel\u00f3s = R\u00fcckenmark, patheia = Krankheit) ist eine langsam fortschreitende Neurologische Erkrankung, welche die Zerst\u00f6rung (Degeneration) der Nervenh\u00fclle (Myelin) im R\u00fcckenmark bewirkt.<\/span><\/p>\n\n\n\n<p><span style=\"color: #000000;\">Die Diagnose wurde fr\u00fcher durch Ausschlussverfahren gestellt. Es mussten R\u00fcckenmarkinfarkt, Bandscheibenvorfall, Cauda-Equina, Stenose (Verengung des Wirbelkanals) und Tumore ausgeschlossen werden. Unz\u00e4hlige Untersuchungen, R\u00f6ntgen, Myelographie, MRI (Magnetic resonance imaging) usw. mussten Hund und Halter hinter sich bringen.<\/span><br><span style=\"color: #000000;\"> Heute reicht ein Bluttest zur Erkennung dieser Erkrankung aus!<\/span><\/p>\n\n\n\n<p><span style=\"color: #000000;\">Es gibt die M\u00f6glichkeit, dass ein Hunde&nbsp;DM &#8222;frei&#8220;&nbsp;,&nbsp;&#8222;Tr\u00e4ger&#8220;&nbsp;oder&nbsp;&#8222;befallen&#8220;&nbsp;ist.<\/span><\/p>\n\n\n\n<blockquote class=\"wp-block-quote is-layout-flow wp-block-quote-is-layout-flow\">\n<p><span style=\"color: #000000;\">zb. Bei einer Verpaarung eines<\/span><\/p>\n\n\n\n<p><span style=\"color: #000000;\">&nbsp;DM +\/+ R\u00fcden&nbsp;mit einer&nbsp;DM&nbsp;+\/+ H\u00fcndin<\/span><\/p>\n\n\n\n<p><span style=\"color: #000000;\">werden die Welpen zu<\/span><\/p>\n\n\n\n<p><span style=\"color: #000000;\">&nbsp;100% +\/+&#8220;frei&#8220;,&nbsp;0% +\/-&#8222;Tr\u00e4ger&#8220;&nbsp;und&nbsp;0% -\/-&#8222;befallen&#8220;<\/span><\/p>\n<\/blockquote>\n\n\n\n<p><span style=\"color: #000000;\">(Diese Verpaarung ist laut FCI\/\u00d6KV gestattet)<\/span><\/p>\n\n\n\n<h2 class=\"wp-block-heading\"><span style=\"color: #3366ff;\">HD &#8211; H\u00fcftgelenksdysplasie<\/span><\/h2>\n\n\n\n<p><span style=\"color: #000000;\">H\u00fcftgelenksdysplasie (HD) findet sich in allen Hunderassen und ist im Grunde eine schlechte Entwicklung des H\u00fcftgelenks. Diese Krankheit ist nicht ausgel\u00f6st durch ein einzelnes Paar von Genen. Es ist vielmehr &#8222;polygenetisch&#8220;. Das bedeutet, da\u00df mehrere Paare von Genen f\u00fcr den Zustand und die Entwicklung des H\u00fcftgelenks verantwortlich ist. Dies widerrum macht die Krankheit schwer zu verstehen und schwierig, die genetische Vererbung, die damit verbunden ist, zu begreifen.<\/span><\/p>\n\n\n\n<p><span style=\"color: #000000;\">Man hat herausgefunden, da\u00df das Auftreten von HD gemindert werden kann durch sorgf\u00e4ltige Auswahl der Zuchttiere. Australian Shepherd Z\u00fcchter waren die F\u00fchrer bei der Kontrolle dieser Krankheit in der Rasse.<\/span><\/p>\n\n\n\n<p><span style=\"color: #000000;\">Warum ist HD so gef\u00e4hrlich? Lahmheit die variiert von leicht bis hin zu schwerem Hinken kann vorkommen, \u00fcblicherweise im Alter zwischen 6 Monaten und einem Jahr oder bei alten Hunden. Einige Hunde zeigen niemals diese Lahmheit obgleich sie die Krankheit in sich tragen. Diese Hunde k\u00f6nnen laufen und springen, aber sie vererben die Krankheit an ihre Nachzucht.<\/span><\/p>\n\n\n\n<p><span style=\"color: #000000;\">HD kann durch eine R\u00f6ntgenaufnahme durch einen&nbsp; Tierarzt diagnostiziert werden zwischen 12- und 18 Monaten. Gewissenhafte Z\u00fcchter paaren keine Hunde an, dessen HD Ergebnisse schlechter als HD&nbsp;B sind. Ein Tier, dessen Ergebnis HD verdaacht,&nbsp;leicht, mittel oder schwer lautet, sollte nicht zur Zucht verwendet werden.<\/span><\/p>\n\n\n\n<h2 class=\"wp-block-heading\"><span style=\"color: #3366ff;\">ED &#8211;&nbsp;Ellenbogengelenksdysplasie<\/span><\/h2>\n\n\n\n<p><span style=\"color: #000000;\">Unter ED versteht man eine Miss- oder Fehlentwicklung im Bereich des Ellbogengelenkes, welche&nbsp;durch das nicht Zusammenpassen der gelenkbeteiligten Knochen zu einer der Erkrankung des Gelenkes f\u00fchrt.<\/span><\/p>\n\n\n\n<p><span style=\"color: #000000;\">Die ED-Krankheit&nbsp;kann von verschiedenen Ursachen ausgel\u00f6st werden:<\/span><\/p>\n\n\n\n<blockquote class=\"wp-block-quote is-layout-flow wp-block-quote-is-layout-flow\">\n<p><span style=\"color: #000000;\">Es kann&nbsp;genetisch bedingt sein (Erbkrankheit)&nbsp;od.<\/span><\/p>\n\n\n\n<p><span style=\"color: #000000;\">durch \u00dcberlastung od. Unfall&nbsp;Ursachen&nbsp;im ersten Jahr.<\/span><\/p>\n<\/blockquote>\n\n\n\n<p><span style=\"color: #000000;\">Jede der genannten Ursachen k\u00f6nnen separat oder gemischt auftreten, was nicht immer einfach zu unterscheiden ist.<\/span><\/p>\n\n\n\n<p><span style=\"color: #000000;\">Wichtig ist dabei:<\/span><\/p>\n\n\n\n<blockquote class=\"wp-block-quote is-layout-flow wp-block-quote-is-layout-flow\">\n<p><span style=\"color: #000000;\">Dass die genetische Erkrankung nur durch&nbsp;gezielte Zucht kontrolliert werden kann,<\/span><\/p>\n\n\n\n<p><span style=\"color: #000000;\">und durch eine gute Aufzucht und Haltung im jugendlichen Alter kann ED verhindert od. minimiert werden.<\/span><\/p>\n<\/blockquote>\n","protected":false},"excerpt":{"rendered":"<p>Der Australian Shepherd ist solange eine gesunde Rasse solange man sie Kontrolliert! Heutzutage ist dies mit&nbsp;einfache Gen Tests m\u00f6glich! Kein seri\u00f6ser Z\u00fcchter sollte daran sparen es geht um die&nbsp;Gesundheit&nbsp;f\u00fcr die Rasse.&nbsp;Unsere Zuchthunde gehen J\u00e4hrlich zur Augenkontrolle ECVO und sin Genetisch \u00fcber alle Krankheiten in einen Labor ausgetestet werden. Die h\u00e4ufigsten \u2026 <a class=\"continue-reading-link\" href=\"https:\/\/www.blue-angeldust.at\/wp\/?page_id=789\"> Continue reading <span class=\"meta-nav\">&rarr; <\/span><\/a><\/p>\n","protected":false},"author":1,"featured_media":0,"parent":0,"menu_order":0,"comment_status":"closed","ping_status":"closed","template":"","meta":{"footnotes":""},"class_list":["post-789","page","type-page","status-publish","hentry"],"_links":{"self":[{"href":"https:\/\/www.blue-angeldust.at\/wp\/index.php?rest_route=\/wp\/v2\/pages\/789","targetHints":{"allow":["GET"]}}],"collection":[{"href":"https:\/\/www.blue-angeldust.at\/wp\/index.php?rest_route=\/wp\/v2\/pages"}],"about":[{"href":"https:\/\/www.blue-angeldust.at\/wp\/index.php?rest_route=\/wp\/v2\/types\/page"}],"author":[{"embeddable":true,"href":"https:\/\/www.blue-angeldust.at\/wp\/index.php?rest_route=\/wp\/v2\/users\/1"}],"replies":[{"embeddable":true,"href":"https:\/\/www.blue-angeldust.at\/wp\/index.php?rest_route=%2Fwp%2Fv2%2Fcomments&post=789"}],"version-history":[{"count":16,"href":"https:\/\/www.blue-angeldust.at\/wp\/index.php?rest_route=\/wp\/v2\/pages\/789\/revisions"}],"predecessor-version":[{"id":88611,"href":"https:\/\/www.blue-angeldust.at\/wp\/index.php?rest_route=\/wp\/v2\/pages\/789\/revisions\/88611"}],"wp:attachment":[{"href":"https:\/\/www.blue-angeldust.at\/wp\/index.php?rest_route=%2Fwp%2Fv2%2Fmedia&parent=789"}],"curies":[{"name":"wp","href":"https:\/\/api.w.org\/{rel}","templated":true}]}}