{"id":762,"date":"2017-01-04T20:51:26","date_gmt":"2017-01-04T19:51:26","guid":{"rendered":"http:\/\/www.blue-angeldust.at\/wp\/?page_id=762"},"modified":"2023-08-24T08:47:11","modified_gmt":"2023-08-24T06:47:11","slug":"cold-mountains-angel-1","status":"publish","type":"page","link":"https:\/\/www.blue-angeldust.at\/wp\/?page_id=762","title":{"rendered":"Cold Mountains Angel"},"content":{"rendered":"<div class=\"wp-block-image is-style-rounded\">\n<figure class=\"aligncenter size-large is-resized\"><img loading=\"lazy\" decoding=\"async\" src=\"http:\/\/www.blue-angeldust.at\/wp\/wp-content\/uploads\/2018\/05\/Angel-Shooting-2.jpg\" alt=\"\" class=\"wp-image-4486\" style=\"width:447px;height:298px\" width=\"447\" height=\"298\" srcset=\"https:\/\/www.blue-angeldust.at\/wp\/wp-content\/uploads\/2018\/05\/Angel-Shooting-2.jpg 640w, https:\/\/www.blue-angeldust.at\/wp\/wp-content\/uploads\/2018\/05\/Angel-Shooting-2-300x200.jpg 300w, https:\/\/www.blue-angeldust.at\/wp\/wp-content\/uploads\/2018\/05\/Angel-Shooting-2-150x100.jpg 150w, https:\/\/www.blue-angeldust.at\/wp\/wp-content\/uploads\/2018\/05\/Angel-Shooting-2-225x150.jpg 225w\" sizes=\"auto, (max-width: 447px) 100vw, 447px\" \/><figcaption class=\"wp-element-caption\"><span style=\"background-color:rgba(0, 0, 0, 0);color:#4c0a7f\" class=\"has-inline-color\"><strong>Schweren Herzens m\u00fcssen wir Abschied von dir nehmen.<\/strong><br><strong>Der Abschied bringt jedoch\u00a0viele Erinnerungen mit sich<br>\u2013 Erinnerungen an eine sch\u00f6ne Zeit mit dir, f\u00fcr welche<br>wir dir von ganzen Herzen danken m\u00f6chten.<br>Wir werden dich\u00a0 immer\u00a0 in\u00a0 unseren\u00a0 Herzen\u00a0 tragen!<br>Ich vermisse dich jeden Tag mein Engel&#8230;.&#x2728;<\/strong><\/span><\/figcaption><\/figure><\/div>\n\n<table style=\"height: 488px;\" width=\"530\">\n<tbody>\n<tr>\n<td rowspan=\"15\"><img loading=\"lazy\" decoding=\"async\" class=\"alignnone wp-image-4485\" src=\"http:\/\/www.blue-angeldust.at\/wp\/wp-content\/uploads\/2018\/05\/Angel-Shooting-1-244x300.jpg\" alt=\"\" width=\"278\" height=\"342\" srcset=\"https:\/\/www.blue-angeldust.at\/wp\/wp-content\/uploads\/2018\/05\/Angel-Shooting-1-244x300.jpg 244w, https:\/\/www.blue-angeldust.at\/wp\/wp-content\/uploads\/2018\/05\/Angel-Shooting-1-122x150.jpg 122w, https:\/\/www.blue-angeldust.at\/wp\/wp-content\/uploads\/2018\/05\/Angel-Shooting-1.jpg 480w\" sizes=\"auto, (max-width: 278px) 100vw, 278px\" \/>\n<p style=\"text-align: center;\"><a href=\"http:\/\/www.blue-angeldust.at\/wp\/?page_id=24\" target=\"_blank\" rel=\"noopener noreferrer\">Angel\u00b4s Pedigree<\/a><\/p>\n<p style=\"text-align: center;\"><a href=\"http:\/\/www.blue-angeldust.at\/wp\/?page_id=112\" target=\"_blank\" rel=\"noopener noreferrer\">Angel\u00b4s Austellungs Erfolge<\/a><\/p>\n<div style=\"text-align: center;\"><a href=\"https:\/\/www.blue-angeldust.at\/wp\/?cat=18&amp;customize_changeset_uuid=1dcad5a4-1027-42f4-a069-d2b22e5e72ca&amp;customize_autosaved=on\" target=\"_blank\" rel=\"noopener\">Agility Erfolge FCI\/\u00d6KV Turniere<\/a><\/div>\n<div style=\"text-align: center;\"><a href=\"https:\/\/www.blue-angeldust.at\/wp\/?cat=24&amp;customize_changeset_uuid=1dcad5a4-1027-42f4-a069-d2b22e5e72ca&amp;customize_autosaved=on\" target=\"_blank\" rel=\"noopener\">Agility Erfolge Turniere<\/a><\/div>\n<\/td>\n<td style=\"height: 6px; text-align: left;\">\u00a0Papiere:<\/td>\n<td>\u00a0Asca\/\u00d6KV FCI<\/td>\n<\/tr>\n<tr>\n<td style=\"width: 100px; height: 6px;\">\u00a0Geb.:<\/td>\n<td>\u00a004.05.2008<\/td>\n<\/tr>\n<tr>\n<td style=\"height: 6px;\">\u00a0Gr\u00f6\u00dfe:<\/td>\n<td>\u00a050 cm<\/td>\n<\/tr>\n<tr>\n<td style=\"height: 6px;\">\u00a0Gewicht:<\/td>\n<td>\u00a018 Kilo<\/td>\n<\/tr>\n<tr>\n<td style=\"height: 6px;\">\u00a0Farbe:<\/td>\n<td>\u00a0Blue Merle<\/td>\n<\/tr>\n<tr>\n<td style=\"height: 6px;\">\u00a0HD:<\/td>\n<td>\u00a0B<\/td>\n<\/tr>\n<tr>\n<td style=\"height: 6px;\">\u00a0ED:<\/td>\n<td>\u00a0frei<\/td>\n<\/tr>\n<tr>\n<td style=\"height: 6px;\">\u00a0OD, Pattela:<\/td>\n<td>\u00a0frei<\/td>\n<\/tr>\n<tr>\n<td style=\"height: 6px;\">\u00a0Gebiss<\/td>\n<td>\u00a0Vollst. Scherrengebiss<\/td>\n<\/tr>\n<tr>\n<td>\u00a0MDR:<\/td>\n<td>\u00a0N\/N (frei)<\/td>\n<\/tr>\n<tr>\n<td>\u00a0PRA:<\/td>\n<td>\u00a0N\/N (frei)<\/td>\n<\/tr>\n<tr>\n<td>\u00a0CEA:<\/td>\n<td>\u00a0N\/-<\/td>\n<\/tr>\n<tr>\n<td>\u00a0HSF4\/HC:<\/td>\n<td>\u00a0N\/N (frei)<\/td>\n<\/tr>\n<tr>\n<td>\u00a0Agility:<\/td>\n<td>Lk1, Lk2, Lk3, Oldies<\/td>\n<\/tr>\n<tr>\n<td>\u00a0Asubildung:<\/td>\n<td>BGH1<\/td>\n<\/tr>\n<\/tbody>\n<\/table>\n<h2 style=\"text-align: center;\">Angel mein Seelenhund<\/h2>\n<p>Angel war mein erster Aussie den ich mir schon immer gew\u00fcnscht habe. Sie war ein ausgezeichneter Lehrer f\u00fcr mich und er\u00f6ffnete mir alle Wege. Daher sie einen starken Charakter hatte liebe ich sie um so mehr. Durch ihre Mimik und Art und wei\u00dfe erkennt man sofort was bei ihr gerade im Kopf so abgeht <img decoding=\"async\" src=\"http:\/\/www.blue-angeldust.at\/wp\/wp-content\/plugins\/wp-edit\/plugins\/emoticons\/img\/smiley-laughing.gif\" \/> (das ist ein Wahnsinn)Sie war in der Zucht einfach Top immer kern gesund und immer voll dabei in der Mama rolle. Wenn wir keinen Wurf hatten waren wir flei\u00dfig im Agility unterwegs und sie gab immer ihr bestes. Sie erf\u00fcllte mir einen Traum nach den anderen und schenkte mir dann noch meine erw\u00fcnschte Red Tri H\u00fcndin Sally <img decoding=\"async\" src=\"http:\/\/www.blue-angeldust.at\/wp\/wp-content\/plugins\/wp-edit\/plugins\/emoticons\/img\/smiley-embarassed.gif\" \/> Wir haben alles gemacht was Spa\u00df macht wanderreiten, Dogfrisbee, Agility usw nur UO war nicht so ihres und auch nicht meines.<\/p>\n<p>Angel wurde nach ihren letzten Wurf kastriert und durfte nun als Oma die Welpen flei\u00dfig mit erziehen. Auch aus den<img loading=\"lazy\" decoding=\"async\" class=\"size-medium wp-image-100 alignright\" src=\"http:\/\/www.blue-angeldust.at\/wp\/wp-content\/uploads\/2008\/08\/8 wochen schnell weg-300x200.jpg\" alt=\"\" width=\"300\" height=\"200\" srcset=\"https:\/\/www.blue-angeldust.at\/wp\/wp-content\/uploads\/2008\/08\/8%20wochen%20schnell%20weg-300x200.jpg 300w, https:\/\/www.blue-angeldust.at\/wp\/wp-content\/uploads\/2008\/08\/8%20wochen%20schnell%20weg-768x512.jpg 768w, https:\/\/www.blue-angeldust.at\/wp\/wp-content\/uploads\/2008\/08\/8%20wochen%20schnell%20weg-1024x683.jpg 1024w, https:\/\/www.blue-angeldust.at\/wp\/wp-content\/uploads\/2008\/08\/8%20wochen%20schnell%20weg-1200x800.jpg 1200w, https:\/\/www.blue-angeldust.at\/wp\/wp-content\/uploads\/2008\/08\/8%20wochen%20schnell%20weg.jpg 1920w\" sizes=\"auto, (max-width: 300px) 100vw, 300px\" \/> Turnier geschehen habe ich sie in dieser Zeit raus genommen aber sie durfte weiterhin noch am Hundeplatz\u00a0sich\u00a0gen\u00fcgend austoben und auf der Couch faulenzen.&#x1f604;<\/p>\n<p>Sie erf\u00fcllte mir auch noch meinen letzten gro\u00dfen Wunsch bevor sie uns verlassen hatte. Sie sollte unbedingt bei meiner Hochzeit dabei sein und so wie es bei ihr \u00fcblich war mein Wille geschehe sie erf\u00fcllte mir 2018 auch noch diesen Wunsch.<\/p>\n<p><b>Der Abschied 2019 viel mir sehr sehr schwer und konnte es einfach nicht glauben. Ich vermisse dich jeden Tag, ich denke an dich jeden Tag, du lebst in meinen Herzen, in deiner Nachzucht und in meiner Zucht f\u00fcr immer weiter. DU bist und warst der Perfekter Freund, Begleiter,\u00a0 mein Stimmungsring, mein Seelenhund f\u00fcr mich.&#x1f62a;&#x1f49c;<\/b><\/p>\n<p>[sswp-slide sswpid=4274]<\/p>\n<p>[sswp-slide sswpid=4272]<\/p>\n<p><img loading=\"lazy\" decoding=\"async\" class=\"aligncenter wp-image-1547 size-full\" src=\"http:\/\/www.blue-angeldust.at\/wp\/wp-content\/uploads\/2017\/01\/angel.jpg\" alt=\"\" width=\"448\" height=\"280\" srcset=\"https:\/\/www.blue-angeldust.at\/wp\/wp-content\/uploads\/2017\/01\/angel.jpg 448w, https:\/\/www.blue-angeldust.at\/wp\/wp-content\/uploads\/2017\/01\/angel-300x188.jpg 300w, https:\/\/www.blue-angeldust.at\/wp\/wp-content\/uploads\/2017\/01\/angel-240x150.jpg 240w, https:\/\/www.blue-angeldust.at\/wp\/wp-content\/uploads\/2017\/01\/angel-150x94.jpg 150w\" sizes=\"auto, (max-width: 448px) 100vw, 448px\" \/><\/p>\n\n\n<figure class=\"wp-block-gallery has-nested-images columns-6 is-cropped wp-block-gallery-1 is-layout-flex wp-block-gallery-is-layout-flex\">\n<figure class=\"wp-block-image size-large\"><img loading=\"lazy\" decoding=\"async\" width=\"640\" height=\"480\" data-id=\"66\" src=\"https:\/\/www.blue-angeldust.at\/wp\/wp-content\/uploads\/2006\/10\/angel 1 woche.gif\" alt=\"\" class=\"wp-image-66\" srcset=\"https:\/\/www.blue-angeldust.at\/wp\/wp-content\/uploads\/2006\/10\/angel%201%20woche.gif 640w, https:\/\/www.blue-angeldust.at\/wp\/wp-content\/uploads\/2006\/10\/angel%201%20woche-300x225.gif 300w\" sizes=\"auto, (max-width: 640px) 100vw, 640px\" \/><\/figure>\n\n\n\n<figure class=\"wp-block-image size-large\"><img loading=\"lazy\" decoding=\"async\" width=\"367\" height=\"550\" data-id=\"241\" src=\"https:\/\/www.blue-angeldust.at\/wp\/wp-content\/uploads\/2006\/10\/c_wurf_angel_2.jpg\" alt=\"angel_2\" class=\"wp-image-241\" srcset=\"https:\/\/www.blue-angeldust.at\/wp\/wp-content\/uploads\/2006\/10\/c_wurf_angel_2.jpg 367w, https:\/\/www.blue-angeldust.at\/wp\/wp-content\/uploads\/2006\/10\/c_wurf_angel_2-200x300.jpg 200w\" sizes=\"auto, (max-width: 367px) 100vw, 367px\" \/><\/figure>\n\n\n\n<figure class=\"wp-block-image size-large\"><img loading=\"lazy\" decoding=\"async\" width=\"321\" height=\"640\" data-id=\"59\" src=\"https:\/\/www.blue-angeldust.at\/wp\/wp-content\/uploads\/2006\/10\/angel htten.jpg\" alt=\"\" class=\"wp-image-59\" srcset=\"https:\/\/www.blue-angeldust.at\/wp\/wp-content\/uploads\/2006\/10\/angel%20htten.jpg 321w, https:\/\/www.blue-angeldust.at\/wp\/wp-content\/uploads\/2006\/10\/angel%20htten-150x300.jpg 150w\" sizes=\"auto, (max-width: 321px) 100vw, 321px\" \/><\/figure>\n\n\n\n<figure class=\"wp-block-image size-large\"><img loading=\"lazy\" decoding=\"async\" width=\"333\" height=\"500\" data-id=\"45\" src=\"https:\/\/www.blue-angeldust.at\/wp\/wp-content\/uploads\/2006\/10\/angel_juni2010.jpg\" alt=\"\" class=\"wp-image-45\"\/><\/figure>\n\n\n\n<figure class=\"wp-block-image size-large\"><img loading=\"lazy\" decoding=\"async\" width=\"427\" height=\"640\" data-id=\"6764\" src=\"https:\/\/www.blue-angeldust.at\/wp\/wp-content\/uploads\/2021\/06\/a11.jpg\" alt=\"\" class=\"wp-image-6764\" srcset=\"https:\/\/www.blue-angeldust.at\/wp\/wp-content\/uploads\/2021\/06\/a11.jpg 427w, https:\/\/www.blue-angeldust.at\/wp\/wp-content\/uploads\/2021\/06\/a11-200x300.jpg 200w, https:\/\/www.blue-angeldust.at\/wp\/wp-content\/uploads\/2021\/06\/a11-100x150.jpg 100w\" sizes=\"auto, (max-width: 427px) 100vw, 427px\" \/><\/figure>\n\n\n\n<figure class=\"wp-block-image size-large\"><img loading=\"lazy\" decoding=\"async\" width=\"427\" height=\"640\" data-id=\"1130\" src=\"https:\/\/www.blue-angeldust.at\/wp\/wp-content\/uploads\/2017\/01\/Angel-2.jpg\" alt=\"\" class=\"wp-image-1130\" srcset=\"https:\/\/www.blue-angeldust.at\/wp\/wp-content\/uploads\/2017\/01\/Angel-2.jpg 427w, https:\/\/www.blue-angeldust.at\/wp\/wp-content\/uploads\/2017\/01\/Angel-2-200x300.jpg 200w, https:\/\/www.blue-angeldust.at\/wp\/wp-content\/uploads\/2017\/01\/Angel-2-100x150.jpg 100w\" sizes=\"auto, (max-width: 427px) 100vw, 427px\" \/><\/figure>\n<\/figure>\n","protected":false},"excerpt":{"rendered":"<p>Angel\u00b4s Pedigree Angel\u00b4s Austellungs Erfolge Agility Erfolge FCI\/\u00d6KV Turniere Agility Erfolge Turniere \u00a0Papiere: \u00a0Asca\/\u00d6KV FCI \u00a0Geb.: \u00a004.05.2008 \u00a0Gr\u00f6\u00dfe: \u00a050 cm \u00a0Gewicht: \u00a018 Kilo \u00a0Farbe: \u00a0Blue Merle \u00a0HD: \u00a0B \u00a0ED: \u00a0frei \u00a0OD, Pattela: \u00a0frei \u00a0Gebiss \u00a0Vollst. Scherrengebiss \u00a0MDR: \u00a0N\/N (frei) \u00a0PRA: \u00a0N\/N (frei) \u00a0CEA: \u00a0N\/- \u00a0HSF4\/HC: \u00a0N\/N (frei) \u00a0Agility: Lk1, Lk2, \u2026 <a class=\"continue-reading-link\" href=\"https:\/\/www.blue-angeldust.at\/wp\/?page_id=762\"> Continue reading <span class=\"meta-nav\">&rarr; <\/span><\/a><\/p>\n","protected":false},"author":1,"featured_media":0,"parent":0,"menu_order":0,"comment_status":"closed","ping_status":"closed","template":"","meta":{"footnotes":""},"class_list":["post-762","page","type-page","status-publish","hentry"],"_links":{"self":[{"href":"https:\/\/www.blue-angeldust.at\/wp\/index.php?rest_route=\/wp\/v2\/pages\/762","targetHints":{"allow":["GET"]}}],"collection":[{"href":"https:\/\/www.blue-angeldust.at\/wp\/index.php?rest_route=\/wp\/v2\/pages"}],"about":[{"href":"https:\/\/www.blue-angeldust.at\/wp\/index.php?rest_route=\/wp\/v2\/types\/page"}],"author":[{"embeddable":true,"href":"https:\/\/www.blue-angeldust.at\/wp\/index.php?rest_route=\/wp\/v2\/users\/1"}],"replies":[{"embeddable":true,"href":"https:\/\/www.blue-angeldust.at\/wp\/index.php?rest_route=%2Fwp%2Fv2%2Fcomments&post=762"}],"version-history":[{"count":88,"href":"https:\/\/www.blue-angeldust.at\/wp\/index.php?rest_route=\/wp\/v2\/pages\/762\/revisions"}],"predecessor-version":[{"id":87174,"href":"https:\/\/www.blue-angeldust.at\/wp\/index.php?rest_route=\/wp\/v2\/pages\/762\/revisions\/87174"}],"wp:attachment":[{"href":"https:\/\/www.blue-angeldust.at\/wp\/index.php?rest_route=%2Fwp%2Fv2%2Fmedia&parent=762"}],"curies":[{"name":"wp","href":"https:\/\/api.w.org\/{rel}","templated":true}]}}