{"id":757,"date":"2017-01-04T20:42:58","date_gmt":"2017-01-04T19:42:58","guid":{"rendered":"http:\/\/www.blue-angeldust.at\/wp\/?page_id=757"},"modified":"2025-10-08T10:28:53","modified_gmt":"2025-10-08T08:28:53","slug":"design-duke-of-blue-angeldust","status":"publish","type":"page","link":"https:\/\/www.blue-angeldust.at\/wp\/?page_id=757","title":{"rendered":"Design Duke of Blue Angeldust"},"content":{"rendered":"\n<p><b><strong>***Duke steht als Deckr\u00fcde gesunden und ausgew\u00e4hlten H\u00fcndinnen mit FCI Papiere zur Verf\u00fcgung***<\/strong><\/b><\/p>\n\n\n\n<figure class=\"wp-block-image size-large is-style-default\"><img loading=\"lazy\" decoding=\"async\" width=\"1024\" height=\"683\" src=\"http:\/\/www.blue-angeldust.at\/wp\/wp-content\/uploads\/2017\/01\/duke-r\u00fcde-1024x683.jpg\" alt=\"\" class=\"wp-image-2883\" srcset=\"https:\/\/www.blue-angeldust.at\/wp\/wp-content\/uploads\/2017\/01\/duke-r\u00fcde-1024x683.jpg 1024w, https:\/\/www.blue-angeldust.at\/wp\/wp-content\/uploads\/2017\/01\/duke-r\u00fcde-300x200.jpg 300w, https:\/\/www.blue-angeldust.at\/wp\/wp-content\/uploads\/2017\/01\/duke-r\u00fcde-768x512.jpg 768w, https:\/\/www.blue-angeldust.at\/wp\/wp-content\/uploads\/2017\/01\/duke-r\u00fcde-225x150.jpg 225w, https:\/\/www.blue-angeldust.at\/wp\/wp-content\/uploads\/2017\/01\/duke-r\u00fcde-150x100.jpg 150w, https:\/\/www.blue-angeldust.at\/wp\/wp-content\/uploads\/2017\/01\/duke-r\u00fcde.jpg 1440w\" sizes=\"auto, (max-width: 1024px) 100vw, 1024px\" \/><\/figure>\n\n\n\n<div class=\"wp-block-media-text alignwide has-media-on-the-right is-stacked-on-mobile is-vertically-aligned-center\" style=\"grid-template-columns:auto 47%\"><div class=\"wp-block-media-text__content\">\n<div class=\"wp-block-columns is-layout-flex wp-container-core-columns-is-layout-9d6595d7 wp-block-columns-is-layout-flex\">\n<div class=\"wp-block-column is-layout-flow wp-block-column-is-layout-flow\" style=\"flex-basis:100%\">\n<blockquote class=\"wp-block-quote has-text-align-center is-layout-flow wp-block-quote-is-layout-flow\">\n<p><a href=\"http:\/\/www.blue-angeldust.at\/wp\/?p=260\" target=\"_blank\" rel=\"noreferrer noopener\">Duke\u00b4s Pedigree<\/a><\/p>\n\n\n\n<p><\/p>\n\n\n\n<p><\/p>\n<\/blockquote>\n<\/div>\n<\/div>\n<\/div><figure class=\"wp-block-media-text__media\"><img loading=\"lazy\" decoding=\"async\" width=\"1024\" height=\"683\" src=\"http:\/\/www.blue-angeldust.at\/wp\/wp-content\/uploads\/2019\/03\/Duke-3-1024x683.jpg\" alt=\"\" class=\"wp-image-4564 size-full\" srcset=\"https:\/\/www.blue-angeldust.at\/wp\/wp-content\/uploads\/2019\/03\/Duke-3-1024x683.jpg 1024w, https:\/\/www.blue-angeldust.at\/wp\/wp-content\/uploads\/2019\/03\/Duke-3-300x200.jpg 300w, https:\/\/www.blue-angeldust.at\/wp\/wp-content\/uploads\/2019\/03\/Duke-3-768x512.jpg 768w, https:\/\/www.blue-angeldust.at\/wp\/wp-content\/uploads\/2019\/03\/Duke-3-150x100.jpg 150w, https:\/\/www.blue-angeldust.at\/wp\/wp-content\/uploads\/2019\/03\/Duke-3-225x150.jpg 225w, https:\/\/www.blue-angeldust.at\/wp\/wp-content\/uploads\/2019\/03\/Duke-3.jpg 2048w\" sizes=\"auto, (max-width: 1024px) 100vw, 1024px\" \/><\/figure><\/div>\n\n\n\n<p class=\"has-text-align-center\"><b><strong>***Duke will immer gefallen egal ob im Alltag oder im Hundesport***<\/strong><\/b><\/p>\n\n\n<div class=\"wp-block-image is-style-rounded\">\n<figure class=\"alignleft is-resized\"><img loading=\"lazy\" decoding=\"async\" width=\"263\" height=\"300\" src=\"http:\/\/www.blue-angeldust.at\/wp\/wp-content\/uploads\/2017\/01\/duke-4-e1572891181839-263x300.jpg\" alt=\"\" class=\"wp-image-1207\" style=\"width:167px;height:191px\" srcset=\"https:\/\/www.blue-angeldust.at\/wp\/wp-content\/uploads\/2017\/01\/duke-4-e1572891181839-263x300.jpg 263w, https:\/\/www.blue-angeldust.at\/wp\/wp-content\/uploads\/2017\/01\/duke-4-e1572891181839-131x150.jpg 131w, https:\/\/www.blue-angeldust.at\/wp\/wp-content\/uploads\/2017\/01\/duke-4-e1572891181839.jpg 304w\" sizes=\"auto, (max-width: 263px) 100vw, 263px\" \/><\/figure><\/div>\n\n<div class=\"wp-block-image is-style-rounded\">\n<figure class=\"alignright is-resized\"><img loading=\"lazy\" decoding=\"async\" width=\"291\" height=\"300\" src=\"http:\/\/www.blue-angeldust.at\/wp\/wp-content\/uploads\/2017\/01\/duke-8-e1572891069127-291x300.jpg\" alt=\"\" class=\"wp-image-1211\" style=\"width:169px;height:174px\" srcset=\"https:\/\/www.blue-angeldust.at\/wp\/wp-content\/uploads\/2017\/01\/duke-8-e1572891069127-291x300.jpg 291w, https:\/\/www.blue-angeldust.at\/wp\/wp-content\/uploads\/2017\/01\/duke-8-e1572891069127-145x150.jpg 145w, https:\/\/www.blue-angeldust.at\/wp\/wp-content\/uploads\/2017\/01\/duke-8-e1572891069127.jpg 414w\" sizes=\"auto, (max-width: 291px) 100vw, 291px\" \/><\/figure><\/div>\n\n\n<p class=\"has-text-align-left\">Dadurch wir viel Zeit mit Duke verbringen d\u00fcrfen obwohl er nicht bei uns wohnt k\u00f6nnen wir Duke sehr gut beschreiben. Er lebt bei Silvana und Patrick mit seiner Vollschwester Bella vom B Wurf zusammen. Wir haben uns entschlossen mit beiden etwas Agility zu machen und so kam eines nach dem anderen und sind dann sogar mit ihm auf den Turnieren unterwegs auch ab und zu \u00fcbers Wochenende das ist f\u00fcr ihm alles kein Problem. Duke hat ein gutes &#8222;will to please&#8220; und arbeitet sehr flei\u00dfig mit&nbsp;uns. Es dauerte ein bisschen bis er in dieses Sport gefestigt ist aber nun l\u00e4uft er mit jeden im Parcour Hauptsache er darf arbeiten. <img decoding=\"async\" src=\"http:\/\/www.blue-angeldust.at\/wp\/wp-content\/plugins\/wp-edit\/plugins\/emoticons\/img\/smiley-wink.gif\"> Er arbeitet sehr genau und passt immer auf uns auf im Parcour.<\/p>\n\n\n\n<p class=\"has-text-align-center\"><b><strong>****Zu seinen Wesen ist Duke ein leicht f\u00fchriger, verschmuster und stolzer R\u00fcde***<\/strong><\/b><\/p>\n\n\n\n<p>Gegen\u00fcber fremden Menschen ist er am Anfang etwas vorsichtiger, sobald die Bekanntschaft geschlossen ist bl\u00fcht er auf und die Freude ist dann Rie\u00dfen gro\u00df ganz typisch Aussie <img decoding=\"async\" src=\"http:\/\/www.blue-angeldust.at\/wp\/wp-content\/plugins\/wp-edit\/plugins\/emoticons\/img\/smiley-laughing.gif\"><\/p>\n\n\n\n<figure class=\"wp-block-gallery has-nested-images columns-3 is-cropped wp-block-gallery-1 is-layout-flex wp-block-gallery-is-layout-flex\">\n<figure class=\"wp-block-image size-large\"><a href=\"https:\/\/www.blue-angeldust.at\/wp\/wp-content\/uploads\/2018\/01\/Duke-zone.jpg\"><img loading=\"lazy\" decoding=\"async\" width=\"1024\" height=\"768\" data-id=\"4267\" src=\"https:\/\/www.blue-angeldust.at\/wp\/wp-content\/uploads\/2018\/01\/Duke-zone-1024x768.jpg\" alt=\"\" class=\"wp-image-4267\" srcset=\"https:\/\/www.blue-angeldust.at\/wp\/wp-content\/uploads\/2018\/01\/Duke-zone-1024x768.jpg 1024w, https:\/\/www.blue-angeldust.at\/wp\/wp-content\/uploads\/2018\/01\/Duke-zone-300x225.jpg 300w, https:\/\/www.blue-angeldust.at\/wp\/wp-content\/uploads\/2018\/01\/Duke-zone-768x576.jpg 768w, https:\/\/www.blue-angeldust.at\/wp\/wp-content\/uploads\/2018\/01\/Duke-zone-200x150.jpg 200w, https:\/\/www.blue-angeldust.at\/wp\/wp-content\/uploads\/2018\/01\/Duke-zone-150x113.jpg 150w\" sizes=\"auto, (max-width: 1024px) 100vw, 1024px\" \/><\/a><\/figure>\n\n\n\n<figure class=\"wp-block-image size-large\"><a href=\"https:\/\/www.blue-angeldust.at\/wp\/wp-content\/uploads\/2019\/03\/Duke-4.jpg\"><img loading=\"lazy\" decoding=\"async\" width=\"1024\" height=\"733\" data-id=\"4554\" src=\"https:\/\/www.blue-angeldust.at\/wp\/wp-content\/uploads\/2019\/03\/Duke-4-1024x733.jpg\" alt=\"\" class=\"wp-image-4554\" srcset=\"https:\/\/www.blue-angeldust.at\/wp\/wp-content\/uploads\/2019\/03\/Duke-4-1024x733.jpg 1024w, https:\/\/www.blue-angeldust.at\/wp\/wp-content\/uploads\/2019\/03\/Duke-4-300x215.jpg 300w, https:\/\/www.blue-angeldust.at\/wp\/wp-content\/uploads\/2019\/03\/Duke-4-768x550.jpg 768w, https:\/\/www.blue-angeldust.at\/wp\/wp-content\/uploads\/2019\/03\/Duke-4-150x107.jpg 150w, https:\/\/www.blue-angeldust.at\/wp\/wp-content\/uploads\/2019\/03\/Duke-4-210x150.jpg 210w, https:\/\/www.blue-angeldust.at\/wp\/wp-content\/uploads\/2019\/03\/Duke-4.jpg 1080w\" sizes=\"auto, (max-width: 1024px) 100vw, 1024px\" \/><\/a><\/figure>\n\n\n\n<figure class=\"wp-block-image size-large\"><a href=\"https:\/\/www.blue-angeldust.at\/wp\/wp-content\/uploads\/2017\/05\/duke-Agility-2.jpg\"><img loading=\"lazy\" decoding=\"async\" width=\"960\" height=\"631\" data-id=\"3346\" src=\"https:\/\/www.blue-angeldust.at\/wp\/wp-content\/uploads\/2017\/05\/duke-Agility-2.jpg\" alt=\"\" class=\"wp-image-3346\" srcset=\"https:\/\/www.blue-angeldust.at\/wp\/wp-content\/uploads\/2017\/05\/duke-Agility-2.jpg 960w, https:\/\/www.blue-angeldust.at\/wp\/wp-content\/uploads\/2017\/05\/duke-Agility-2-300x197.jpg 300w, https:\/\/www.blue-angeldust.at\/wp\/wp-content\/uploads\/2017\/05\/duke-Agility-2-768x505.jpg 768w, https:\/\/www.blue-angeldust.at\/wp\/wp-content\/uploads\/2017\/05\/duke-Agility-2-228x150.jpg 228w, https:\/\/www.blue-angeldust.at\/wp\/wp-content\/uploads\/2017\/05\/duke-Agility-2-150x99.jpg 150w\" sizes=\"auto, (max-width: 960px) 100vw, 960px\" \/><\/a><\/figure>\n\n\n\n<figure class=\"wp-block-image size-large\"><a href=\"https:\/\/www.blue-angeldust.at\/wp\/wp-content\/uploads\/2019\/03\/duke-agility-2.jpg\"><img loading=\"lazy\" decoding=\"async\" width=\"509\" height=\"621\" data-id=\"4556\" src=\"https:\/\/www.blue-angeldust.at\/wp\/wp-content\/uploads\/2019\/03\/duke-agility-2.jpg\" alt=\"\" class=\"wp-image-4556\" srcset=\"https:\/\/www.blue-angeldust.at\/wp\/wp-content\/uploads\/2019\/03\/duke-agility-2.jpg 509w, https:\/\/www.blue-angeldust.at\/wp\/wp-content\/uploads\/2019\/03\/duke-agility-2-246x300.jpg 246w, https:\/\/www.blue-angeldust.at\/wp\/wp-content\/uploads\/2019\/03\/duke-agility-2-123x150.jpg 123w\" sizes=\"auto, (max-width: 509px) 100vw, 509px\" \/><\/a><\/figure>\n\n\n\n<figure class=\"wp-block-image size-large\"><a href=\"https:\/\/www.blue-angeldust.at\/wp\/wp-content\/uploads\/2019\/03\/Duke-5.jpg\"><img loading=\"lazy\" decoding=\"async\" width=\"720\" height=\"960\" data-id=\"4555\" src=\"https:\/\/www.blue-angeldust.at\/wp\/wp-content\/uploads\/2019\/03\/Duke-5.jpg\" alt=\"\" class=\"wp-image-4555\" srcset=\"https:\/\/www.blue-angeldust.at\/wp\/wp-content\/uploads\/2019\/03\/Duke-5.jpg 720w, https:\/\/www.blue-angeldust.at\/wp\/wp-content\/uploads\/2019\/03\/Duke-5-225x300.jpg 225w, https:\/\/www.blue-angeldust.at\/wp\/wp-content\/uploads\/2019\/03\/Duke-5-113x150.jpg 113w\" sizes=\"auto, (max-width: 720px) 100vw, 720px\" \/><\/a><\/figure>\n\n\n\n<figure class=\"wp-block-image size-large\"><a href=\"https:\/\/www.blue-angeldust.at\/wp\/wp-content\/uploads\/2006\/10\/duke.jpg\"><img loading=\"lazy\" decoding=\"async\" width=\"683\" height=\"1024\" data-id=\"453\" src=\"https:\/\/www.blue-angeldust.at\/wp\/wp-content\/uploads\/2006\/10\/duke-683x1024.jpg\" alt=\"\" class=\"wp-image-453\" srcset=\"https:\/\/www.blue-angeldust.at\/wp\/wp-content\/uploads\/2006\/10\/duke-683x1024.jpg 683w, https:\/\/www.blue-angeldust.at\/wp\/wp-content\/uploads\/2006\/10\/duke-200x300.jpg 200w, https:\/\/www.blue-angeldust.at\/wp\/wp-content\/uploads\/2006\/10\/duke-768x1152.jpg 768w, https:\/\/www.blue-angeldust.at\/wp\/wp-content\/uploads\/2006\/10\/duke-1200x1800.jpg 1200w, https:\/\/www.blue-angeldust.at\/wp\/wp-content\/uploads\/2006\/10\/duke.jpg 1280w\" sizes=\"auto, (max-width: 683px) 100vw, 683px\" \/><\/a><\/figure>\n<\/figure>\n\n\n\n<figure class=\"wp-block-gallery has-nested-images columns-3 is-cropped wp-block-gallery-2 is-layout-flex wp-block-gallery-is-layout-flex\">\n<figure class=\"wp-block-image size-large\"><a href=\"https:\/\/www.blue-angeldust.at\/wp\/?attachment_id=1346\"><img loading=\"lazy\" decoding=\"async\" width=\"432\" height=\"640\" data-id=\"1346\" src=\"https:\/\/www.blue-angeldust.at\/wp\/wp-content\/uploads\/2017\/01\/duke-26.jpg\" alt=\"\" class=\"wp-image-1346\" srcset=\"https:\/\/www.blue-angeldust.at\/wp\/wp-content\/uploads\/2017\/01\/duke-26.jpg 432w, https:\/\/www.blue-angeldust.at\/wp\/wp-content\/uploads\/2017\/01\/duke-26-203x300.jpg 203w, https:\/\/www.blue-angeldust.at\/wp\/wp-content\/uploads\/2017\/01\/duke-26-101x150.jpg 101w\" sizes=\"auto, (max-width: 432px) 100vw, 432px\" \/><\/a><\/figure>\n\n\n\n<figure class=\"wp-block-image size-large\"><a href=\"https:\/\/www.blue-angeldust.at\/wp\/?attachment_id=1215\"><img loading=\"lazy\" decoding=\"async\" width=\"427\" height=\"640\" data-id=\"1215\" src=\"https:\/\/www.blue-angeldust.at\/wp\/wp-content\/uploads\/2017\/01\/duke-12.jpg\" alt=\"\" class=\"wp-image-1215\" srcset=\"https:\/\/www.blue-angeldust.at\/wp\/wp-content\/uploads\/2017\/01\/duke-12.jpg 427w, https:\/\/www.blue-angeldust.at\/wp\/wp-content\/uploads\/2017\/01\/duke-12-200x300.jpg 200w, https:\/\/www.blue-angeldust.at\/wp\/wp-content\/uploads\/2017\/01\/duke-12-100x150.jpg 100w\" sizes=\"auto, (max-width: 427px) 100vw, 427px\" \/><\/a><\/figure>\n\n\n\n<figure class=\"wp-block-image size-large\"><a href=\"https:\/\/www.blue-angeldust.at\/wp\/?attachment_id=1206\"><img loading=\"lazy\" decoding=\"async\" width=\"551\" height=\"480\" data-id=\"1206\" src=\"https:\/\/www.blue-angeldust.at\/wp\/wp-content\/uploads\/2017\/01\/duke-3.jpg\" alt=\"\" class=\"wp-image-1206\" srcset=\"https:\/\/www.blue-angeldust.at\/wp\/wp-content\/uploads\/2017\/01\/duke-3.jpg 551w, https:\/\/www.blue-angeldust.at\/wp\/wp-content\/uploads\/2017\/01\/duke-3-300x261.jpg 300w, https:\/\/www.blue-angeldust.at\/wp\/wp-content\/uploads\/2017\/01\/duke-3-172x150.jpg 172w, https:\/\/www.blue-angeldust.at\/wp\/wp-content\/uploads\/2017\/01\/duke-3-150x131.jpg 150w\" sizes=\"auto, (max-width: 551px) 100vw, 551px\" \/><\/a><\/figure>\n\n\n\n<figure class=\"wp-block-image size-large\"><a href=\"https:\/\/www.blue-angeldust.at\/wp\/?attachment_id=1203\"><img loading=\"lazy\" decoding=\"async\" width=\"640\" height=\"427\" data-id=\"1203\" src=\"https:\/\/www.blue-angeldust.at\/wp\/wp-content\/uploads\/2017\/01\/duke.jpg\" alt=\"\" class=\"wp-image-1203\" srcset=\"https:\/\/www.blue-angeldust.at\/wp\/wp-content\/uploads\/2017\/01\/duke.jpg 640w, https:\/\/www.blue-angeldust.at\/wp\/wp-content\/uploads\/2017\/01\/duke-300x200.jpg 300w, https:\/\/www.blue-angeldust.at\/wp\/wp-content\/uploads\/2017\/01\/duke-225x150.jpg 225w, https:\/\/www.blue-angeldust.at\/wp\/wp-content\/uploads\/2017\/01\/duke-150x100.jpg 150w\" sizes=\"auto, (max-width: 640px) 100vw, 640px\" \/><\/a><\/figure>\n\n\n\n<figure class=\"wp-block-image size-large\"><a href=\"https:\/\/www.blue-angeldust.at\/wp\/?attachment_id=1224\"><img loading=\"lazy\" decoding=\"async\" width=\"640\" height=\"427\" data-id=\"1224\" src=\"https:\/\/www.blue-angeldust.at\/wp\/wp-content\/uploads\/2017\/01\/duke-21.jpg\" alt=\"\" class=\"wp-image-1224\" srcset=\"https:\/\/www.blue-angeldust.at\/wp\/wp-content\/uploads\/2017\/01\/duke-21.jpg 640w, https:\/\/www.blue-angeldust.at\/wp\/wp-content\/uploads\/2017\/01\/duke-21-300x200.jpg 300w, https:\/\/www.blue-angeldust.at\/wp\/wp-content\/uploads\/2017\/01\/duke-21-225x150.jpg 225w, https:\/\/www.blue-angeldust.at\/wp\/wp-content\/uploads\/2017\/01\/duke-21-150x100.jpg 150w\" sizes=\"auto, (max-width: 640px) 100vw, 640px\" \/><\/a><\/figure>\n\n\n\n<figure class=\"wp-block-image size-large\"><a href=\"https:\/\/www.blue-angeldust.at\/wp\/?attachment_id=1223\"><img loading=\"lazy\" decoding=\"async\" width=\"640\" height=\"427\" data-id=\"1223\" src=\"https:\/\/www.blue-angeldust.at\/wp\/wp-content\/uploads\/2017\/01\/duke-20.jpg\" alt=\"\" class=\"wp-image-1223\" srcset=\"https:\/\/www.blue-angeldust.at\/wp\/wp-content\/uploads\/2017\/01\/duke-20.jpg 640w, https:\/\/www.blue-angeldust.at\/wp\/wp-content\/uploads\/2017\/01\/duke-20-300x200.jpg 300w, https:\/\/www.blue-angeldust.at\/wp\/wp-content\/uploads\/2017\/01\/duke-20-225x150.jpg 225w, https:\/\/www.blue-angeldust.at\/wp\/wp-content\/uploads\/2017\/01\/duke-20-150x100.jpg 150w\" sizes=\"auto, (max-width: 640px) 100vw, 640px\" \/><\/a><\/figure>\n<\/figure>\n","protected":false},"excerpt":{"rendered":"<p>***Duke steht als Deckr\u00fcde gesunden und ausgew\u00e4hlten H\u00fcndinnen mit FCI Papiere zur Verf\u00fcgung*** ***Duke will immer gefallen egal ob im Alltag oder im Hundesport*** Dadurch wir viel Zeit mit Duke verbringen d\u00fcrfen obwohl er nicht bei uns wohnt k\u00f6nnen wir Duke sehr gut beschreiben. Er lebt bei Silvana und Patrick \u2026 <a class=\"continue-reading-link\" href=\"https:\/\/www.blue-angeldust.at\/wp\/?page_id=757\"> Continue reading <span class=\"meta-nav\">&rarr; <\/span><\/a><\/p>\n","protected":false},"author":1,"featured_media":0,"parent":0,"menu_order":0,"comment_status":"closed","ping_status":"closed","template":"","meta":{"footnotes":""},"class_list":["post-757","page","type-page","status-publish","hentry"],"_links":{"self":[{"href":"https:\/\/www.blue-angeldust.at\/wp\/index.php?rest_route=\/wp\/v2\/pages\/757","targetHints":{"allow":["GET"]}}],"collection":[{"href":"https:\/\/www.blue-angeldust.at\/wp\/index.php?rest_route=\/wp\/v2\/pages"}],"about":[{"href":"https:\/\/www.blue-angeldust.at\/wp\/index.php?rest_route=\/wp\/v2\/types\/page"}],"author":[{"embeddable":true,"href":"https:\/\/www.blue-angeldust.at\/wp\/index.php?rest_route=\/wp\/v2\/users\/1"}],"replies":[{"embeddable":true,"href":"https:\/\/www.blue-angeldust.at\/wp\/index.php?rest_route=%2Fwp%2Fv2%2Fcomments&post=757"}],"version-history":[{"count":58,"href":"https:\/\/www.blue-angeldust.at\/wp\/index.php?rest_route=\/wp\/v2\/pages\/757\/revisions"}],"predecessor-version":[{"id":88592,"href":"https:\/\/www.blue-angeldust.at\/wp\/index.php?rest_route=\/wp\/v2\/pages\/757\/revisions\/88592"}],"wp:attachment":[{"href":"https:\/\/www.blue-angeldust.at\/wp\/index.php?rest_route=%2Fwp%2Fv2%2Fmedia&parent=757"}],"curies":[{"name":"wp","href":"https:\/\/api.w.org\/{rel}","templated":true}]}}