{"id":679,"date":"2016-12-08T14:10:40","date_gmt":"2016-12-08T13:10:40","guid":{"rendered":"http:\/\/www.blue-angeldust.at\/wp\/?page_id=679"},"modified":"2026-03-23T09:03:03","modified_gmt":"2026-03-23T08:03:03","slug":"herzlich-willkommen-1","status":"publish","type":"page","link":"https:\/\/www.blue-angeldust.at\/wp\/","title":{"rendered":"Herzlich Willkommen"},"content":{"rendered":"\n<p class=\"has-text-align-center has-text-color has-link-color has-medium-font-size wp-elements-d1640e98b688f1aacb23040c871da0cc\" style=\"color:#195e45;font-style:normal;font-weight:600;text-transform:uppercase\">Hier finden sie Information \u00fcber unsere Australian Shepherd &nbsp;Zucht<\/p>\n\n\n\n<div class=\"wp-block-columns is-layout-flex wp-container-core-columns-is-layout-9d6595d7 wp-block-columns-is-layout-flex\">\n<div class=\"wp-block-column is-layout-flow wp-block-column-is-layout-flow\" style=\"flex-basis:100%\">\n<div class=\"wp-block-group\"><div class=\"wp-block-group__inner-container is-layout-constrained wp-block-group-is-layout-constrained\">\n<figure class=\"wp-block-image size-large is-style-default\"><img loading=\"lazy\" decoding=\"async\" width=\"1024\" height=\"574\" src=\"https:\/\/www.blue-angeldust.at\/wp\/wp-content\/uploads\/2026\/03\/0J8A6225-web-m.-Logo-e1773042932235-1024x574.jpg\" alt=\"\" class=\"wp-image-89187\" srcset=\"https:\/\/www.blue-angeldust.at\/wp\/wp-content\/uploads\/2026\/03\/0J8A6225-web-m.-Logo-e1773042932235-1024x574.jpg 1024w, https:\/\/www.blue-angeldust.at\/wp\/wp-content\/uploads\/2026\/03\/0J8A6225-web-m.-Logo-e1773042932235-300x168.jpg 300w, https:\/\/www.blue-angeldust.at\/wp\/wp-content\/uploads\/2026\/03\/0J8A6225-web-m.-Logo-e1773042932235-768x430.jpg 768w, https:\/\/www.blue-angeldust.at\/wp\/wp-content\/uploads\/2026\/03\/0J8A6225-web-m.-Logo-e1773042932235-1536x861.jpg 1536w, https:\/\/www.blue-angeldust.at\/wp\/wp-content\/uploads\/2026\/03\/0J8A6225-web-m.-Logo-e1773042932235-150x84.jpg 150w, https:\/\/www.blue-angeldust.at\/wp\/wp-content\/uploads\/2026\/03\/0J8A6225-web-m.-Logo-e1773042932235-250x140.jpg 250w, https:\/\/www.blue-angeldust.at\/wp\/wp-content\/uploads\/2026\/03\/0J8A6225-web-m.-Logo-e1773042932235.jpg 2040w\" sizes=\"auto, (max-width: 1024px) 100vw, 1024px\" \/><\/figure>\n<\/div><\/div>\n<\/div>\n<\/div>\n\n\n\n<hr class=\"wp-block-separator has-alpha-channel-opacity\"\/>\n\n\n\n<h3 class=\"wp-block-heading has-text-align-center has-medium-font-size\">&#x1f338;<strong><a href=\"https:\/\/www.blue-angeldust.at\/wp\/?cat=78\"> O-Wurf Harley &amp; Balu<\/a><\/strong>&#x1f338;<\/h3>\n\n\n\n<p><strong>Unser O-Wurf ist gelandet! &#x1f43e;<\/strong><\/p>\n\n\n\n<p>Unsere Harley hat <strong>6 gesunde Welpen<\/strong> zur Welt gebracht &#x1f60a;<br>Es sind <strong>3 H\u00fcndinnen und 3 R\u00fcden<\/strong>.<\/p>\n\n\n\n<p>&#x2728; <strong>1 R\u00fcde sucht noch sein passendes Zuhause<\/strong><\/p>\n\n\n\n<p><a href=\"https:\/\/www.blue-angeldust.at\/wp\/?p=89099\">Info zu den Eltern und \u00fcber uns <\/a> &#8211;<a href=\"https:\/\/www.blue-angeldust.at\/wp\/?cat=78\"> Infos zu den O Wurf<\/a><\/p>\n\n\n\n<hr class=\"wp-block-separator has-alpha-channel-opacity\"\/>\n\n\n\n<div class=\"wp-block-cover is-light has-custom-content-position is-position-top-center\"><img loading=\"lazy\" decoding=\"async\" width=\"1024\" height=\"683\" class=\"wp-block-cover__image-background wp-image-88947 size-large\" alt=\"\" src=\"https:\/\/www.blue-angeldust.at\/wp\/wp-content\/uploads\/2026\/01\/Flieda-H-W-S-1024x683.jpg\" data-object-fit=\"cover\" srcset=\"https:\/\/www.blue-angeldust.at\/wp\/wp-content\/uploads\/2026\/01\/Flieda-H-W-S-1024x683.jpg 1024w, https:\/\/www.blue-angeldust.at\/wp\/wp-content\/uploads\/2026\/01\/Flieda-H-W-S-300x200.jpg 300w, https:\/\/www.blue-angeldust.at\/wp\/wp-content\/uploads\/2026\/01\/Flieda-H-W-S-768x512.jpg 768w, https:\/\/www.blue-angeldust.at\/wp\/wp-content\/uploads\/2026\/01\/Flieda-H-W-S-1536x1024.jpg 1536w, https:\/\/www.blue-angeldust.at\/wp\/wp-content\/uploads\/2026\/01\/Flieda-H-W-S-150x100.jpg 150w, https:\/\/www.blue-angeldust.at\/wp\/wp-content\/uploads\/2026\/01\/Flieda-H-W-S-225x150.jpg 225w, https:\/\/www.blue-angeldust.at\/wp\/wp-content\/uploads\/2026\/01\/Flieda-H-W-S.jpg 2048w\" sizes=\"auto, (max-width: 1024px) 100vw, 1024px\" \/><span aria-hidden=\"true\" class=\"wp-block-cover__background has-background-dim-0 has-background-dim\" style=\"background-color:#b7979f\"><\/span><div class=\"wp-block-cover__inner-container is-layout-flow wp-block-cover-is-layout-flow\">\n<p class=\"has-text-align-center has-medium-font-size\" style=\"text-transform:uppercase\"><strong>Blue Angeldust ist eine \u201eVorbildliche Zuchtst\u00e4tte des \u00d6KV\/FCI\u201c<\/strong><\/p>\n<\/div><\/div>\n\n\n\n<p><a href=\"http:\/\/www.paulinahilmbauerfotografie.at\">&#x1f4f8;Paulina.hilmbauer.fotografie<\/a><\/p>\n","protected":false},"excerpt":{"rendered":"<p>Hier finden sie Information \u00fcber unsere Australian Shepherd &nbsp;Zucht &#x1f338; O-Wurf Harley &amp; Balu&#x1f338; Unser O-Wurf ist gelandet! &#x1f43e; Unsere Harley hat 6 gesunde Welpen zur Welt gebracht &#x1f60a;Es sind 3 H\u00fcndinnen und 3 R\u00fcden. &#x2728; 1 R\u00fcde sucht noch sein passendes Zuhause Info zu den Eltern und \u00fcber uns \u2026 <a class=\"continue-reading-link\" href=\"https:\/\/www.blue-angeldust.at\/wp\/\"> Continue reading <span class=\"meta-nav\">&rarr; <\/span><\/a><\/p>\n","protected":false},"author":1,"featured_media":0,"parent":0,"menu_order":0,"comment_status":"closed","ping_status":"closed","template":"","meta":{"footnotes":""},"class_list":["post-679","page","type-page","status-publish","hentry"],"_links":{"self":[{"href":"https:\/\/www.blue-angeldust.at\/wp\/index.php?rest_route=\/wp\/v2\/pages\/679","targetHints":{"allow":["GET"]}}],"collection":[{"href":"https:\/\/www.blue-angeldust.at\/wp\/index.php?rest_route=\/wp\/v2\/pages"}],"about":[{"href":"https:\/\/www.blue-angeldust.at\/wp\/index.php?rest_route=\/wp\/v2\/types\/page"}],"author":[{"embeddable":true,"href":"https:\/\/www.blue-angeldust.at\/wp\/index.php?rest_route=\/wp\/v2\/users\/1"}],"replies":[{"embeddable":true,"href":"https:\/\/www.blue-angeldust.at\/wp\/index.php?rest_route=%2Fwp%2Fv2%2Fcomments&post=679"}],"version-history":[{"count":446,"href":"https:\/\/www.blue-angeldust.at\/wp\/index.php?rest_route=\/wp\/v2\/pages\/679\/revisions"}],"predecessor-version":[{"id":89268,"href":"https:\/\/www.blue-angeldust.at\/wp\/index.php?rest_route=\/wp\/v2\/pages\/679\/revisions\/89268"}],"wp:attachment":[{"href":"https:\/\/www.blue-angeldust.at\/wp\/index.php?rest_route=%2Fwp%2Fv2%2Fmedia&parent=679"}],"curies":[{"name":"wp","href":"https:\/\/api.w.org\/{rel}","templated":true}]}}