{"id":666,"date":"2016-12-08T13:55:31","date_gmt":"2016-12-08T12:55:31","guid":{"rendered":"http:\/\/www.blue-angeldust.at\/wp\/?page_id=666"},"modified":"2026-03-09T10:30:02","modified_gmt":"2026-03-09T09:30:02","slug":"zuchtziel1","status":"publish","type":"page","link":"https:\/\/www.blue-angeldust.at\/wp\/?page_id=666","title":{"rendered":"Zuchtziel"},"content":{"rendered":"\n<figure class=\"wp-block-image size-large\"><img loading=\"lazy\" decoding=\"async\" width=\"1024\" height=\"576\" src=\"https:\/\/www.blue-angeldust.at\/wp\/wp-content\/uploads\/2024\/05\/img-20240521-wa00107289742120794068759-1024x576.jpg\" alt=\"\" class=\"wp-image-87836\" srcset=\"https:\/\/www.blue-angeldust.at\/wp\/wp-content\/uploads\/2024\/05\/img-20240521-wa00107289742120794068759-1024x576.jpg 1024w, https:\/\/www.blue-angeldust.at\/wp\/wp-content\/uploads\/2024\/05\/img-20240521-wa00107289742120794068759-300x169.jpg 300w, https:\/\/www.blue-angeldust.at\/wp\/wp-content\/uploads\/2024\/05\/img-20240521-wa00107289742120794068759-768x432.jpg 768w, https:\/\/www.blue-angeldust.at\/wp\/wp-content\/uploads\/2024\/05\/img-20240521-wa00107289742120794068759-1536x864.jpg 1536w, https:\/\/www.blue-angeldust.at\/wp\/wp-content\/uploads\/2024\/05\/img-20240521-wa00107289742120794068759-150x84.jpg 150w, https:\/\/www.blue-angeldust.at\/wp\/wp-content\/uploads\/2024\/05\/img-20240521-wa00107289742120794068759-250x141.jpg 250w, https:\/\/www.blue-angeldust.at\/wp\/wp-content\/uploads\/2024\/05\/img-20240521-wa00107289742120794068759.jpg 1600w\" sizes=\"auto, (max-width: 1024px) 100vw, 1024px\" \/><\/figure>\n\n\n<div class=\"wp-block-image\">\n<figure class=\"alignleft\"><img loading=\"lazy\" decoding=\"async\" width=\"95\" height=\"86\" src=\"http:\/\/www.blue-angeldust.at\/wp\/wp-content\/uploads\/2006\/10\/weblinks_oekv.png\" alt=\"\" class=\"wp-image-32\"\/><\/figure><\/div>\n\n\n<p>Wir wurden <strong>2017<\/strong> mit dem <strong>G\u00fctesiegel<\/strong> <strong>&#8222;Vorbildliche Zuchtst\u00e4tte&#8220;<\/strong> ausgezeichnet!<\/p>\n\n\n\n<p>Wir haben uns freiwillig einer Kontrolle und noch strengeren Regeln zum Z\u00fcchten \u00fcbern \u00d6KV\/FCI entschieden. Daher uns das Wohl der Rasse sehr am herzen liegt!<\/p>\n\n\n\n<p>Unser Zuchtziel besteht darin gesunde, Wesensstarke und gutm\u00fctige Hunde zu z\u00fcchten. Damit der Mensch sehr viel Freude an unseren Hunden haben kann.&nbsp;Wir z\u00fcchten mehr in die Richtung Arbeitslinie. Unsere Hunde sind sehr sportliche Aussies mit einen guten menge &#8222;will to please&#8220;<\/p>\n\n\n\n<p class=\"has-text-align-left\">Es gibt heutzutage zwei verschiedene Linien des Australian Shepherds. Die <strong>Arbeitslinie<\/strong> und dei <strong>Showlinie<\/strong>. Die Linien sind je nach Z\u00fcchter und Linienz\u00fcchtung variabel.<\/p>\n\n\n\n<ul class=\"wp-block-list\">\n<li> <div style=\"text-align: left;\"><strong>Arbeitslinie<\/strong> = So wie die Linie sich beschreibt sind das Arbeitstiere. Wenn sich jemand einen Hund aus dieser Linie nimmt, sollte er im klaren sein, dass dieser Hund <strong>ARBEITEN<\/strong> will. Wie zb. H\u00fcten, Agility, usw. (siehe&#8211;&gt; <a rel=\"noopener\" href=\"http:\/\/www.blue-angeldust.at\/wp\/?p=369\" target=\"_blank\">Hundesport<\/a>)&nbsp;<\/div> <\/li>\n\n\n\n<li><strong>Showline<\/strong> = Ist nicht nur ein Hund der was auf Show\u00b4s geht sondern diese Linie <strong>will auch besch\u00e4ftigt werden<\/strong>. Diese Linie ist die Nachzucht der Arbeitslinie,&nbsp; das vergessen und untersch\u00e4tzen einige. Nat\u00fcrlich je weiter hinten die Arbeitslinie desto ruhiger der Hund,&nbsp; desto weiter vorne die Arbeitslinie desto mehr <strong>&#8222;will to please&#8220;<\/strong><\/li>\n<\/ul>\n\n\n\n<p>Es gibt verschieden Meinungen dazu, wie viel Show- und Arbeitslinien in einen Hund sein sollte. Ich sehe viele Aussies von ca. <strong>50% Show- und 50% Arbeitslinie<\/strong>. Ich denke daher der Hund noch genug Arbeitswillen hat und doch etwas ruhiger ist. Man sollte beachten, dass wen man \u00fcberall die H\u00e4lfte will es nicht reicht , zb. wenn die Mutter (Arbeitslinie) und der Vater (Showlinie) ist&#8211;&gt; theoretisch habe ich jetzt die h\u00e4lfte <strong>FALSCH!<br><\/strong>Man muss unbedingt die Ahnentafel von beiden Eltern beachten. Wenn die Mutter zb.: eine <strong>reine Arbeitslinie<\/strong> ist und der Vater in die <strong>3 Generationen Showlinien<\/strong> geboren wurde ist der Anteil der Arbeitslinie nat\u00fcrlich gr\u00f6\u00dfer.&nbsp; <strong>ARBEITSLINIE<\/strong> das bedeutet mehr&nbsp; <strong>&#8222;will to please&#8220;<\/strong><img loading=\"lazy\" decoding=\"async\" class=\" size-full wp-image-33\" style=\"display: block; margin-left: auto; margin-right: auto;\" src=\"http:\/\/www.blue-angeldust.at\/wp\/wp-content\/uploads\/2006\/10\/fci.jpg\" alt=\"fci\" width=\"100\" height=\"100\" border=\"0\" srcset=\"https:\/\/www.blue-angeldust.at\/wp\/wp-content\/uploads\/2006\/10\/fci.jpg 299w, https:\/\/www.blue-angeldust.at\/wp\/wp-content\/uploads\/2006\/10\/fci-150x150.jpg 150w\" sizes=\"auto, (max-width: 100px) 100vw, 100px\" \/>Wieso das ich das so genau erkl\u00e4rt habe? Ich suchte meinen Traumhund \u00fcber ein Jahr. Was hier steht habe ich nur durch B\u00fccher erfahren und aus dem Internet, aber nicht von Z\u00fcchtern. In \u00d6sterreich gibt es zu 60% Arbeitslinien und 40% Arbeits- und Showlinien. Ich habe den perfekten Hund f\u00fcr mich gefunden, musste aber viele Abende im Internet daf\u00fcr verbringen. Ich nahm 8 Stunden Fahrt in Kauf und fuhr nach Deutschland f\u00fcr meinen Hund. Und ich w\u00fcrde auch mehr Zeit auf mich nehmen. <strong><br>Die Aufkl\u00e4rung zwischen Arbeits- und Showlinie spielt eine wichtige Rolle f\u00fcr das ganze Leben, wenn ich mir die falsche Linie aussuche, welche nicht zu mir oder in meine Familie passt, werde ich in gewissen Situationen immer ungl\u00fccklich sein!<\/strong><br>Das m\u00f6chte ich zuk\u00fcnftigen Hundebesitzer ersparen.<\/p>\n","protected":false},"excerpt":{"rendered":"<p>Wir wurden 2017 mit dem G\u00fctesiegel &#8222;Vorbildliche Zuchtst\u00e4tte&#8220; ausgezeichnet! Wir haben uns freiwillig einer Kontrolle und noch strengeren Regeln zum Z\u00fcchten \u00fcbern \u00d6KV\/FCI entschieden. Daher uns das Wohl der Rasse sehr am herzen liegt! Unser Zuchtziel besteht darin gesunde, Wesensstarke und gutm\u00fctige Hunde zu z\u00fcchten. Damit der Mensch sehr viel \u2026 <a class=\"continue-reading-link\" href=\"https:\/\/www.blue-angeldust.at\/wp\/?page_id=666\"> Continue reading <span class=\"meta-nav\">&rarr; <\/span><\/a><\/p>\n","protected":false},"author":1,"featured_media":0,"parent":0,"menu_order":0,"comment_status":"closed","ping_status":"closed","template":"","meta":{"footnotes":""},"class_list":["post-666","page","type-page","status-publish","hentry"],"_links":{"self":[{"href":"https:\/\/www.blue-angeldust.at\/wp\/index.php?rest_route=\/wp\/v2\/pages\/666","targetHints":{"allow":["GET"]}}],"collection":[{"href":"https:\/\/www.blue-angeldust.at\/wp\/index.php?rest_route=\/wp\/v2\/pages"}],"about":[{"href":"https:\/\/www.blue-angeldust.at\/wp\/index.php?rest_route=\/wp\/v2\/types\/page"}],"author":[{"embeddable":true,"href":"https:\/\/www.blue-angeldust.at\/wp\/index.php?rest_route=\/wp\/v2\/users\/1"}],"replies":[{"embeddable":true,"href":"https:\/\/www.blue-angeldust.at\/wp\/index.php?rest_route=%2Fwp%2Fv2%2Fcomments&post=666"}],"version-history":[{"count":11,"href":"https:\/\/www.blue-angeldust.at\/wp\/index.php?rest_route=\/wp\/v2\/pages\/666\/revisions"}],"predecessor-version":[{"id":89212,"href":"https:\/\/www.blue-angeldust.at\/wp\/index.php?rest_route=\/wp\/v2\/pages\/666\/revisions\/89212"}],"wp:attachment":[{"href":"https:\/\/www.blue-angeldust.at\/wp\/index.php?rest_route=%2Fwp%2Fv2%2Fmedia&parent=666"}],"curies":[{"name":"wp","href":"https:\/\/api.w.org\/{rel}","templated":true}]}}