{"id":6585,"date":"2021-03-22T10:50:18","date_gmt":"2021-03-22T09:50:18","guid":{"rendered":"http:\/\/www.blue-angeldust.at\/wp\/?page_id=6585"},"modified":"2024-02-05T09:37:35","modified_gmt":"2024-02-05T08:37:35","slug":"im-harley-quinn-of-blue-angeldust","status":"publish","type":"page","link":"https:\/\/www.blue-angeldust.at\/wp\/?page_id=6585","title":{"rendered":"I\u00b4m Harley Quinn of Blue Angeldust"},"content":{"rendered":"\n<p><\/p>\n\n\n\n<figure class=\"wp-block-table\"><table><tbody><tr><td rowspan=\"22\"> <figure><img loading=\"lazy\" decoding=\"async\" width=\"331\" height=\"497\" class=\"aligncenter wp-image-6814 \" src=\"http:\/\/www.blue-angeldust.at\/wp\/wp-content\/uploads\/2021\/07\/Harley-1-683x1024.jpg\" alt=\"\" srcset=\"https:\/\/www.blue-angeldust.at\/wp\/wp-content\/uploads\/2021\/07\/Harley-1-683x1024.jpg 683w, https:\/\/www.blue-angeldust.at\/wp\/wp-content\/uploads\/2021\/07\/Harley-1-200x300.jpg 200w, https:\/\/www.blue-angeldust.at\/wp\/wp-content\/uploads\/2021\/07\/Harley-1-768x1152.jpg 768w, https:\/\/www.blue-angeldust.at\/wp\/wp-content\/uploads\/2021\/07\/Harley-1-1024x1536.jpg 1024w, https:\/\/www.blue-angeldust.at\/wp\/wp-content\/uploads\/2021\/07\/Harley-1-100x150.jpg 100w, https:\/\/www.blue-angeldust.at\/wp\/wp-content\/uploads\/2021\/07\/Harley-1.jpg 1182w\" sizes=\"auto, (max-width: 331px) 100vw, 331px\" \/><\/figure> <blockquote><div style=\"text-align: center;\"><a href=\"http:\/\/www.blue-angeldust.at\/wp\/?p=7032\" target=\"_blank\" rel=\"noopener\">Harley\u00b4s Pedigree inkl. Zuchtunterlagen<\/a><\/div><div style=\"text-align: center;\"><a href=\"http:\/\/www.blue-angeldust.at\/wp\/?p=5287\" target=\"_blank\" rel=\"noopener noreferrer\">Harley\u00b4s Fotogalerie<\/a><\/div><div style=\"text-align: center;\"><a href=\"https:\/\/www.blue-angeldust.at\/wp\/?cat=18\" target=\"_blank\" rel=\"noopener\">Agility Erfolge FCI\/\u00d6KV Turniere<\/a><\/div><div style=\"text-align: center;\"><a href=\"https:\/\/www.blue-angeldust.at\/wp\/?cat=24\" target=\"_blank\" rel=\"noopener\">Agility Erfolge Turniere<\/a><\/div><div>\u00a0<\/div><div>\u00a0<\/div><div style=\"text-align: center;\">Ausbildung UO:<\/div><div style=\"text-align: center;\">BH VT-\u00d6PO MHT-Pr\u00fcfung<\/div><div style=\"text-align: center;\">IBGH1, IBGH2-96P.<\/div><div style=\"text-align: center;\">\u00a0<\/div><div style=\"text-align: center;\">Ausbildung Agility:<\/div><div style=\"text-align: center;\">Intermediate &#8211; LK1, LK2, LK3<\/div><\/blockquote> <\/td><td>Papiere:<\/td><td>\u00d6KV\/FCI<\/td><\/tr><tr><td>Geb.:<\/td><td>22.10.2019<\/td><\/tr><tr><td>Gr\u00f6\u00dfe:<\/td><td>47 cm<\/td><\/tr><tr><td>Gewicht<\/td><td>16 Kilo<\/td><\/tr><tr><td>Farbe:<\/td><td>Black bi<\/td><\/tr><tr><td>HD:<\/td><td>A2<\/td><\/tr><tr><td>ED:<\/td><td>frei<\/td><\/tr><tr><td>OD, Patella:<\/td><td>frei<\/td><\/tr><tr><td>Gebiss:<\/td><td>Vollst. Scherrengebiss<\/td><\/tr><tr><td>MDR1:<\/td><td>+\/+ (frei)<\/td><\/tr><tr><td>DM:<\/td><td>+\/+ (frei)<\/td><\/tr><tr><td>PRA:<\/td><td>+\/+ (frei)<\/td><\/tr><tr><td>CEA:<\/td><td>+\/- (tr\u00e4ger)<\/td><\/tr><tr><td>HSF\/HC:<\/td><td>+\/+ (frei)<\/td><\/tr><tr><td>CMR1:<\/td><td>+\/+ (frei)<\/td><\/tr><tr><td>NCL5, 6, 8<\/td><td>+\/+ (frei)<\/td><\/tr><tr><td>VWDI:<\/td><td>+\/+ (frei)<\/td><\/tr><tr><td>IGS:<\/td><td>+\/+ (frei)<\/td><\/tr><tr><td>EIC:<\/td><td>+\/+ (frei)<\/td><\/tr><tr><td>M-Lokus:<\/td><td>m\/m (non merle-frei)<\/td><\/tr><tr><td>Bobtail:<\/td><td>+\/+ (frei)<\/td><\/tr><tr><td>Rute:<\/td><td>lang<\/td><\/tr><\/tbody><\/table><\/figure>\n\n\n\n<p class=\"has-text-align-center\"><strong>Hundeausstellung &#8211; Formwertbeurteilung<\/strong><\/p>\n\n\n\n<p class=\"has-text-align-center\">Wir waren beim \u00d6KV in Biedermannsdorf\/Wien und haben eine wirklich tolle Beurteilung f\u00fcr unser Arbeitstierchen erhalten<img loading=\"lazy\" decoding=\"async\" height=\"16\" width=\"16\" alt=\"&#x1f970;\" src=\"https:\/\/static.xx.fbcdn.net\/images\/emoji.php\/v9\/t43\/1.5\/16\/1f970.png\">  &#8211; <img loading=\"lazy\" decoding=\"async\" height=\"16\" width=\"16\" alt=\"&#x2705;\" src=\"https:\/\/static.xx.fbcdn.net\/images\/emoji.php\/v9\/tba\/1.5\/16\/2705.png\"><strong> Sehr gut<\/strong><\/p>\n\n\n\n<p>Die Situation im Ring und auch das sie begutachtet wird war f\u00fcr sie selbstverst\u00e4ndlich&#x1f44c;&nbsp;Harley war dann sehr tapfer daher sie nicht unbedingt von Fremde Menschen angegriffen werden will hat sie sich von ihrer besten Seite gezeigt und ist brav mit mir \u00fcber ihren Schatten gesprungen &#x1f929;<\/p>\n\n\n\n<p class=\"has-text-align-center\"><strong><img loading=\"lazy\" decoding=\"async\" height=\"16\" width=\"16\" alt=\"&#x2764;\" src=\"https:\/\/static.xx.fbcdn.net\/images\/emoji.php\/v9\/tf3\/1.5\/16\/2764.png\">Gut Ding braucht Weile<\/strong><img loading=\"lazy\" decoding=\"async\" height=\"16\" width=\"16\" alt=\"&#x2764;\" src=\"https:\/\/static.xx.fbcdn.net\/images\/emoji.php\/v9\/tf3\/1.5\/16\/2764.png\"><\/p>\n\n\n\n<p class=\"has-text-align-center\"><strong>I\u00b4m Harley Quinn of Blue Angeldust arbeitet flei\u00dfig mit meinen Mann in der UO &nbsp;&amp; Agility<\/strong><\/p>\n\n\n\n<div class=\"wp-block-media-text alignwide has-media-on-the-right is-stacked-on-mobile is-image-fill\" style=\"grid-template-columns:auto 32%\"><div class=\"wp-block-media-text__content\">\n<p>Ich reite schon seit ich 6 Jahre alt war und so habe ich auch den Australian Shepherd kennen lernen d\u00fcrfen. Nun bin ich seit 2 Jahren wieder zur\u00fcck im Westernsattel und darf es wie mit meiner ersten Australian Shepherd H\u00fcndin Angel dies nochmal mit unserer Nachzuchth\u00fcndin I\u00b4m Harley Quinn von vorne das Abenteuer Team Mensch &amp; Pferd &amp; Hund beginnen. Ich kann mit Freude sagen das wir nun schon ein Cooles Trio sind.&#x1f929; (stand Harley 1,5 Jahre) <\/p>\n<\/div><figure class=\"wp-block-media-text__media\" style=\"background-image:url(http:\/\/www.blue-angeldust.at\/wp\/wp-content\/uploads\/2021\/07\/Harley-jump-1-1024x695.jpg);background-position:78% 57%\"><img loading=\"lazy\" decoding=\"async\" width=\"1024\" height=\"695\" src=\"http:\/\/www.blue-angeldust.at\/wp\/wp-content\/uploads\/2021\/07\/Harley-jump-1-1024x695.jpg\" alt=\"\" class=\"wp-image-6818 size-large\" srcset=\"https:\/\/www.blue-angeldust.at\/wp\/wp-content\/uploads\/2021\/07\/Harley-jump-1-1024x695.jpg 1024w, https:\/\/www.blue-angeldust.at\/wp\/wp-content\/uploads\/2021\/07\/Harley-jump-1-300x204.jpg 300w, https:\/\/www.blue-angeldust.at\/wp\/wp-content\/uploads\/2021\/07\/Harley-jump-1-768x521.jpg 768w, https:\/\/www.blue-angeldust.at\/wp\/wp-content\/uploads\/2021\/07\/Harley-jump-1-1536x1043.jpg 1536w, https:\/\/www.blue-angeldust.at\/wp\/wp-content\/uploads\/2021\/07\/Harley-jump-1-150x102.jpg 150w, https:\/\/www.blue-angeldust.at\/wp\/wp-content\/uploads\/2021\/07\/Harley-jump-1-221x150.jpg 221w, https:\/\/www.blue-angeldust.at\/wp\/wp-content\/uploads\/2021\/07\/Harley-jump-1.jpg 1757w\" sizes=\"auto, (max-width: 1024px) 100vw, 1024px\" \/><\/figure><\/div>\n\n\n\n<p class=\"has-text-align-center\"><strong>Zuhause holt sich Harley Ihre Kuschel Einheiten immer ab und liebt es auch mit uns zu chillen.<\/strong><\/p>\n\n\n\n<div class=\"wp-block-media-text alignwide has-media-on-the-right is-stacked-on-mobile is-image-fill\" style=\"grid-template-columns:auto 34%\"><div class=\"wp-block-media-text__content\">\n<p>Harley wurde von klein auf mitgenommen und durfte alles kennen lernen. Ich muss auch gestehen durch die Corona Zeit, wo wir derzeit nicht viel im Hundesport unterwegs sind war dies der Beste Ausgleich und Lernprozess f\u00fcr sie. Harley hat sich in dem letzten Jahr mega entwickelt sie wird immer offener zu fremden Personen. Im Stall sind auch einig Hunde somit hatten wir auch diesen Punkt sch\u00f6n trainieren k\u00f6nnen da war Harley immer dann die Unterw\u00fcrfige und verspielte H\u00fcndin egal wie gro\u00df und klein ob H\u00fcndin oder R\u00fcde sie regelt die Situationen auch von selber immer ruhig wenn es ihr doch zu viel wird.<\/p>\n<\/div><figure class=\"wp-block-media-text__media\" style=\"background-image:url(http:\/\/www.blue-angeldust.at\/wp\/wp-content\/uploads\/2021\/07\/Harley-5-1024x683.jpg);background-position:82% 61%\"><img loading=\"lazy\" decoding=\"async\" width=\"1024\" height=\"683\" src=\"http:\/\/www.blue-angeldust.at\/wp\/wp-content\/uploads\/2021\/07\/Harley-5-1024x683.jpg\" alt=\"\" class=\"wp-image-6817 size-full\" srcset=\"https:\/\/www.blue-angeldust.at\/wp\/wp-content\/uploads\/2021\/07\/Harley-5-1024x683.jpg 1024w, https:\/\/www.blue-angeldust.at\/wp\/wp-content\/uploads\/2021\/07\/Harley-5-300x200.jpg 300w, https:\/\/www.blue-angeldust.at\/wp\/wp-content\/uploads\/2021\/07\/Harley-5-768x512.jpg 768w, https:\/\/www.blue-angeldust.at\/wp\/wp-content\/uploads\/2021\/07\/Harley-5-1536x1024.jpg 1536w, https:\/\/www.blue-angeldust.at\/wp\/wp-content\/uploads\/2021\/07\/Harley-5-150x100.jpg 150w, https:\/\/www.blue-angeldust.at\/wp\/wp-content\/uploads\/2021\/07\/Harley-5-225x150.jpg 225w, https:\/\/www.blue-angeldust.at\/wp\/wp-content\/uploads\/2021\/07\/Harley-5.jpg 1773w\" sizes=\"auto, (max-width: 1024px) 100vw, 1024px\" \/><\/figure><\/div>\n\n\n\n<p class=\"has-text-align-center\"><strong>Typisch Aussie ist Harley reserviert gegen\u00fcber fremden Personen<\/strong><\/p>\n\n\n\n<p>Sie hat gelernt, wenn sie skeptisch ist diese Personen einfach zu ignorieren und aus dem weg zu gehen da bin ich sehr stolz auf sie daher dies nur m\u00f6glich ist wenn sie UNS vertraut und sie die Kontrolle abgibt. Das macht sie derzeit spitze sie sucht sofort den Kontakt zu uns. Ich kann schon behaupten Harley ist ein kleiner Kontrollfreak oder auch liebevoll Sherif genannt. <\/p>\n\n\n\n<p><strong>Lernwillig ist Harley zu 100% sie ist in der UO immer 100%  im Arbeitsmodus und hat ihren Kontrollmodus komplett abgelegt sie horcht auf jede kleine Bewegung, Stimme und Ger\u00e4usche (schnipsen ect) und sie wei\u00df sofort was wir von ihr wollen.<\/strong> Im Agility wenn wir in die Triebarbeit rein arbeiten kommt noch \u00f6fters ihr Kontrollmodus zum Vorschein und sie will mit denken.<\/p>\n\n\n\n<p class=\"has-text-align-center\"><strong>Genau aus diesen Grund liebe ich den Aussie das selbstst\u00e4ndige arbeiten was zb beim ausreiten einfach das A und O ist. Sie kontrolliert selber jeden schritt vom Pferd und sich selber ich muss auf sie nicht achten sie macht ihren JOB. was aber f\u00fcr uns Agilityaner dann es nicht immer leichter macht aber dies ist einfach ihre Natur und leicht arbeiten kann doch jeder <\/strong>&#x1f602;<\/p>\n\n\n\n<figure class=\"wp-block-gallery has-nested-images columns-2 is-cropped wp-block-gallery-1 is-layout-flex wp-block-gallery-is-layout-flex\">\n<figure class=\"wp-block-image size-large\"><img loading=\"lazy\" decoding=\"async\" width=\"1024\" height=\"695\" data-id=\"6818\" src=\"https:\/\/www.blue-angeldust.at\/wp\/wp-content\/uploads\/2021\/07\/Harley-jump-1-1024x695.jpg\" alt=\"\" class=\"wp-image-6818\" srcset=\"https:\/\/www.blue-angeldust.at\/wp\/wp-content\/uploads\/2021\/07\/Harley-jump-1-1024x695.jpg 1024w, https:\/\/www.blue-angeldust.at\/wp\/wp-content\/uploads\/2021\/07\/Harley-jump-1-300x204.jpg 300w, https:\/\/www.blue-angeldust.at\/wp\/wp-content\/uploads\/2021\/07\/Harley-jump-1-768x521.jpg 768w, https:\/\/www.blue-angeldust.at\/wp\/wp-content\/uploads\/2021\/07\/Harley-jump-1-1536x1043.jpg 1536w, https:\/\/www.blue-angeldust.at\/wp\/wp-content\/uploads\/2021\/07\/Harley-jump-1-150x102.jpg 150w, https:\/\/www.blue-angeldust.at\/wp\/wp-content\/uploads\/2021\/07\/Harley-jump-1-221x150.jpg 221w, https:\/\/www.blue-angeldust.at\/wp\/wp-content\/uploads\/2021\/07\/Harley-jump-1.jpg 1757w\" sizes=\"auto, (max-width: 1024px) 100vw, 1024px\" \/><\/figure>\n\n\n\n<figure class=\"wp-block-image size-large\"><img loading=\"lazy\" decoding=\"async\" width=\"1024\" height=\"683\" data-id=\"6820\" src=\"https:\/\/www.blue-angeldust.at\/wp\/wp-content\/uploads\/2021\/07\/Harley-jump-1024x683.jpg\" alt=\"\" class=\"wp-image-6820\" srcset=\"https:\/\/www.blue-angeldust.at\/wp\/wp-content\/uploads\/2021\/07\/Harley-jump-1024x683.jpg 1024w, https:\/\/www.blue-angeldust.at\/wp\/wp-content\/uploads\/2021\/07\/Harley-jump-300x200.jpg 300w, https:\/\/www.blue-angeldust.at\/wp\/wp-content\/uploads\/2021\/07\/Harley-jump-768x512.jpg 768w, https:\/\/www.blue-angeldust.at\/wp\/wp-content\/uploads\/2021\/07\/Harley-jump-1536x1024.jpg 1536w, https:\/\/www.blue-angeldust.at\/wp\/wp-content\/uploads\/2021\/07\/Harley-jump-150x100.jpg 150w, https:\/\/www.blue-angeldust.at\/wp\/wp-content\/uploads\/2021\/07\/Harley-jump-225x150.jpg 225w, https:\/\/www.blue-angeldust.at\/wp\/wp-content\/uploads\/2021\/07\/Harley-jump.jpg 1773w\" sizes=\"auto, (max-width: 1024px) 100vw, 1024px\" \/><\/figure>\n\n\n\n<figure class=\"wp-block-image size-large\"><img loading=\"lazy\" decoding=\"async\" width=\"1024\" height=\"683\" data-id=\"6812\" src=\"https:\/\/www.blue-angeldust.at\/wp\/wp-content\/uploads\/2021\/07\/Harely-6-1024x683.jpg\" alt=\"\" class=\"wp-image-6812\" srcset=\"https:\/\/www.blue-angeldust.at\/wp\/wp-content\/uploads\/2021\/07\/Harely-6-1024x683.jpg 1024w, https:\/\/www.blue-angeldust.at\/wp\/wp-content\/uploads\/2021\/07\/Harely-6-300x200.jpg 300w, https:\/\/www.blue-angeldust.at\/wp\/wp-content\/uploads\/2021\/07\/Harely-6-768x512.jpg 768w, https:\/\/www.blue-angeldust.at\/wp\/wp-content\/uploads\/2021\/07\/Harely-6-1536x1024.jpg 1536w, https:\/\/www.blue-angeldust.at\/wp\/wp-content\/uploads\/2021\/07\/Harely-6-150x100.jpg 150w, https:\/\/www.blue-angeldust.at\/wp\/wp-content\/uploads\/2021\/07\/Harely-6-225x150.jpg 225w, https:\/\/www.blue-angeldust.at\/wp\/wp-content\/uploads\/2021\/07\/Harely-6.jpg 1773w\" sizes=\"auto, (max-width: 1024px) 100vw, 1024px\" \/><\/figure>\n\n\n\n<figure class=\"wp-block-image size-large\"><img loading=\"lazy\" decoding=\"async\" width=\"1024\" height=\"683\" data-id=\"6813\" src=\"https:\/\/www.blue-angeldust.at\/wp\/wp-content\/uploads\/2021\/07\/Harely-7-1024x683.jpg\" alt=\"\" class=\"wp-image-6813\" srcset=\"https:\/\/www.blue-angeldust.at\/wp\/wp-content\/uploads\/2021\/07\/Harely-7-1024x683.jpg 1024w, https:\/\/www.blue-angeldust.at\/wp\/wp-content\/uploads\/2021\/07\/Harely-7-300x200.jpg 300w, https:\/\/www.blue-angeldust.at\/wp\/wp-content\/uploads\/2021\/07\/Harely-7-768x512.jpg 768w, https:\/\/www.blue-angeldust.at\/wp\/wp-content\/uploads\/2021\/07\/Harely-7-1536x1024.jpg 1536w, https:\/\/www.blue-angeldust.at\/wp\/wp-content\/uploads\/2021\/07\/Harely-7-150x100.jpg 150w, https:\/\/www.blue-angeldust.at\/wp\/wp-content\/uploads\/2021\/07\/Harely-7-225x150.jpg 225w, https:\/\/www.blue-angeldust.at\/wp\/wp-content\/uploads\/2021\/07\/Harely-7.jpg 1773w\" sizes=\"auto, (max-width: 1024px) 100vw, 1024px\" \/><\/figure>\n\n\n\n<figure class=\"wp-block-image size-large\"><img loading=\"lazy\" decoding=\"async\" width=\"1024\" height=\"683\" data-id=\"6828\" src=\"https:\/\/www.blue-angeldust.at\/wp\/wp-content\/uploads\/2021\/07\/Harley-Wasser-8-1024x683.jpg\" alt=\"\" class=\"wp-image-6828\" srcset=\"https:\/\/www.blue-angeldust.at\/wp\/wp-content\/uploads\/2021\/07\/Harley-Wasser-8-1024x683.jpg 1024w, https:\/\/www.blue-angeldust.at\/wp\/wp-content\/uploads\/2021\/07\/Harley-Wasser-8-300x200.jpg 300w, https:\/\/www.blue-angeldust.at\/wp\/wp-content\/uploads\/2021\/07\/Harley-Wasser-8-768x512.jpg 768w, https:\/\/www.blue-angeldust.at\/wp\/wp-content\/uploads\/2021\/07\/Harley-Wasser-8-1536x1024.jpg 1536w, https:\/\/www.blue-angeldust.at\/wp\/wp-content\/uploads\/2021\/07\/Harley-Wasser-8-150x100.jpg 150w, https:\/\/www.blue-angeldust.at\/wp\/wp-content\/uploads\/2021\/07\/Harley-Wasser-8-225x150.jpg 225w, https:\/\/www.blue-angeldust.at\/wp\/wp-content\/uploads\/2021\/07\/Harley-Wasser-8.jpg 1773w\" sizes=\"auto, (max-width: 1024px) 100vw, 1024px\" \/><\/figure>\n\n\n\n<figure class=\"wp-block-image size-large\"><img loading=\"lazy\" decoding=\"async\" width=\"1024\" height=\"681\" data-id=\"6832\" src=\"https:\/\/www.blue-angeldust.at\/wp\/wp-content\/uploads\/2021\/07\/Harley-Wasser-12-1024x681.jpg\" alt=\"\" class=\"wp-image-6832\" srcset=\"https:\/\/www.blue-angeldust.at\/wp\/wp-content\/uploads\/2021\/07\/Harley-Wasser-12-1024x681.jpg 1024w, https:\/\/www.blue-angeldust.at\/wp\/wp-content\/uploads\/2021\/07\/Harley-Wasser-12-300x200.jpg 300w, https:\/\/www.blue-angeldust.at\/wp\/wp-content\/uploads\/2021\/07\/Harley-Wasser-12-768x511.jpg 768w, https:\/\/www.blue-angeldust.at\/wp\/wp-content\/uploads\/2021\/07\/Harley-Wasser-12-1536x1022.jpg 1536w, https:\/\/www.blue-angeldust.at\/wp\/wp-content\/uploads\/2021\/07\/Harley-Wasser-12-150x100.jpg 150w, https:\/\/www.blue-angeldust.at\/wp\/wp-content\/uploads\/2021\/07\/Harley-Wasser-12-225x150.jpg 225w, https:\/\/www.blue-angeldust.at\/wp\/wp-content\/uploads\/2021\/07\/Harley-Wasser-12.jpg 1775w\" sizes=\"auto, (max-width: 1024px) 100vw, 1024px\" \/><\/figure>\n\n\n\n<figure class=\"wp-block-image size-large\"><img loading=\"lazy\" decoding=\"async\" width=\"1024\" height=\"566\" data-id=\"6827\" src=\"https:\/\/www.blue-angeldust.at\/wp\/wp-content\/uploads\/2021\/07\/Harley-Wasser-7-1024x566.jpg\" alt=\"\" class=\"wp-image-6827\" srcset=\"https:\/\/www.blue-angeldust.at\/wp\/wp-content\/uploads\/2021\/07\/Harley-Wasser-7-1024x566.jpg 1024w, https:\/\/www.blue-angeldust.at\/wp\/wp-content\/uploads\/2021\/07\/Harley-Wasser-7-300x166.jpg 300w, https:\/\/www.blue-angeldust.at\/wp\/wp-content\/uploads\/2021\/07\/Harley-Wasser-7-768x425.jpg 768w, https:\/\/www.blue-angeldust.at\/wp\/wp-content\/uploads\/2021\/07\/Harley-Wasser-7-1536x850.jpg 1536w, https:\/\/www.blue-angeldust.at\/wp\/wp-content\/uploads\/2021\/07\/Harley-Wasser-7-150x83.jpg 150w, https:\/\/www.blue-angeldust.at\/wp\/wp-content\/uploads\/2021\/07\/Harley-Wasser-7-250x138.jpg 250w, https:\/\/www.blue-angeldust.at\/wp\/wp-content\/uploads\/2021\/07\/Harley-Wasser-7.jpg 1947w\" sizes=\"auto, (max-width: 1024px) 100vw, 1024px\" \/><\/figure>\n<\/figure>\n","protected":false},"excerpt":{"rendered":"<p>Harley\u00b4s Pedigree inkl. Zuchtunterlagen Harley\u00b4s Fotogalerie Agility Erfolge FCI\/\u00d6KV Turniere Agility Erfolge Turniere \u00a0 \u00a0 Ausbildung UO: BH VT-\u00d6PO MHT-Pr\u00fcfung IBGH1, IBGH2-96P. \u00a0 Ausbildung Agility: Intermediate &#8211; LK1, LK2, LK3 Papiere: \u00d6KV\/FCI Geb.: 22.10.2019 Gr\u00f6\u00dfe: 47 cm Gewicht 16 Kilo Farbe: Black bi HD: A2 ED: frei OD, Patella: frei \u2026 <a class=\"continue-reading-link\" href=\"https:\/\/www.blue-angeldust.at\/wp\/?page_id=6585\"> Continue reading <span class=\"meta-nav\">&rarr; <\/span><\/a><\/p>\n","protected":false},"author":1,"featured_media":0,"parent":0,"menu_order":0,"comment_status":"closed","ping_status":"closed","template":"","meta":{"footnotes":""},"class_list":["post-6585","page","type-page","status-publish","hentry"],"_links":{"self":[{"href":"https:\/\/www.blue-angeldust.at\/wp\/index.php?rest_route=\/wp\/v2\/pages\/6585","targetHints":{"allow":["GET"]}}],"collection":[{"href":"https:\/\/www.blue-angeldust.at\/wp\/index.php?rest_route=\/wp\/v2\/pages"}],"about":[{"href":"https:\/\/www.blue-angeldust.at\/wp\/index.php?rest_route=\/wp\/v2\/types\/page"}],"author":[{"embeddable":true,"href":"https:\/\/www.blue-angeldust.at\/wp\/index.php?rest_route=\/wp\/v2\/users\/1"}],"replies":[{"embeddable":true,"href":"https:\/\/www.blue-angeldust.at\/wp\/index.php?rest_route=%2Fwp%2Fv2%2Fcomments&post=6585"}],"version-history":[{"count":88,"href":"https:\/\/www.blue-angeldust.at\/wp\/index.php?rest_route=\/wp\/v2\/pages\/6585\/revisions"}],"predecessor-version":[{"id":87413,"href":"https:\/\/www.blue-angeldust.at\/wp\/index.php?rest_route=\/wp\/v2\/pages\/6585\/revisions\/87413"}],"wp:attachment":[{"href":"https:\/\/www.blue-angeldust.at\/wp\/index.php?rest_route=%2Fwp%2Fv2%2Fmedia&parent=6585"}],"curies":[{"name":"wp","href":"https:\/\/api.w.org\/{rel}","templated":true}]}}