{"id":6460,"date":"2020-11-27T10:11:41","date_gmt":"2020-11-27T09:11:41","guid":{"rendered":"http:\/\/www.blue-angeldust.at\/wp\/?page_id=6460"},"modified":"2025-05-17T15:03:23","modified_gmt":"2025-05-17T13:03:23","slug":"welpentreffen-2021","status":"publish","type":"page","link":"https:\/\/www.blue-angeldust.at\/wp\/?page_id=6460","title":{"rendered":"Welpentreffen 2021"},"content":{"rendered":"\n<h2 class=\"wp-block-heading has-text-align-center\">Dank f\u00fcr das tolle mega Wochenende an alle &#x1f970;&#x1f3de;<\/h2>\n\n\n\n<div class=\"wp-block-buttons is-content-justification-center is-layout-flex wp-container-core-buttons-is-layout-16018d1d wp-block-buttons-is-layout-flex\">\n<div class=\"wp-block-button is-style-outline is-style-outline--1\"><a class=\"wp-block-button__link has-black-color has-text-color has-background has-link-color wp-element-button\" href=\"https:\/\/www.facebook.com\/100000229574329\/videos\/1493649690992225\/\" style=\"background:linear-gradient(135deg,rgb(6,147,227) 0%,rgb(250,247,247) 49%,rgb(136,141,234) 100%);font-style:normal;font-weight:700;text-transform:uppercase\">Tonnerh\u00fctte Ausflug Foto\/Video starten<\/a><\/div>\n<\/div>\n\n\n\n<div style=\"height:24px\" aria-hidden=\"true\" class=\"wp-block-spacer\"><\/div>\n\n\n<div class=\"wp-block-image is-resized\">\n<figure class=\"aligncenter size-large\"><img loading=\"lazy\" decoding=\"async\" width=\"1024\" height=\"512\" src=\"http:\/\/www.blue-angeldust.at\/wp\/wp-content\/uploads\/2020\/11\/Blue-Angeldust-1024x512.jpg\" alt=\"\" class=\"wp-image-6448\" srcset=\"https:\/\/www.blue-angeldust.at\/wp\/wp-content\/uploads\/2020\/11\/Blue-Angeldust-1024x512.jpg 1024w, https:\/\/www.blue-angeldust.at\/wp\/wp-content\/uploads\/2020\/11\/Blue-Angeldust-300x150.jpg 300w, https:\/\/www.blue-angeldust.at\/wp\/wp-content\/uploads\/2020\/11\/Blue-Angeldust-768x384.jpg 768w, https:\/\/www.blue-angeldust.at\/wp\/wp-content\/uploads\/2020\/11\/Blue-Angeldust-1536x768.jpg 1536w, https:\/\/www.blue-angeldust.at\/wp\/wp-content\/uploads\/2020\/11\/Blue-Angeldust-150x75.jpg 150w, https:\/\/www.blue-angeldust.at\/wp\/wp-content\/uploads\/2020\/11\/Blue-Angeldust-250x125.jpg 250w, https:\/\/www.blue-angeldust.at\/wp\/wp-content\/uploads\/2020\/11\/Blue-Angeldust.jpg 1600w\" sizes=\"auto, (max-width: 1024px) 100vw, 1024px\" \/><\/figure><\/div>\n\n\n<p class=\"has-text-align-center has-large-font-size\">Tonnerh\u00fctte (Stmk) &#8211; Sa 11.09.2021<\/p>\n\n\n\n<p class=\"has-text-align-center\">In dieser Lage dachte ich mir WIR unterst\u00fctzen unser zuhause \u00d6sterreich.<br>Zus\u00e4tzlich wohnt ein Welpe von uns bei Katharina auf der Tonnerh\u00fctte.<\/p>\n\n\n\n<p>Wir freuen uns sehr euch bekannt zu geben das unser n\u00e4chstes Welpentreffen auf der Tonnerh\u00fctte mit einer Wanderung stattfinden wird. Es besteht die M\u00f6glichkeit Apartment oder H\u00fctten direkt bei der Tonnerh\u00fctte zu buchen (getrennte Schlafbereiche \/ein zusammen legen mit 2 Haushalte m\u00f6glich). Die Schlafm\u00f6glichkeiten werden f\u00fcr unser Welpentreffen bis zum 15.02.2021 reserviert. Bitte bucht direkt \u00fcber die tonnerh\u00fctte HP unter Anfrageformular und schreibt dazu \u201eWelpentreffen \/ bei doppel Belegeung die zwei Namen der Familien\u201c.<br>Katharina setzt sich dann mit euch in Verbindung.<\/p>\n\n\n\n<p class=\"has-text-align-center\">Wir sind von Freitag den 10.09.21 bis Sonntag den 12.09.21 dort.<\/p>\n\n\n\n<p>Es gibt zwei Wanderungen. Der Panoramaweg und die Zirbitzkoglerunde. Nach der Wanderung wird dann f\u00fcr das Leibliche wohl bei der Tonnerh\u00fctte im Restaurant gesorgt. Wenn das Wetter passt hoffen wir zum Abend ein gem\u00fctliches Ausklingen am Lagerfeuer. Wenn jemand die Wanderungen nicht mit gehen kann ist dies auch kein Problem es gibt eine kleine Runde zum Spazieren gehen oder man wartet einfach bei der H\u00fctte und genie\u00dft die Aussicht und entspannt sich bis die Gruppen zur\u00fcckkommen.<\/p>\n\n\n\n<p>Wenn unser Welpentreffen durch Covid 19 nicht stattfinden kann dann wird dies Verschoben und die Reservierungen auch automatisch. Wenn jemand an den neuen Termin nicht Teilnehmen kann ist dies kein Problem die Reservierung wird ohne zusatzkosten storniert.<\/p>\n\n\n\n<p><strong>Treffpunkt Tonnerh\u00fctte 1 Gruppe<br><\/strong>10Uhr (Abmarsch) \u2013 Ziebitzkoglerrunde, Gehzeit ca. 5 Std, ca. 10km<br>(Tamara begleitet die 1 Gruppe. Ich werde ab 09.30Uhr bei der Tonnerh\u00fctte auf euch warten bis zum Abmarsch.)<\/p>\n\n\n\n<p><strong>Treffpunkt Tonnerh\u00fctte 2 Gruppe<br><\/strong>14Uhr (Abmarsch) \u2013 <a href=\"https:\/\/www.outdooractive.com\/de\/route\/wanderung\/murtal\/panorama-rundwanderung-zirbitz\/1557204\/#dmdtab=oax-tab3\">Panoramaweg<\/a>, Gehzeit ca. 1,30 Std, ca 3km<br>(Wir begleiten die 2 Gruppe)<\/p>\n\n\n\n<p><strong>Treffpunkt Tonnerh\u00fctte 3 Gruppe<\/strong><br>Jederzeit \u2013 <a href=\"https:\/\/www.outdooractive.com\/de\/route\/wanderung\/murtal\/kleine-zirbitzkogelrunde\/1534636\/#dmdtab=oax-tab1\">M\u00fchlen-Zirben Rundweg<\/a>, Gehzeit ca 0,30min, oder relaxen<br>(Wir w\u00fcnschen der 3 Gruppe einen sch\u00f6nen erholsamen Nachmittag)<\/p>\n\n\n\n<p><strong>Treffpunkt Tonnerh\u00fctte ALLE<\/strong><br>17Uhr Tonnerh\u00fctte <a href=\"https:\/\/www.tonnerhuette.at\/kulinarik\/restaurant\/\">Restaurant<\/a><\/p>\n\n\n\n<p><strong>Anmeldeschluss Zimmer Reservierungen Tonnerh\u00fctte 15.02.2020<\/strong><br>Ihr k\u00f6nnt auch sp\u00e4ter f\u00fcr eine Reservierung Anfragen es ist dann nicht mehr sicher ob noch Schlafm\u00f6glichkeiten zur Verf\u00fcgung stehen. \u201eNachfragen lohnt sich\u201c<\/p>\n\n\n\n<p><strong>\u201eAlternative\u201c Zimmer Reservierungen ca 10min Autofahrt zur Tonnerh\u00fctte<\/strong><br><a href=\"http:\/\/www.gasthaus-goessler.at\">www.gasthaus-goessler.at<\/a><\/p>\n\n\n\n<p><strong>Anmeldeschluss Welpentreffen offen <\/strong><br>Bitte meldet euch kurz bei mir ob ihr zu unseren Welpentreffen kommt und bei welcher Gruppe ihr mitgehen wollt. (Whats App, FB, oder Mail <a href=\"mailto:blue-angeldust@gmx.at\">blue-angeldust@gmx.at<\/a>)<\/p>\n\n\n\n<p>PS.: Wenn es jemanden am Samstag nicht m\u00f6glich ist zu kommen aber vielleicht Freitag Zeit hat und uns gerne Besuchen will dann meldet euch bitte einfach bei mir.<\/p>\n\n\n\n<p class=\"has-text-align-center\"><strong>Wir freuen uns sehr einen gem\u00fctlichen Samstag mit euch verbringen zu d\u00fcrfen oder sogar vielleicht ein verl\u00e4ngertes Wochenende und bleibt gesund.<\/strong><\/p>\n\n\n<div class=\"wp-block-image\">\n<figure class=\"aligncenter size-large is-resized\"><img loading=\"lazy\" decoding=\"async\" width=\"1024\" height=\"332\" src=\"http:\/\/www.blue-angeldust.at\/wp\/wp-content\/uploads\/2020\/11\/welpentreffen-foto-1024x332.png\" alt=\"\" class=\"wp-image-6495\" style=\"width:714px;height:231px\" srcset=\"https:\/\/www.blue-angeldust.at\/wp\/wp-content\/uploads\/2020\/11\/welpentreffen-foto-1024x332.png 1024w, https:\/\/www.blue-angeldust.at\/wp\/wp-content\/uploads\/2020\/11\/welpentreffen-foto-300x97.png 300w, https:\/\/www.blue-angeldust.at\/wp\/wp-content\/uploads\/2020\/11\/welpentreffen-foto-768x249.png 768w, https:\/\/www.blue-angeldust.at\/wp\/wp-content\/uploads\/2020\/11\/welpentreffen-foto-150x49.png 150w, https:\/\/www.blue-angeldust.at\/wp\/wp-content\/uploads\/2020\/11\/welpentreffen-foto-250x81.png 250w, https:\/\/www.blue-angeldust.at\/wp\/wp-content\/uploads\/2020\/11\/welpentreffen-foto.png 1121w\" sizes=\"auto, (max-width: 1024px) 100vw, 1024px\" \/><\/figure><\/div>","protected":false},"excerpt":{"rendered":"<p>Dank f\u00fcr das tolle mega Wochenende an alle &#x1f970;&#x1f3de; Tonnerh\u00fctte (Stmk) &#8211; Sa 11.09.2021 In dieser Lage dachte ich mir WIR unterst\u00fctzen unser zuhause \u00d6sterreich.Zus\u00e4tzlich wohnt ein Welpe von uns bei Katharina auf der Tonnerh\u00fctte. Wir freuen uns sehr euch bekannt zu geben das unser n\u00e4chstes Welpentreffen auf der Tonnerh\u00fctte \u2026 <a class=\"continue-reading-link\" href=\"https:\/\/www.blue-angeldust.at\/wp\/?page_id=6460\"> Continue reading <span class=\"meta-nav\">&rarr; <\/span><\/a><\/p>\n","protected":false},"author":1,"featured_media":0,"parent":0,"menu_order":0,"comment_status":"closed","ping_status":"closed","template":"","meta":{"footnotes":""},"class_list":["post-6460","page","type-page","status-publish","hentry"],"_links":{"self":[{"href":"https:\/\/www.blue-angeldust.at\/wp\/index.php?rest_route=\/wp\/v2\/pages\/6460","targetHints":{"allow":["GET"]}}],"collection":[{"href":"https:\/\/www.blue-angeldust.at\/wp\/index.php?rest_route=\/wp\/v2\/pages"}],"about":[{"href":"https:\/\/www.blue-angeldust.at\/wp\/index.php?rest_route=\/wp\/v2\/types\/page"}],"author":[{"embeddable":true,"href":"https:\/\/www.blue-angeldust.at\/wp\/index.php?rest_route=\/wp\/v2\/users\/1"}],"replies":[{"embeddable":true,"href":"https:\/\/www.blue-angeldust.at\/wp\/index.php?rest_route=%2Fwp%2Fv2%2Fcomments&post=6460"}],"version-history":[{"count":37,"href":"https:\/\/www.blue-angeldust.at\/wp\/index.php?rest_route=\/wp\/v2\/pages\/6460\/revisions"}],"predecessor-version":[{"id":88416,"href":"https:\/\/www.blue-angeldust.at\/wp\/index.php?rest_route=\/wp\/v2\/pages\/6460\/revisions\/88416"}],"wp:attachment":[{"href":"https:\/\/www.blue-angeldust.at\/wp\/index.php?rest_route=%2Fwp%2Fv2%2Fmedia&parent=6460"}],"curies":[{"name":"wp","href":"https:\/\/api.w.org\/{rel}","templated":true}]}}