{"id":644,"date":"2016-12-08T13:40:43","date_gmt":"2016-12-08T12:40:43","guid":{"rendered":"http:\/\/www.blue-angeldust.at\/wp\/?page_id=644"},"modified":"2023-08-23T10:00:28","modified_gmt":"2023-08-23T08:00:28","slug":"wenn-ich-mir-einen-hund-nehme-1","status":"publish","type":"page","link":"https:\/\/www.blue-angeldust.at\/wp\/?page_id=644","title":{"rendered":"Wenn ich mir einen Hund nehme!"},"content":{"rendered":"<h2 style=\"text-align: center;\"><span style=\"color: #38761d;\">Ein Hund soll ins Haus!<\/span><\/h2>\n<h3 style=\"text-align: left;\"><span style=\"font-size: 12pt;\"><a class=\"jcepopup\" href=\"http:\/\/www.blue-angeldust.at\/wp\/wp-content\/uploads\/2006\/10\/angel%201%20woche.gif\"><span style=\"color: #38761d;\"><img loading=\"lazy\" decoding=\"async\" class=\" size-full wp-image-66\" style=\"display: block; margin-left: auto; margin-right: auto;\" src=\"http:\/\/www.blue-angeldust.at\/wp\/wp-content\/uploads\/2006\/10\/angel%201%20woche.gif\" width=\"160\" height=\"126\" border=\"0\" \/><\/span><\/a><\/span><\/h3>\n<h3 style=\"text-align: center;\"><span style=\"font-size: 12pt; color: #000000; font-family: 'book antiqua', palatino, serif;\">Bevor es so weit ist sollte jeder zuerst ein paar Schritte durchdenken!!!<\/span><\/h3>\n<ol>\n<li>\n<h5><span style=\"font-size: 12pt;\"><strong><span style=\"color: #000000;\">Habe ich gen\u00fcgend Zeit f\u00fcr einen Hund?<\/span><\/strong><\/span><\/h5>\n<\/li>\n<li>\n<h5><span style=\"font-size: 12pt;\"><strong><span style=\"color: #000000;\">Welche Rasse w\u00fcrde zu mir oder zu uns passen?<\/span><\/strong><\/span><\/h5>\n<\/li>\n<li>\n<h5><span style=\"font-size: 12pt;\"><strong><span style=\"color: #000000;\">Ein R\u00fcde oder eine H\u00fcndin?<\/span><\/strong><\/span><\/h5>\n<\/li>\n<li>\n<h5><span style=\"font-size: 12pt;\"><strong><span style=\"color: #000000;\">Welpen machen mal was kaputt!<\/span><\/strong><\/span><\/h5>\n<\/li>\n<li>\n<h5><span style=\"font-size: 12pt;\"><strong><span style=\"color: #000000;\">Welche Hundeschule besuche ich oder wir?<\/span><\/strong><\/span><\/h5>\n<\/li>\n<\/ol>\n<p><span style=\"font-size: 12pt; color: #000000; font-family: 'book antiqua', palatino, serif;\"><strong>1.<\/strong> Gerade in den ersten Wochen braucht ein Welpe den zuk\u00fcnftigen Besitzer! Er muss sich erst mal an die neue Umgebung gew\u00f6hnen und als sein neues Zuhause anerkennen. Erst wenn der Besitzer sich sicher ist, dass der Hund sich wohl und sicher f\u00fchlt, kann es langsam losgehen mit dem alleine sein. <\/span><br \/>\n<span style=\"font-size: 12pt; color: #000000; font-family: 'book antiqua', palatino, serif;\"> Tipp: Es beginnt mit 5 Minuten und verl\u00e4ngert sich immer um 5 Minuten. Wie viele Wochen oder Tage das dauert, kann man nie genau sagen. Der eine Hund braucht etwas l\u00e4nger zum eingew\u00f6hnen und der andere ist schon ab der ersten Woche zu Hause.<\/span><\/p>\n<div style=\"text-align: left;\">\n<p><span style=\"font-size: 12pt; color: #000000; font-family: 'book antiqua', palatino, serif;\"><strong>2.\u00a0<\/strong> Nat\u00fcrlich sollte sich jeder genau \u00fcberlegen, welcher Hund zu ihm passen w\u00fcrde?\u00a0 Ein agiler Hund oder eher einen ruhigen Hund? Will ich Hundesport betreiben oder nur einen Gef\u00e4hrten haben?\u00a0 Will ich einen gro\u00dfen oder eher einen kleinen Hund?<\/span><\/p>\n<p><span style=\"font-family: 'book antiqua', palatino, serif; font-size: 12pt;\"><span style=\"color: #000000;\"> Der Austrlian Shepherd ist sehr gut f\u00fcr Hundesportarten geeignet. \u00dcberhaupt die Arbeitslinie. Diese Rasse ist auch von der Gr\u00f6\u00dfe ein sch\u00f6ner mittelgro\u00dfer Hund. Ein Aussie ist auch ein toller Familien Hund und Begleiter (Showlinie). Dieser Hund zeichnet sich durch seine Intelligenz, sein ruhiges Wesen und trotzdem durch seinen Willen zu arbeiten aus.<\/span><span style=\"color: #000000;\">(Show- und Arbeitslinie &#8211;&gt; mehr Info unter<\/span> <span style=\"color: #3366ff;\"><a style=\"color: #3366ff;\" href=\"http:\/\/www.blue-angeldust.at\/wp\/?page_id=666\">Zuchtziel<\/a><\/span>)<\/span><\/p>\n<p><span style=\"font-size: 12pt; font-family: 'book antiqua', palatino, serif;\"><span style=\"color: #000000;\"><strong>3.<\/strong> Egal ob R\u00fcde oder H\u00fcndin beide sind gleicherma\u00dfen lern freudig und ihrer Familie eng verbunden. Ein R\u00fcde ist allgemein etwas gr\u00f6\u00dfer und imposanter als eine H\u00fcndin. R\u00fcden beginnen meistens mit 1 bis 2 Jahre sich in einer Gruppe stark zu machen. Das ist aber ganz nat\u00fcrlich weil in der Natur \u00fcberlebt auch nur der St\u00e4rkere. Nicht jeder R\u00fcde will sich beweisen. Also sollte im Klaren sein mit Rangeleien muss man bei einem R\u00fcden schon rechnen. Beim den Spazierg\u00e4ngen hebt er h\u00e4ufig sein Bein, wo auch manche B\u00fcsche im Garten zu leiden haben. H\u00fcndinnen hinterlassen durch Urin Flecken auf der Wiese. Vom Charakter her ist jeder Aussie unterschiedlich und es kommt drauf an, wie das Verh\u00e4ltnis zwischen Besitzer und der Australian Shepherd ist. <\/span><\/span><\/p>\n<p><span style=\"color: #000000; font-size: 12pt; font-family: 'book antiqua', palatino, serif;\"><strong>4.<\/strong> Der zuk\u00fcnftige Hundebesitzer muss damit rechnen, wenn ein Welpe ins Haus kommt, kann schon mal was kaputt gehen. Also alles was wichtig und in seiner H\u00f6he ist, sollte wegger\u00e4umt werden. Und f\u00fcr den Neuank\u00f6mmling ein Platz, Spielzeug, Ess- und Trinkplatz eingerichtet werden. Wenn der Welpe trotzdem was erwischt, sollte er nur im richtigen Moment bestraft werden.<\/span><\/p>\n<p><span style=\"font-size: 12pt; color: #000000; font-family: 'book antiqua', palatino, serif;\"> Tipp: Der Hund wird immer nur dann bestraft, wenn sich der Hund dabei erwischen l\u00e4sst. Ist die Situation schon l\u00e4nger her, hat es keinen Sinn den Hund zu bestrafen. Daher sie es nicht verbinden k\u00f6nnen, weswegen sie jetzt bestraft wurde. <\/span><\/p>\n<p><span style=\"font-size: 12pt; color: #000000; font-family: 'book antiqua', palatino, serif;\"> Wenn der Welpe lernt alleine Zuhause zu bleiben kann schon mal ein Lackerl am Boden sein. Nicht \u00e4rgern und auf keinen Fall bestrafen.<\/span><\/p>\n<p><span style=\"font-size: 12pt; color: #000000; font-family: 'book antiqua', palatino, serif;\"> Tipp: Der Hund lernt es, in dem immer der erste Weg sofort nach dem Nachhause kommen nach drau\u00dfen ist. Egal wie lange man weg war. Das Lackerl wischt man am besten weg, wo der Hund nicht zuschauen kann. zb.: in den Garten oder kurz in ein Zimmer.<\/span><\/p>\n<p><span style=\"font-size: 12pt; color: #000000; font-family: 'book antiqua', palatino, serif;\"><strong>5.<\/strong> Bevor ein Welpe ins Haus kommt, sollten Sie sich schon eine Hundeschule angeschaut und ausgesucht haben. Das Sie nicht sp\u00e4ter drauf kommen die Hundeschule passt Ihnen nicht und Sie wechseln. Es ist kein Problem die Vereine zu wechseln, aber sowas kann man ausschlie\u00dfen, wenn man sich vorher schon ein wenig erkundigt. <\/span><br \/>\n<span style=\"font-size: 12pt; color: #000000; font-family: 'book antiqua', palatino, serif;\"> Tipp: Gerade bei dem ersten Hund sollte irgendwo ein Ansprechpartner sein. zb.: Z\u00fcchter, Hundebesitzer od. Vereine so kann man einige Probleme gleich ausschlie\u00dfen.<\/span><\/p>\n<h2 style=\"color: #38761d;\"><a name=\"TOC-Ern-hrung\"><\/a>Ern\u00e4hrung<\/h2>\n<p><span style=\"font-size: 12pt; color: #000000; font-family: 'book antiqua', palatino, serif;\">In den ersten Wochen sollte ein Aussie mind. drei mal am Tag gef\u00fcttert werden. Daher die Australian Shepherd ein bisschen einen empfindlichen Magen haben. Wann auf zwei Mahlzeiten umgestellt werden kann, sollte mit dem Tierarzt besprochen werden. Da es wieder von Hund zu Hund unterschiedlich ist. Aber f\u00fcr ihr ganzes Leben sollten sie immer zwei mal am Tag gef\u00fcttert werden.<\/span><\/p>\n<\/div>\n<h2 style=\"color: #38761d; text-align: left;\"><a name=\"TOC-Bewegung\"><\/a>Bewegung<\/h2>\n<div style=\"text-align: left;\">\n<p><span style=\"font-size: 12pt; color: #000000; font-family: 'book antiqua', palatino, serif;\">Wieviel Bewegung braucht ein Australian Shepherd???<\/span><\/p>\n<p><span style=\"font-size: 12pt; color: #000000; font-family: 'book antiqua', palatino, serif;\">Ein Australian Shepherd ist nur mit Bewegung\/Spazieren gehen schwer KO zu bringen. Daher der Aussie f\u00fcr seine Intelligenz und sein &#8222;will to please&#8220; beliebt ist, muss er unbedingt beides bekommen. K\u00f6pfchentraining und Bein-Training. Aber Zuhause kann jeder seinen Australian Shepherd mit K\u00f6pfchen Spiele und Laufspiele begeistern und vielleicht auch zum Schlafen bringen.<\/span><\/p>\n<\/div>\n","protected":false},"excerpt":{"rendered":"<p>Ein Hund soll ins Haus! Bevor es so weit ist sollte jeder zuerst ein paar Schritte durchdenken!!! Habe ich gen\u00fcgend Zeit f\u00fcr einen Hund? Welche Rasse w\u00fcrde zu mir oder zu uns passen? Ein R\u00fcde oder eine H\u00fcndin? Welpen machen mal was kaputt! Welche Hundeschule besuche ich oder wir? 1. \u2026 <a class=\"continue-reading-link\" href=\"https:\/\/www.blue-angeldust.at\/wp\/?page_id=644\"> Continue reading <span class=\"meta-nav\">&rarr; <\/span><\/a><\/p>\n","protected":false},"author":1,"featured_media":0,"parent":0,"menu_order":0,"comment_status":"closed","ping_status":"closed","template":"","meta":{"footnotes":""},"class_list":["post-644","page","type-page","status-publish","hentry"],"_links":{"self":[{"href":"https:\/\/www.blue-angeldust.at\/wp\/index.php?rest_route=\/wp\/v2\/pages\/644","targetHints":{"allow":["GET"]}}],"collection":[{"href":"https:\/\/www.blue-angeldust.at\/wp\/index.php?rest_route=\/wp\/v2\/pages"}],"about":[{"href":"https:\/\/www.blue-angeldust.at\/wp\/index.php?rest_route=\/wp\/v2\/types\/page"}],"author":[{"embeddable":true,"href":"https:\/\/www.blue-angeldust.at\/wp\/index.php?rest_route=\/wp\/v2\/users\/1"}],"replies":[{"embeddable":true,"href":"https:\/\/www.blue-angeldust.at\/wp\/index.php?rest_route=%2Fwp%2Fv2%2Fcomments&post=644"}],"version-history":[{"count":12,"href":"https:\/\/www.blue-angeldust.at\/wp\/index.php?rest_route=\/wp\/v2\/pages\/644\/revisions"}],"predecessor-version":[{"id":87102,"href":"https:\/\/www.blue-angeldust.at\/wp\/index.php?rest_route=\/wp\/v2\/pages\/644\/revisions\/87102"}],"wp:attachment":[{"href":"https:\/\/www.blue-angeldust.at\/wp\/index.php?rest_route=%2Fwp%2Fv2%2Fmedia&parent=644"}],"curies":[{"name":"wp","href":"https:\/\/api.w.org\/{rel}","templated":true}]}}