{"id":4600,"date":"2019-03-25T14:06:01","date_gmt":"2019-03-25T13:06:01","guid":{"rendered":"http:\/\/www.blue-angeldust.at\/wp\/?page_id=4600"},"modified":"2023-03-30T11:14:47","modified_gmt":"2023-03-30T09:14:47","slug":"forever-sunshine-of-blue-angeldust-sunny","status":"publish","type":"page","link":"https:\/\/www.blue-angeldust.at\/wp\/?page_id=4600","title":{"rendered":"Forever Sunshine of Blue Angeldust &#8211; Sunny"},"content":{"rendered":"<table style=\"width: 674px; height: 722px;\" border=\"0\" cellpadding=\"5\">\n<tbody>\n<tr style=\"height: 13px;\">\n<td style=\"width: 234px; height: 182px; text-align: center; vertical-align: middle;\" rowspan=\"19\"><img loading=\"lazy\" decoding=\"async\" class=\"alignnone size-medium wp-image-4523\" src=\"http:\/\/www.blue-angeldust.at\/wp\/wp-content\/uploads\/2019\/03\/neu-229x300.jpg\" alt=\"\" width=\"229\" height=\"300\" srcset=\"https:\/\/www.blue-angeldust.at\/wp\/wp-content\/uploads\/2019\/03\/neu-229x300.jpg 229w, https:\/\/www.blue-angeldust.at\/wp\/wp-content\/uploads\/2019\/03\/neu-768x1007.jpg 768w, https:\/\/www.blue-angeldust.at\/wp\/wp-content\/uploads\/2019\/03\/neu-781x1024.jpg 781w, https:\/\/www.blue-angeldust.at\/wp\/wp-content\/uploads\/2019\/03\/neu-114x150.jpg 114w\" sizes=\"auto, (max-width: 229px) 100vw, 229px\" \/>\n<p>\u00a0<\/p>\n<div><a href=\"http:\/\/www.blue-angeldust.at\/wp\/?p=7039\" target=\"_blank\" rel=\"noopener\">Sunny\u00b4s Pedigree<\/a><\/div>\n<div><a href=\"http:\/\/www.blue-angeldust.at\/wp\/?p=3517\" target=\"_blank\" rel=\"noopener noreferrer\">Sunny\u00b4s Fotogallerie<\/a><\/div>\n<div><a href=\"http:\/\/www.blue-angeldust.at\/wp\/?cat=24\" target=\"_blank\" rel=\"noopener noreferrer\">Sunny\u00b4s Agility Erfolge<\/a><\/div>\n<div>\u00a0<\/div>\n<div>Ausbildung UO:<\/div>\n<div>BH VT-\u00d6PO MHT-Pr\u00fcfung<\/div>\n<div>Ausbildung Agility:<\/div>\n<div>Intermediate &#8211; LK1<\/div>\n<\/td>\n<td style=\"width: 80px; height: 6px;\">Papiere:<\/td>\n<td style=\"width: 80px; height: 6px;\">\u00d6KV \/ FCI<\/td>\n<\/tr>\n<tr style=\"height: 9px;\">\n<td style=\"width: 80px; height: 6px;\">Geb.:<\/td>\n<td style=\"width: 80px; height: 6px;\">08.06.2017<\/td>\n<\/tr>\n<tr style=\"height: 13px;\">\n<td style=\"width: 80px; height: 6px;\">Gr\u00f6\u00dfe:<\/td>\n<td style=\"width: 80px; height: 6px;\">49 cm<\/td>\n<\/tr>\n<tr style=\"height: 13px;\">\n<td style=\"width: 80px; height: 6px;\">Gewicht:<\/td>\n<td style=\"width: 80px; height: 6px;\">16 Kilo<\/td>\n<\/tr>\n<tr style=\"height: 6px;\">\n<td style=\"width: 80px; height: 6px;\">Farbe:<\/td>\n<td style=\"width: 80px; height: 6px;\">Red Merle<\/td>\n<\/tr>\n<tr style=\"height: 8px;\">\n<td style=\"width: 80px; height: 6px;\">HD:<\/td>\n<td style=\"width: 80px; height: 6px;\">A<\/td>\n<\/tr>\n<tr style=\"height: 13px;\">\n<td style=\"width: 80px; height: 6px;\">ED:<\/td>\n<td style=\"width: 80px; height: 6px;\">frei<\/td>\n<\/tr>\n<tr style=\"height: 10px;\">\n<td style=\"width: 80px; height: 6px;\">OD,Patella:<\/td>\n<td style=\"width: 80px; height: 6px;\">frei<\/td>\n<\/tr>\n<tr style=\"height: 15px;\">\n<td style=\"width: 100px; height: 6px;\">Gebiss:<\/td>\n<td style=\"width: 300px; height: 6px;\">korrektes und vollst\u00e4ndiges Gebiss<\/td>\n<\/tr>\n<tr style=\"height: 8px;\">\n<td style=\"width: 30px; height: 13px;\">MDR:<\/td>\n<td style=\"width: 30px; height: 13px;\">+\/+ (frei)<\/td>\n<\/tr>\n<tr style=\"height: 12px;\">\n<td style=\"width: 30px; height: 13px;\">DM:<\/td>\n<td style=\"width: 30px; height: 13px;\">N\/N (frei)<\/td>\n<\/tr>\n<tr style=\"height: 16px;\">\n<td style=\"width: 30px; height: 13px;\">PRA:<\/td>\n<td style=\"width: 30px; height: 13px;\">N\/N (frei)<\/td>\n<\/tr>\n<tr style=\"height: 4px;\">\n<td style=\"width: 30px; height: 13px;\">CEA:<\/td>\n<td style=\"width: 30px; height: 13px;\">N\/N (frei)<\/td>\n<\/tr>\n<tr style=\"height: 14px;\">\n<td style=\"width: 30px; height: 13px;\">HSF4\/HC:<\/td>\n<td style=\"width: 30px; height: 13px;\">frei<\/td>\n<\/tr>\n<tr style=\"height: 14px;\">\n<td style=\"width: 30px; height: 13px;\">NCL:<\/td>\n<td style=\"width: 30px; height: 13px;\">frei<\/td>\n<\/tr>\n<tr style=\"height: 14px;\">\n<td style=\"width: 30px; height: 13px;\">MH:<\/td>\n<td style=\"width: 30px; height: 13px;\">frei<\/td>\n<\/tr>\n<tr style=\"height: 14px;\">\n<td style=\"width: 30px; height: 13px;\">Rute:<\/td>\n<td style=\"width: 30px; height: 13px;\">lang<\/td>\n<\/tr>\n<tr style=\"height: 12px;\">\n<td style=\"width: 30px; height: 13px;\">Besitzer:<\/td>\n<td style=\"width: 30px; height: 13px;\">Mayrhofer Tamara<\/td>\n<\/tr>\n<tr style=\"height: 12px;\">\n<td style=\"width: 30px; height: 13px;\">Co-Owener:<\/td>\n<td style=\"width: 30px; height: 13px;\">Bachmann Yvonne<\/td>\n<\/tr>\n<\/tbody>\n<\/table>\n\n\n<p><\/p>\n\n\n\n<p>Sunny ist ein energie geladenes KuschelMONSTER* und will es immer jeden Recht machen!!! Ob im Agility oder im Alltag ist sie \u00fcberaus eifrig und ist f\u00fcr jeden Spass zu haben &#x1f642; auch wenn sie manchmal dabei einen PausenCLOWN abreist &#x1f973; Manchmal ist sie etwas unsicher fremden gegen\u00fcber, sobald sie aber merkt *der mag mich* bist du ihr Freund!! und vorallem dann, wenn man mit ihr spielt. Sunny will am liebsten jeden Tag spielen,spielen, spielen.<br>Zum Ausgleich braucht auch Sunny ihre Kuscheleinheiten die sie mit vollstem K\u00f6rpereinsatz auch in Anspruch nimmt, wo sie einem in der ungem\u00fctlichsten Position den Platz auf der Couch weg nimmt &#x1f602;<\/p>\n","protected":false},"excerpt":{"rendered":"<p>\u00a0 Sunny\u00b4s Pedigree Sunny\u00b4s Fotogallerie Sunny\u00b4s Agility Erfolge \u00a0 Ausbildung UO: BH VT-\u00d6PO MHT-Pr\u00fcfung Ausbildung Agility: Intermediate &#8211; LK1 Papiere: \u00d6KV \/ FCI Geb.: 08.06.2017 Gr\u00f6\u00dfe: 49 cm Gewicht: 16 Kilo Farbe: Red Merle HD: A ED: frei OD,Patella: frei Gebiss: korrektes und vollst\u00e4ndiges Gebiss MDR: +\/+ (frei) DM: N\/N \u2026 <a class=\"continue-reading-link\" href=\"https:\/\/www.blue-angeldust.at\/wp\/?page_id=4600\"> Continue reading <span class=\"meta-nav\">&rarr; <\/span><\/a><\/p>\n","protected":false},"author":1,"featured_media":0,"parent":0,"menu_order":0,"comment_status":"closed","ping_status":"closed","template":"","meta":{"footnotes":""},"class_list":["post-4600","page","type-page","status-publish","hentry"],"_links":{"self":[{"href":"https:\/\/www.blue-angeldust.at\/wp\/index.php?rest_route=\/wp\/v2\/pages\/4600","targetHints":{"allow":["GET"]}}],"collection":[{"href":"https:\/\/www.blue-angeldust.at\/wp\/index.php?rest_route=\/wp\/v2\/pages"}],"about":[{"href":"https:\/\/www.blue-angeldust.at\/wp\/index.php?rest_route=\/wp\/v2\/types\/page"}],"author":[{"embeddable":true,"href":"https:\/\/www.blue-angeldust.at\/wp\/index.php?rest_route=\/wp\/v2\/users\/1"}],"replies":[{"embeddable":true,"href":"https:\/\/www.blue-angeldust.at\/wp\/index.php?rest_route=%2Fwp%2Fv2%2Fcomments&post=4600"}],"version-history":[{"count":28,"href":"https:\/\/www.blue-angeldust.at\/wp\/index.php?rest_route=\/wp\/v2\/pages\/4600\/revisions"}],"predecessor-version":[{"id":86896,"href":"https:\/\/www.blue-angeldust.at\/wp\/index.php?rest_route=\/wp\/v2\/pages\/4600\/revisions\/86896"}],"wp:attachment":[{"href":"https:\/\/www.blue-angeldust.at\/wp\/index.php?rest_route=%2Fwp%2Fv2%2Fmedia&parent=4600"}],"curies":[{"name":"wp","href":"https:\/\/api.w.org\/{rel}","templated":true}]}}