{"id":112,"date":"2006-10-11T05:19:43","date_gmt":"2006-10-11T03:19:43","guid":{"rendered":"http:\/\/www.blue-angeldust.at\/wp\/?p=112"},"modified":"2017-01-25T18:42:15","modified_gmt":"2017-01-25T17:42:15","slug":"ausstellungs-erfolge","status":"publish","type":"page","link":"https:\/\/www.blue-angeldust.at\/wp\/?page_id=112","title":{"rendered":"Ausstellungs Erfolge Angel"},"content":{"rendered":"<p><span style=\"color: #000000; font-size: 12pt; font-family: georgia, palatino, serif;\"><strong>\u00a0IHA Wels 6 Dezember 2008<\/strong><\/span><\/p>\n<div><span style=\"font-size: 10pt;\"><img loading=\"lazy\" decoding=\"async\" class=\"size-full wp-image-109 alignleft\" src=\"http:\/\/www.blue-angeldust.at\/wp\/wp-content\/uploads\/2006\/10\/angel%202009%20hundeausstellung%202009%202.jpg\" width=\"283\" height=\"232\" \/><span style=\"font-family: georgia, palatino, serif; font-size: 12pt; color: #000000;\">In Wels\u00a0wurde Angel\u00a0bei den H\u00fcndinnen\u00a0mit dem\u00a0Titel &#8222;Best Puppy&#8220; ausgezeichnet. <\/span><\/span><\/div>\n<div><span style=\"font-size: 12pt; font-family: georgia, palatino, serif; color: #000000;\">(Gegen den Best Puppy bei den R\u00fcden haben wir leider verloren.)<\/span><\/div>\n<p><span style=\"font-size: 12pt; color: #808080;\"><strong>Beurteilung (8Monate): VV<\/strong><\/span><\/p>\n<p><span style=\"font-size: 12pt; color: #000000; font-family: georgia, palatino, serif;\">Guter K\u00f6rper, ein wenig zu leicht, korrekter Kopf, korrektes Gebiss, gute Augen und Ohren, kr\u00e4ftige Beine, sch\u00f6nes Fell und excellente Zeichnung.<\/span><\/p>\n<p><span style=\"font-size: 10pt; color: #800000;\"><span style=\"color: #000000;\">\u00a0<\/span><\/span><\/p>\n<p style=\"text-align: center;\"><span style=\"color: #000000;\"><strong><span style=\"font-size: 12pt;\"><span style=\"color: #000000;\">Bundessiegershow Aspach (VDH)<\/span><\/span><\/strong><\/span><\/p>\n<p><span style=\"font-size: 12pt; font-family: georgia, palatino, serif; color: #000000;\">In Aspach\u00a0wurde Angel mit dem Titel &#8222;\u00d6sterreichischer\u00a0Jugendbundessieger&#8220; ausgezeichnet<\/span><\/p>\n<p><img loading=\"lazy\" decoding=\"async\" class=\" alignright size-full wp-image-110\" style=\"float: right;\" src=\"http:\/\/www.blue-angeldust.at\/wp\/wp-content\/uploads\/2006\/10\/austellung%20aspach%20webseit.jpg\" width=\"252\" height=\"263\" \/><\/p>\n<p><strong><img loading=\"lazy\" decoding=\"async\" class=\" alignleft size-full wp-image-111\" style=\"float: left;\" src=\"http:\/\/www.blue-angeldust.at\/wp\/wp-content\/uploads\/2006\/10\/austellung%20aspach%203.jpg\" width=\"271\" height=\"212\" \/><\/strong><\/p>\n<p><b style=\"color: #741b47; font-family: georgia,serif;\">\u00a0<\/b><span style=\"font-size: 12pt; color: #000000; font-family: georgia, palatino, serif;\"><strong>Beurteilung (1Jahr): Sehr gut<\/strong><\/span><br style=\"font-family: arial,sans-serif;\" \/><span style=\"font-size: 12pt; font-family: georgia, palatino, serif; color: #000000;\">Eine sehr weibliche H\u00fcndin mit entsprechenden Kopf und K\u00f6rperbau, sehr gute Befederung, Scherengebi\u00df, Rute korrekt entsprechend wird getragen, alters entsprechend leicht eng in der Bewegung.<\/span><\/p>\n","protected":false},"excerpt":{"rendered":"<p>\u00a0IHA Wels 6 Dezember 2008 In Wels\u00a0wurde Angel\u00a0bei den H\u00fcndinnen\u00a0mit dem\u00a0Titel &#8222;Best Puppy&#8220; ausgezeichnet. (Gegen den Best Puppy bei den R\u00fcden haben wir leider verloren.) Beurteilung (8Monate): VV Guter K\u00f6rper, ein wenig zu leicht, korrekter Kopf, korrektes Gebiss, gute Augen und Ohren, kr\u00e4ftige Beine, sch\u00f6nes Fell und excellente Zeichnung. \u00a0 \u2026 <a class=\"continue-reading-link\" href=\"https:\/\/www.blue-angeldust.at\/wp\/?page_id=112\"> Continue reading <span class=\"meta-nav\">&rarr; <\/span><\/a><\/p>\n","protected":false},"author":1,"featured_media":109,"parent":0,"menu_order":8,"comment_status":"closed","ping_status":"closed","template":"","meta":{"footnotes":""},"class_list":["post-112","page","type-page","status-publish","has-post-thumbnail","hentry"],"_links":{"self":[{"href":"https:\/\/www.blue-angeldust.at\/wp\/index.php?rest_route=\/wp\/v2\/pages\/112","targetHints":{"allow":["GET"]}}],"collection":[{"href":"https:\/\/www.blue-angeldust.at\/wp\/index.php?rest_route=\/wp\/v2\/pages"}],"about":[{"href":"https:\/\/www.blue-angeldust.at\/wp\/index.php?rest_route=\/wp\/v2\/types\/page"}],"author":[{"embeddable":true,"href":"https:\/\/www.blue-angeldust.at\/wp\/index.php?rest_route=\/wp\/v2\/users\/1"}],"replies":[{"embeddable":true,"href":"https:\/\/www.blue-angeldust.at\/wp\/index.php?rest_route=%2Fwp%2Fv2%2Fcomments&post=112"}],"version-history":[{"count":2,"href":"https:\/\/www.blue-angeldust.at\/wp\/index.php?rest_route=\/wp\/v2\/pages\/112\/revisions"}],"predecessor-version":[{"id":2333,"href":"https:\/\/www.blue-angeldust.at\/wp\/index.php?rest_route=\/wp\/v2\/pages\/112\/revisions\/2333"}],"wp:featuredmedia":[{"embeddable":true,"href":"https:\/\/www.blue-angeldust.at\/wp\/index.php?rest_route=\/wp\/v2\/media\/109"}],"wp:attachment":[{"href":"https:\/\/www.blue-angeldust.at\/wp\/index.php?rest_route=%2Fwp%2Fv2%2Fmedia&parent=112"}],"curies":[{"name":"wp","href":"https:\/\/api.w.org\/{rel}","templated":true}]}}